{"id":779268,"date":"2025-12-30T11:30:44","date_gmt":"2025-12-30T08:30:44","guid":{"rendered":"https:\/\/roveyayinevi.com.tr\/index.php\/urun\/erken-cocuklukta-davranisi-anlama-ve-yonlendirme\/"},"modified":"2026-04-15T03:30:24","modified_gmt":"2026-04-15T00:30:24","slug":"erken-cocuklukta-davranisi-anlama-ve-yonlendirme","status":"publish","type":"product","link":"https:\/\/roveyayinevi.com.tr\/index.php\/urun\/erken-cocuklukta-davranisi-anlama-ve-yonlendirme\/","title":{"rendered":"Erken \u00c7ocuklukta Davran\u0131\u015f\u0131 Anlama ve Y\u00f6nlendirme"},"content":{"rendered":"<p>Erken \u00e7ocukluk d\u00f6neminin kritik \u00f6nemini vurgulayarak \u00e7ocuklar\u0131n sosyal ili\u015fkiler ve akademik beceriler i\u00e7in gerekli davran\u0131\u015flar\u0131n temellerini nas\u0131l att\u0131\u011f\u0131n\u0131 ele alan bu eser, \u00e7ocuklarda davran\u0131\u015f geli\u015fiminin \u00f6r\u00fcnt\u00fclerini bireysel ve \u00e7evresel de\u011fi\u015fkenler ba\u011flam\u0131nda ekolojik ve dinamik sistemler kuramlar\u0131 \u0131\u015f\u0131\u011f\u0131nda inceliyor. Ayr\u0131ca, \u00e7ocuklar\u0131n ve \u00e7evrelerinin kar\u015f\u0131l\u0131kl\u0131 etkile\u015fimlerinin \u00f6nemini vurgularken, davran\u0131\u015f\u0131n alt\u0131nda yatan nedenleri de derinlemesine mercek alt\u0131na al\u0131yor. Erken \u00e7ocukluk d\u00f6neminde bireysel \u00f6zelliklerin ve \u00e7evresel etkilerin davran\u0131\u015f geli\u015fimine nas\u0131l katk\u0131da bulundu\u011funun detayland\u0131r\u0131lmas\u0131n\u0131n yan\u0131 s\u0131ra okul \u00f6ncesi e\u011fitim s\u0131n\u0131flar\u0131nda davran\u0131\u015f\u0131 etkileyen fakt\u00f6rler ayr\u0131nt\u0131l\u0131 olarak inceleniyor ve bu fakt\u00f6rlerle ba\u015fa \u00e7\u0131kma konusunda rehberlik sunuluyor. Eserin \u00f6zg\u00fcnl\u00fc\u011f\u00fc, son b\u00f6l\u00fcmde erken \u00e7ocukluk e\u011fitiminde s\u0131k\u00e7a kar\u015f\u0131la\u015f\u0131lan zorlay\u0131c\u0131 davran\u0131\u015flar\u0131n olas\u0131 nedenlerini ve bu zorlay\u0131c\u0131 davran\u0131\u015flara y\u00f6nelik \u00e7\u00f6z\u00fcm \u00f6nerilerini i\u00e7ermesinden kaynaklanmaktad\u0131r. Okul \u00f6ncesi \u00f6\u011fretmenleri, \u00f6\u011fretmen adaylar\u0131, \u00e7ocuklarla birlikte olan yeti\u015fkinler ve ara\u015ft\u0131rmac\u0131lar i\u00e7in de\u011ferli bir kaynak olan bu kitap, alanlar\u0131nda uzman yazarlar taraf\u0131ndan kaleme al\u0131nm\u0131\u015ft\u0131r. Teorik bilgileri uygulama \u00f6rnekleriyle birle\u015ftiren bu dinamik ekip, okuyuculara kapsaml\u0131 ve pratik bir rehber sunuyor.<\/p>\n","protected":false},"excerpt":{"rendered":"<p>Erken \u00e7ocukluk d\u00f6neminin kritik \u00f6nemini vurgulayarak \u00e7ocuklar\u0131n sosyal ili\u015fkiler ve akademik beceriler i\u00e7in gerekli davran\u0131\u015flar\u0131n temellerini nas\u0131l att\u0131\u011f\u0131n\u0131 ele alan bu eser, \u00e7ocuklarda davran\u0131\u015f geli\u015fiminin \u00f6r\u00fcnt\u00fclerini<span class=\"excerpt-hellip\"> [\u2026]<\/span><\/p>\n","protected":false},"featured_media":0,"template":"","meta":{"_monsterinsights_skip_tracking":false,"_monsterinsights_sitenote_active":false,"_monsterinsights_sitenote_note":"","_monsterinsights_sitenote_category":0},"product_brand":[],"product_cat":[12573,12566],"product_tag":[],"class_list":{"0":"post-779268","1":"product","2":"type-product","3":"status-publish","5":"product_cat-akademik-kitaplar","6":"product_cat-egitim","7":"pa_cilt-ciltsiz","8":"pa_tur-kitap","9":"pa_yayinevi-nobel-akademik-yayincilik","10":"pa_yazar-kolektif","12":"first","13":"instock","14":"sale","15":"shipping-taxable","16":"purchasable","17":"product-type-simple"},"_links":{"self":[{"href":"https:\/\/roveyayinevi.com.tr\/index.php\/wp-json\/wp\/v2\/product\/779268","targetHints":{"allow":["GET"]}}],"collection":[{"href":"https:\/\/roveyayinevi.com.tr\/index.php\/wp-json\/wp\/v2\/product"}],"about":[{"href":"https:\/\/roveyayinevi.com.tr\/index.php\/wp-json\/wp\/v2\/types\/product"}],"wp:attachment":[{"href":"https:\/\/roveyayinevi.com.tr\/index.php\/wp-json\/wp\/v2\/media?parent=779268"}],"wp:term":[{"taxonomy":"product_brand","embeddable":true,"href":"https:\/\/roveyayinevi.com.tr\/index.php\/wp-json\/wp\/v2\/product_brand?post=779268"},{"taxonomy":"product_cat","embeddable":true,"href":"https:\/\/roveyayinevi.com.tr\/index.php\/wp-json\/wp\/v2\/product_cat?post=779268"},{"taxonomy":"product_tag","embeddable":true,"href":"https:\/\/roveyayinevi.com.tr\/index.php\/wp-json\/wp\/v2\/product_tag?post=779268"}],"curies":[{"name":"wp","href":"https:\/\/api.w.org\/{rel}","templated":true}]}}