{"id":779265,"date":"2025-12-30T11:29:54","date_gmt":"2025-12-30T08:29:54","guid":{"rendered":"https:\/\/roveyayinevi.com.tr\/index.php\/urun\/gecenin-gizemli-oyunu-3-dusler-ulkesi\/"},"modified":"2026-04-15T03:30:17","modified_gmt":"2026-04-15T00:30:17","slug":"gecenin-gizemli-oyunu-3-dusler-ulkesi","status":"publish","type":"product","link":"https:\/\/roveyayinevi.com.tr\/index.php\/urun\/gecenin-gizemli-oyunu-3-dusler-ulkesi\/","title":{"rendered":"Gecenin Gizemli Oyunu 3: D\u00fc\u015fler \u00dclkesi"},"content":{"rendered":"<p>Birbirini tan\u0131mayan ki\u015filerin ellerine gizemli bir kitap ge\u00e7er. Kitab\u0131 okuyup uyuduklar\u0131nda r\u00fcyalar\u0131n \u00f6tesine, Paradokya\u2019ya ge\u00e7erler. Burada onlara birbirinden farkl\u0131 yollar, tuzaklar ve \u015fifreler verilir. Bir oyun ba\u015flar. Bu oyunu ba\u015far\u0131yla bitirirlerse alabilecekleri en b\u00fcy\u00fck hediye uyanabilmek olur. Paradokslarla \u00e7evrilmi\u015f r\u00fcyalar alemi anlam\u0131na gelen PARADOKYA sonsuz bir macera, \u00e7ok e\u011flenceli bir bulmaca.   Gecenin Gizemli Oyunu serisiyle gizemlerin, \u015fifrelerin ve r\u00fcyalar\u0131n i\u00e7inde kaybolurken zorluklarla, zorbal\u0131klarla ve kendi korkular\u0131nla m\u00fccadele etmenin, umudunu yitirmemenin g\u00fcc\u00fcn\u00fc ke\u015ffedeceksin. Paradokslar sayesinde kitaplar\u0131 elinden b\u0131rakamayacak, ba\u015far\u0131n\u0131n bir sonu\u00e7 de\u011fil bir yolculuk oldu\u011funu g\u00f6recek ve hik\u00e2yenin sonuna geldi\u011finde g\u00fc\u00e7lendi\u011fini fark edeceksin.   Ge\u00e7mi\u015fin izlerini saklayan bilin\u00e7alt\u0131nla y\u00fczle\u015fmeye haz\u0131r m\u0131s\u0131n?   Paradokslarla \u00e7evrili r\u00fcyalar \u00e2lemine ho\u015f geldin.   Gecenin Gizemli Oyunu senin i\u00e7in ba\u015fl\u0131yor! Gecenin Gizemli Oyunu senin i\u00e7in ba\u015fl\u0131yor! <\/p>\n","protected":false},"excerpt":{"rendered":"<p>Birbirini tan\u0131mayan ki\u015filerin ellerine gizemli bir kitap ge\u00e7er. Kitab\u0131 okuyup uyuduklar\u0131nda r\u00fcyalar\u0131n \u00f6tesine, Paradokya\u2019ya ge\u00e7erler. Burada onlara birbirinden farkl\u0131 yollar, tuzaklar ve \u015fifreler verilir. Bir oyun<span class=\"excerpt-hellip\"> [\u2026]<\/span><\/p>\n","protected":false},"featured_media":0,"template":"","meta":{"_monsterinsights_skip_tracking":false,"_monsterinsights_sitenote_active":false,"_monsterinsights_sitenote_note":"","_monsterinsights_sitenote_category":0},"product_brand":[],"product_cat":[12291,14777],"product_tag":[],"class_list":{"0":"post-779265","1":"product","2":"type-product","3":"status-publish","5":"product_cat-edebiyat","6":"product_cat-fantastik","7":"pa_cilt-ciltsiz","8":"pa_tur-kitap","9":"pa_yayinevi-dex-yayinevi","10":"pa_yazar-fatih-cem-gulbent","12":"first","13":"instock","14":"sale","15":"shipping-taxable","16":"purchasable","17":"product-type-simple"},"_links":{"self":[{"href":"https:\/\/roveyayinevi.com.tr\/index.php\/wp-json\/wp\/v2\/product\/779265","targetHints":{"allow":["GET"]}}],"collection":[{"href":"https:\/\/roveyayinevi.com.tr\/index.php\/wp-json\/wp\/v2\/product"}],"about":[{"href":"https:\/\/roveyayinevi.com.tr\/index.php\/wp-json\/wp\/v2\/types\/product"}],"wp:attachment":[{"href":"https:\/\/roveyayinevi.com.tr\/index.php\/wp-json\/wp\/v2\/media?parent=779265"}],"wp:term":[{"taxonomy":"product_brand","embeddable":true,"href":"https:\/\/roveyayinevi.com.tr\/index.php\/wp-json\/wp\/v2\/product_brand?post=779265"},{"taxonomy":"product_cat","embeddable":true,"href":"https:\/\/roveyayinevi.com.tr\/index.php\/wp-json\/wp\/v2\/product_cat?post=779265"},{"taxonomy":"product_tag","embeddable":true,"href":"https:\/\/roveyayinevi.com.tr\/index.php\/wp-json\/wp\/v2\/product_tag?post=779265"}],"curies":[{"name":"wp","href":"https:\/\/api.w.org\/{rel}","templated":true}]}}