{"id":779262,"date":"2025-12-30T11:29:44","date_gmt":"2025-12-30T08:29:44","guid":{"rendered":"https:\/\/roveyayinevi.com.tr\/index.php\/urun\/okul-egitiminin-iflasi\/"},"modified":"2026-04-15T03:30:14","modified_gmt":"2026-04-15T00:30:14","slug":"okul-egitiminin-iflasi","status":"publish","type":"product","link":"https:\/\/roveyayinevi.com.tr\/index.php\/urun\/okul-egitiminin-iflasi\/","title":{"rendered":"Okul E\u011fitiminin \u0130flas\u0131"},"content":{"rendered":"<p>D\u00fcnyan\u0131n d\u00f6rt bir yan\u0131nda a\u00e7l\u0131k, sava\u015f, s\u00f6m\u00fcr\u00fc, i\u015fkence, \u0131rk\u00e7\u0131l\u0131k, ayr\u0131mc\u0131l\u0131k, taciz, cinsiyet\u00e7ilik, zul\u00fcm ve soyk\u0131r\u0131m olanca h\u0131z\u0131yla devam ederken okullar\u0131n akademik ba\u015far\u0131y\u0131 \u00f6ncelemeleri, deneme s\u0131navlar\u0131 yapmalar\u0131 ve kendilerini test \u00e7\u00f6zmeye adamalar\u0131, kafas\u0131n\u0131 kuma g\u00f6mm\u00fc\u015f deve ku\u015funa \u00f6zenme \u00e7abas\u0131ndan ba\u015fka bir \u015fey de\u011fildir. E\u011fitim sistemleri ve okullar, siyasal sistemlerin taleplerini ve beklentilerini kutsalla\u015ft\u0131rma \u00e7abas\u0131ndan ve resmi ideolojilerin ilke ve hedeflerini \u00e7ocuklara ko\u015fulsuz bir \u015fekilde aktarma kayg\u0131s\u0131ndan ar\u0131nmad\u0131klar\u0131 s\u00fcrece bu i\u015f olmayacakt\u0131r. Bireylerin kurumlara, bireysel isteklerin ve gereksinimlerin kurumsal taleplere ve beklentilere ac\u0131mas\u0131zca feda edilmesine devam edildik\u00e7e e\u011fitimde iyi bir sonu\u00e7 al\u0131namayacakt\u0131r. \u00c7ocuklar\u0131n \u015f\u0131mar\u0131k, k\u00f6t\u00fc, tembel, haylaz ve s\u00fcrekli kontrol alt\u0131nda tutulmalar\u0131 gereken varl\u0131klar olduklar\u0131 alg\u0131s\u0131 terk edilmedik\u00e7e okullarda bar\u0131\u015f ve huzur sa\u011flanamayacakt\u0131r. Sizleri okul e\u011fitiminin perde arkas\u0131na ele\u015ftirel bir yolculu\u011fa \u00e7\u0131karacak olan bu kitap; birer ideolojik ayg\u0131ta d\u00f6n\u00fc\u015fm\u00fc\u015f e\u011fitim sistemlerini ve okullar\u0131 sorgulayarak bunlar\u0131n \u00e7ocuklar\u0131n talep ve gereksinimlerine kar\u015f\u0131 olu\u015fturduklar\u0131 g\u00fc\u00e7l\u00fc savunma kalkanlar\u0131nda delikler a\u00e7maya \u00e7al\u0131\u015fmakta, hayalimizdeki e\u011fitim sistemlerine ve okullara ili\u015fkin ipu\u00e7lar\u0131 vermektedir.<\/p>\n","protected":false},"excerpt":{"rendered":"<p>D\u00fcnyan\u0131n d\u00f6rt bir yan\u0131nda a\u00e7l\u0131k, sava\u015f, s\u00f6m\u00fcr\u00fc, i\u015fkence, \u0131rk\u00e7\u0131l\u0131k, ayr\u0131mc\u0131l\u0131k, taciz, cinsiyet\u00e7ilik, zul\u00fcm ve soyk\u0131r\u0131m olanca h\u0131z\u0131yla devam ederken okullar\u0131n akademik ba\u015far\u0131y\u0131 \u00f6ncelemeleri, deneme s\u0131navlar\u0131 yapmalar\u0131<span class=\"excerpt-hellip\"> [\u2026]<\/span><\/p>\n","protected":false},"featured_media":0,"template":"","meta":{"_monsterinsights_skip_tracking":false,"_monsterinsights_sitenote_active":false,"_monsterinsights_sitenote_note":"","_monsterinsights_sitenote_category":0},"product_brand":[],"product_cat":[12573,12566],"product_tag":[],"class_list":{"0":"post-779262","1":"product","2":"type-product","3":"status-publish","5":"product_cat-akademik-kitaplar","6":"product_cat-egitim","7":"pa_cilt-ciltsiz","8":"pa_tur-kitap","9":"pa_yayinevi-nobel-bilimsel-eserler","10":"pa_yazar-halil-tas","12":"first","13":"instock","14":"sale","15":"shipping-taxable","16":"purchasable","17":"product-type-simple"},"_links":{"self":[{"href":"https:\/\/roveyayinevi.com.tr\/index.php\/wp-json\/wp\/v2\/product\/779262","targetHints":{"allow":["GET"]}}],"collection":[{"href":"https:\/\/roveyayinevi.com.tr\/index.php\/wp-json\/wp\/v2\/product"}],"about":[{"href":"https:\/\/roveyayinevi.com.tr\/index.php\/wp-json\/wp\/v2\/types\/product"}],"wp:attachment":[{"href":"https:\/\/roveyayinevi.com.tr\/index.php\/wp-json\/wp\/v2\/media?parent=779262"}],"wp:term":[{"taxonomy":"product_brand","embeddable":true,"href":"https:\/\/roveyayinevi.com.tr\/index.php\/wp-json\/wp\/v2\/product_brand?post=779262"},{"taxonomy":"product_cat","embeddable":true,"href":"https:\/\/roveyayinevi.com.tr\/index.php\/wp-json\/wp\/v2\/product_cat?post=779262"},{"taxonomy":"product_tag","embeddable":true,"href":"https:\/\/roveyayinevi.com.tr\/index.php\/wp-json\/wp\/v2\/product_tag?post=779262"}],"curies":[{"name":"wp","href":"https:\/\/api.w.org\/{rel}","templated":true}]}}