{"id":779261,"date":"2025-12-30T11:28:45","date_gmt":"2025-12-30T08:28:45","guid":{"rendered":"https:\/\/roveyayinevi.com.tr\/index.php\/urun\/rodolphe-kreutzer-etutleri\/"},"modified":"2026-04-15T03:29:39","modified_gmt":"2026-04-15T00:29:39","slug":"rodolphe-kreutzer-etutleri","status":"publish","type":"product","link":"https:\/\/roveyayinevi.com.tr\/index.php\/urun\/rodolphe-kreutzer-etutleri\/","title":{"rendered":"Rodolphe Kreutzer Et\u00fctleri"},"content":{"rendered":"<p>Rodolphe Kreutzer\u2019in \u201c42 Et\u00fcd\u00fc\u201d keman e\u011fitimi ve tekni\u011fi a\u00e7\u0131s\u0131ndan tart\u0131\u015fmas\u0131z bir \u015fekilde b\u00fcy\u00fck bir \u00f6neme sahiptir. Bu et\u00fctler, keman \u00e7alman\u0131n teknik ve m\u00fczikal y\u00f6nlerini geni\u015f bir kapsamda ele alarak, her seviyedeki keman \u00f6\u011frencisi i\u00e7in vazge\u00e7ilmez bir kaynak olu\u015fturur. Kreutzer\u2019in et\u00fctleri, keman tekni\u011finin neredeyse her y\u00f6n\u00fcn\u00fc kapsar. Pozisyon de\u011fi\u015fiklikleri, yay teknikleri, \u00e7ift sesler, arpejler ve staccato gibi \u00e7e\u015fitli teknik problemleri ele al\u0131r. Bu et\u00fctler, \u00f6\u011frencilerin ellerini ve parmaklar\u0131n\u0131 daha etkili kullanmalar\u0131n\u0131 sa\u011flar, b\u00f6ylece teknik becerilerini \u00fcst seviyelere ta\u015f\u0131yarak performanslar\u0131n\u0131 iyile\u015ftirir. Kreutzer\u2019in et\u00fctleri sadece teknik becerileri geli\u015ftirmekle kalmaz, ayn\u0131 zamanda m\u00fczikal ifadeyi de derinle\u015ftirir. Her et\u00fct, sesin g\u00fczelli\u011fi, ton kontrol\u00fc, dinamikler, n\u00fcanslar ve ritmik do\u011fruluk gibi m\u00fczikal ifadeyi zenginle\u015ftiren unsurlar\u0131 i\u00e7ermektedir. Bu, \u00f6\u011frencilerin sadece teknik a\u00e7\u0131dan de\u011fil, ayn\u0131 zamanda m\u00fczikal a\u00e7\u0131dan da olgunla\u015fmalar\u0131n\u0131 sa\u011flar. Kreutzer\u2019in et\u00fctleri, onun ola\u011fan\u00fcst\u00fc \u00f6\u011fretme yetene\u011finin bir kan\u0131t\u0131d\u0131r. Bu et\u00fctler, d\u00fcnya genelindeki keman okullar\u0131nda standart bir e\u011fitim materyali olarak kabul g\u00f6rm\u00fc\u015ft\u00fcr. \u00d6\u011frencilerin teknik ve m\u00fczikal geli\u015fimlerinde b\u00fcy\u00fck rol oynar ve \u00f6\u011fretmenler taraf\u0131ndan s\u0131k\u00e7a ba\u015fvurulan bir kaynak olmu\u015ftur. Kreut- zer\u2019in metodolojik yakla\u015f\u0131m\u0131, \u00f6\u011frencilerin zorluklar\u0131 a\u015fmalar\u0131n\u0131 ve kendi m\u00fczikal ifadelerini bulmalar\u0131n\u0131 kolayla\u015ft\u0131r\u0131r. Kreutzer, \u201c42 Et\u00fcd\u00fc\u201d ile ad\u0131n\u0131 m\u00fczik literat\u00fcr\u00fcnde \u00f6l\u00fcms\u00fczle\u015ftirmi\u015ftir. Bu et\u00fctler, nesiller boyu keman \u00f6\u011frencileri taraf\u0131ndan \u00e7al\u0131\u015f\u0131lm\u0131\u015f ve \u00e7al\u0131\u015f\u0131lmaya devam edecektir. Keman e\u011fitiminin evrensel bir par\u00e7as\u0131 haline gelmi\u015f olan bu et\u00fctler, her ya\u015ftan ve seviyeden \u00f6\u011frenciye hitap eder. Kreutzer\u2019in et\u00fctleri, keman e\u011fitiminde bir d\u00f6n\u00fcm noktas\u0131 olarak kabul edilir ve keman pedagojisinde \u00f6nemli bir yere sahiptir. <\/p>\n","protected":false},"excerpt":{"rendered":"<p>Rodolphe Kreutzer\u2019in \u201c42 Et\u00fcd\u00fc\u201d keman e\u011fitimi ve tekni\u011fi a\u00e7\u0131s\u0131ndan tart\u0131\u015fmas\u0131z bir \u015fekilde b\u00fcy\u00fck bir \u00f6neme sahiptir. Bu et\u00fctler, keman \u00e7alman\u0131n teknik ve m\u00fczikal y\u00f6nlerini geni\u015f bir<span class=\"excerpt-hellip\"> [\u2026]<\/span><\/p>\n","protected":false},"featured_media":0,"template":"","meta":{"_monsterinsights_skip_tracking":false,"_monsterinsights_sitenote_active":false,"_monsterinsights_sitenote_note":"","_monsterinsights_sitenote_category":0},"product_brand":[],"product_cat":[14556],"product_tag":[],"class_list":{"0":"post-779261","1":"product","2":"type-product","3":"status-publish","5":"product_cat-muzik","6":"pa_cilt-ciltsiz","7":"pa_tur-kitap","8":"pa_yayinevi-kultur-ajans-yayinlari","9":"pa_yazar-arif-mohsunoglu","11":"first","12":"instock","13":"sale","14":"shipping-taxable","15":"purchasable","16":"product-type-simple"},"_links":{"self":[{"href":"https:\/\/roveyayinevi.com.tr\/index.php\/wp-json\/wp\/v2\/product\/779261","targetHints":{"allow":["GET"]}}],"collection":[{"href":"https:\/\/roveyayinevi.com.tr\/index.php\/wp-json\/wp\/v2\/product"}],"about":[{"href":"https:\/\/roveyayinevi.com.tr\/index.php\/wp-json\/wp\/v2\/types\/product"}],"wp:attachment":[{"href":"https:\/\/roveyayinevi.com.tr\/index.php\/wp-json\/wp\/v2\/media?parent=779261"}],"wp:term":[{"taxonomy":"product_brand","embeddable":true,"href":"https:\/\/roveyayinevi.com.tr\/index.php\/wp-json\/wp\/v2\/product_brand?post=779261"},{"taxonomy":"product_cat","embeddable":true,"href":"https:\/\/roveyayinevi.com.tr\/index.php\/wp-json\/wp\/v2\/product_cat?post=779261"},{"taxonomy":"product_tag","embeddable":true,"href":"https:\/\/roveyayinevi.com.tr\/index.php\/wp-json\/wp\/v2\/product_tag?post=779261"}],"curies":[{"name":"wp","href":"https:\/\/api.w.org\/{rel}","templated":true}]}}