{"id":779260,"date":"2025-12-30T11:28:42","date_gmt":"2025-12-30T08:28:42","guid":{"rendered":"https:\/\/roveyayinevi.com.tr\/index.php\/urun\/beynin-tarihi\/"},"modified":"2026-04-15T03:28:47","modified_gmt":"2026-04-15T00:28:47","slug":"beynin-tarihi","status":"publish","type":"product","link":"https:\/\/roveyayinevi.com.tr\/index.php\/urun\/beynin-tarihi\/","title":{"rendered":"Beynin Tarihi"},"content":{"rendered":"<p>Beynin Tarihi konu \u00fczerine yaz\u0131lm\u0131\u015f ilk anlat\u0131sal kitap. \u0130nsanl\u0131k tarihinde bug\u00fcne dek beyinle ilgili bilinen inan\u00e7lar, d\u00fc\u015f\u00fcnceler, ke\u015fifler, kafa kar\u0131\u015f\u0131kl\u0131klar\u0131, y\u00f6ntemler, kavramlar, deneyler, kuramlar ve tart\u0131\u015fmalar kitapta ak\u0131c\u0131 bir dille anlat\u0131l\u0131yor. B\u00fct\u00fcn bunlar beynin tarihine ve beyin bilimlerine katk\u0131da bulunmu\u015f ki\u015filerin hik\u00e2yeleriyle paralel bir \u015fekilde sunuluyor. Anlat\u0131daki hik\u00e2yeleri takip ederken sadece tarihini de\u011fil, beynin i\u00e7inde ve beyin bilimleri alan\u0131nda neler olup bitti\u011fini de kavrad\u0131\u011f\u0131n\u0131z\u0131 fark edeceksiniz.   Beynin Tarihi beyinle ilgili tarih\u00f6ncesi inan\u00e7lardan t\u0131bb\u0131n geli\u015fmesiyle ortaya \u00e7\u0131kan bilgi ve y\u00f6ntemlere; anatomi, farmakoloji, fizyoloji, psikoloji, beyin cerrahisi, n\u00f6robilim gibi disiplinlerin do\u011fu\u015fuyla birlikte de\u011fi\u015fen beyin anlay\u0131\u015f\u0131m\u0131za ve bug\u00fcnk\u00fc bilgilerimize kapsaml\u0131 ve tarihsel bir perspektif sa\u011fl\u0131yor.   Andrew P. Wickens, ama\u00e7lad\u0131\u011f\u0131 gibi, &#8220;basit, anlaml\u0131 ve anla\u015f\u0131l\u0131r&#8221; bir bi\u00e7imde &#8220;beynin tutarl\u0131 bir tarihini&#8221; anlatmay\u0131 ba\u015farm\u0131\u015f. Wickens&#8217;\u0131n 10 y\u0131l\u0131n\u0131 alan bu \u00e7al\u0131\u015fma, beyin hakk\u0131nda mevcut bilgimize nas\u0131l ula\u015ft\u0131\u011f\u0131m\u0131z\u0131 anlamak isteyen herkesin ilgisini \u00e7ekecek.<\/p>\n","protected":false},"excerpt":{"rendered":"<p>Beynin Tarihi konu \u00fczerine yaz\u0131lm\u0131\u015f ilk anlat\u0131sal kitap. \u0130nsanl\u0131k tarihinde bug\u00fcne dek beyinle ilgili bilinen inan\u00e7lar, d\u00fc\u015f\u00fcnceler, ke\u015fifler, kafa kar\u0131\u015f\u0131kl\u0131klar\u0131, y\u00f6ntemler, kavramlar, deneyler, kuramlar ve tart\u0131\u015fmalar<span class=\"excerpt-hellip\"> [\u2026]<\/span><\/p>\n","protected":false},"featured_media":0,"template":"","meta":{"_monsterinsights_skip_tracking":false,"_monsterinsights_sitenote_active":false,"_monsterinsights_sitenote_note":"","_monsterinsights_sitenote_category":0},"product_brand":[],"product_cat":[13005,38128],"product_tag":[],"class_list":{"0":"post-779260","1":"product","2":"type-product","3":"status-publish","5":"product_cat-bilim-muhendislik","6":"product_cat-tip-bilimleri","7":"pa_cilt-ciltsiz","8":"pa_tur-kitap","9":"pa_yayinevi-alfa-yayinlari","10":"pa_yazar-andrew-p-wickens","12":"first","13":"instock","14":"sale","15":"shipping-taxable","16":"purchasable","17":"product-type-simple"},"_links":{"self":[{"href":"https:\/\/roveyayinevi.com.tr\/index.php\/wp-json\/wp\/v2\/product\/779260","targetHints":{"allow":["GET"]}}],"collection":[{"href":"https:\/\/roveyayinevi.com.tr\/index.php\/wp-json\/wp\/v2\/product"}],"about":[{"href":"https:\/\/roveyayinevi.com.tr\/index.php\/wp-json\/wp\/v2\/types\/product"}],"wp:attachment":[{"href":"https:\/\/roveyayinevi.com.tr\/index.php\/wp-json\/wp\/v2\/media?parent=779260"}],"wp:term":[{"taxonomy":"product_brand","embeddable":true,"href":"https:\/\/roveyayinevi.com.tr\/index.php\/wp-json\/wp\/v2\/product_brand?post=779260"},{"taxonomy":"product_cat","embeddable":true,"href":"https:\/\/roveyayinevi.com.tr\/index.php\/wp-json\/wp\/v2\/product_cat?post=779260"},{"taxonomy":"product_tag","embeddable":true,"href":"https:\/\/roveyayinevi.com.tr\/index.php\/wp-json\/wp\/v2\/product_tag?post=779260"}],"curies":[{"name":"wp","href":"https:\/\/api.w.org\/{rel}","templated":true}]}}