{"id":779259,"date":"2025-12-30T11:27:53","date_gmt":"2025-12-30T08:27:53","guid":{"rendered":"https:\/\/roveyayinevi.com.tr\/index.php\/urun\/kalbin-en-karanlik-kosesi\/"},"modified":"2026-04-15T03:28:40","modified_gmt":"2026-04-15T00:28:40","slug":"kalbin-en-karanlik-kosesi","status":"publish","type":"product","link":"https:\/\/roveyayinevi.com.tr\/index.php\/urun\/kalbin-en-karanlik-kosesi\/","title":{"rendered":"Kalbin En Karanl\u0131k K\u00f6\u015fesi"},"content":{"rendered":"<p>Yasak. Birbirleri i\u00e7in tam anlam\u0131yla b\u00f6yleydiler. Maddie Stevens hi\u00e7bir zaman yeterli hissetmemi\u015fti. Ebeveynlerinin sevgisine lay\u0131k olacak kadar. Ba\u011f\u0131ms\u0131z olup a\u011fabeyinin sorunu olmaktan \u00e7\u0131kacak kadar  \u0130stedi\u011fi gelece\u011fi in\u015fa edecek kadar. Bale kariyerini sonsuza dek de\u011fi\u015ftirebilecek se\u00e7melerden \u00f6nce ayak bile\u011fini sakatlay\u0131nca hayat\u0131n\u0131n yirmi bir ya\u015f\u0131nda bitti\u011fine ikna olmu\u015ftu. Her an her \u015fey ters gidebilirken hayal kurman\u0131n anlam\u0131 neydi ki? \u00dcstelik evrenin tuhaf bir mizah anlay\u0131\u015f\u0131 oldu\u011fundan fizyoterapisti, ondan pek de ho\u015flanmayan, tank gibi, huysuz bir adam \u00e7\u0131km\u0131\u015ft\u0131. Alt\u0131 hafta boyunca o yak\u0131\u015f\u0131kl\u0131 sakala bakmak ve ba\u015f\u0131n\u0131 d\u00f6nd\u00fcren o derin sesi dinlemek zorunda kalmak haks\u0131zl\u0131kt\u0131. Buna bir de adam\u0131n kendisinden on ya\u015f b\u00fcy\u00fck olmas\u0131 eklenince, James Simmons\u2019a \u00e2\u015f\u0131k olmak tam bir felaket habercisiydi. Fakat zorunlu birliktelikleri s\u0131n\u0131rlar\u0131 bulan\u0131kla\u015ft\u0131rmaya ba\u015flad\u0131\u011f\u0131nda, bu yasak cazibeye direnmek imk\u00e2ns\u0131z hale gelecekti.<\/p>\n","protected":false},"excerpt":{"rendered":"<p>Yasak. Birbirleri i\u00e7in tam anlam\u0131yla b\u00f6yleydiler. Maddie Stevens hi\u00e7bir zaman yeterli hissetmemi\u015fti. Ebeveynlerinin sevgisine lay\u0131k olacak kadar. Ba\u011f\u0131ms\u0131z olup a\u011fabeyinin sorunu olmaktan \u00e7\u0131kacak kadar \u0130stedi\u011fi gelece\u011fi<span class=\"excerpt-hellip\"> [\u2026]<\/span><\/p>\n","protected":false},"featured_media":0,"template":"","meta":{"_monsterinsights_skip_tracking":false,"_monsterinsights_sitenote_active":false,"_monsterinsights_sitenote_note":"","_monsterinsights_sitenote_category":0},"product_brand":[],"product_cat":[12291,12711],"product_tag":[],"class_list":{"0":"post-779259","1":"product","2":"type-product","3":"status-publish","5":"product_cat-edebiyat","6":"product_cat-roman-oyku","7":"pa_cilt-ciltsiz","8":"pa_tur-kitap","9":"pa_yayinevi-lapis-kitap","10":"pa_yazar-lisina-coney","12":"first","13":"instock","14":"sale","15":"shipping-taxable","16":"purchasable","17":"product-type-simple"},"_links":{"self":[{"href":"https:\/\/roveyayinevi.com.tr\/index.php\/wp-json\/wp\/v2\/product\/779259","targetHints":{"allow":["GET"]}}],"collection":[{"href":"https:\/\/roveyayinevi.com.tr\/index.php\/wp-json\/wp\/v2\/product"}],"about":[{"href":"https:\/\/roveyayinevi.com.tr\/index.php\/wp-json\/wp\/v2\/types\/product"}],"wp:attachment":[{"href":"https:\/\/roveyayinevi.com.tr\/index.php\/wp-json\/wp\/v2\/media?parent=779259"}],"wp:term":[{"taxonomy":"product_brand","embeddable":true,"href":"https:\/\/roveyayinevi.com.tr\/index.php\/wp-json\/wp\/v2\/product_brand?post=779259"},{"taxonomy":"product_cat","embeddable":true,"href":"https:\/\/roveyayinevi.com.tr\/index.php\/wp-json\/wp\/v2\/product_cat?post=779259"},{"taxonomy":"product_tag","embeddable":true,"href":"https:\/\/roveyayinevi.com.tr\/index.php\/wp-json\/wp\/v2\/product_tag?post=779259"}],"curies":[{"name":"wp","href":"https:\/\/api.w.org\/{rel}","templated":true}]}}