{"id":779256,"date":"2025-12-30T11:25:58","date_gmt":"2025-12-30T08:25:58","guid":{"rendered":"https:\/\/roveyayinevi.com.tr\/index.php\/urun\/fareli-koskun-hayaleti\/"},"modified":"2026-04-15T03:27:10","modified_gmt":"2026-04-15T00:27:10","slug":"fareli-koskun-hayaleti","status":"publish","type":"product","link":"https:\/\/roveyayinevi.com.tr\/index.php\/urun\/fareli-koskun-hayaleti\/","title":{"rendered":"Fareli K\u00f6\u015fk\u00fcn Hayaleti"},"content":{"rendered":"<p>Kavak kasabas\u0131n\u0131n en g\u00fczel k\u00f6\u015fklerinden birinde ya\u015fayan kahramanlar\u0131m\u0131z, tam da festival haz\u0131rl\u0131klar\u0131 ba\u015flam\u0131\u015fken ya\u015fad\u0131klar\u0131 k\u00f6\u015fk\u00fcn sat\u0131lmas\u0131 ihtimaliyle kar\u015f\u0131 kar\u015f\u0131ya kal\u0131rlar. K\u00f6\u015fk\u00fcn en sevimli ve en obur faresi Tombik, yeme\u011fi fazla ka\u00e7\u0131rd\u0131\u011f\u0131 gecelerden birinde mide a\u011fr\u0131s\u0131yla k\u0131vrand\u0131\u011f\u0131 i\u00e7in arkada\u015f\u0131 Lolipop\u2019la birlikte kilere inmek zorunda kal\u0131r. Duyduklar\u0131 garip sesler, k\u00f6\u015fkte bir hayalet oldu\u011funu d\u00fc\u015f\u00fcnd\u00fcr\u00fcr. Di\u011fer arkada\u015flar\u0131 ile birlikte bu sesin pe\u015fine d\u00fc\u015ft\u00fcklerinde korkun\u00e7 bir manzarayla kar\u015f\u0131la\u015f\u0131rlar. K\u00f6\u015fk\u00fc sat\u0131n almak i\u00e7in gelen m\u00fc\u015fterilere k\u00f6t\u00fc s\u00fcrprizler haz\u0131rlayan fareciklerin komik maceralar\u0131na kahkahalarla g\u00fclerken, duyduklar\u0131 tuhaf seslerin pe\u015finde ge\u00e7irdikleri korku dolu saatlerle \u00fcrpermeye haz\u0131r m\u0131s\u0131n\u0131z? <\/p>\n","protected":false},"excerpt":{"rendered":"<p>Kavak kasabas\u0131n\u0131n en g\u00fczel k\u00f6\u015fklerinden birinde ya\u015fayan kahramanlar\u0131m\u0131z, tam da festival haz\u0131rl\u0131klar\u0131 ba\u015flam\u0131\u015fken ya\u015fad\u0131klar\u0131 k\u00f6\u015fk\u00fcn sat\u0131lmas\u0131 ihtimaliyle kar\u015f\u0131 kar\u015f\u0131ya kal\u0131rlar. K\u00f6\u015fk\u00fcn en sevimli ve en obur<span class=\"excerpt-hellip\"> [\u2026]<\/span><\/p>\n","protected":false},"featured_media":0,"template":"","meta":{"_monsterinsights_skip_tracking":false,"_monsterinsights_sitenote_active":false,"_monsterinsights_sitenote_note":"","_monsterinsights_sitenote_category":0},"product_brand":[],"product_cat":[12274,12284],"product_tag":[],"class_list":{"0":"post-779256","1":"product","2":"type-product","3":"status-publish","5":"product_cat-cocuk-ve-genclik-kitaplari","6":"product_cat-hikayeler","7":"pa_cilt-ciltsiz","8":"pa_tur-kitap","9":"pa_yayinevi-fa-yayinlari","10":"pa_yazar-erkan-aksu","12":"first","13":"instock","14":"sale","15":"shipping-taxable","16":"purchasable","17":"product-type-simple"},"_links":{"self":[{"href":"https:\/\/roveyayinevi.com.tr\/index.php\/wp-json\/wp\/v2\/product\/779256","targetHints":{"allow":["GET"]}}],"collection":[{"href":"https:\/\/roveyayinevi.com.tr\/index.php\/wp-json\/wp\/v2\/product"}],"about":[{"href":"https:\/\/roveyayinevi.com.tr\/index.php\/wp-json\/wp\/v2\/types\/product"}],"wp:attachment":[{"href":"https:\/\/roveyayinevi.com.tr\/index.php\/wp-json\/wp\/v2\/media?parent=779256"}],"wp:term":[{"taxonomy":"product_brand","embeddable":true,"href":"https:\/\/roveyayinevi.com.tr\/index.php\/wp-json\/wp\/v2\/product_brand?post=779256"},{"taxonomy":"product_cat","embeddable":true,"href":"https:\/\/roveyayinevi.com.tr\/index.php\/wp-json\/wp\/v2\/product_cat?post=779256"},{"taxonomy":"product_tag","embeddable":true,"href":"https:\/\/roveyayinevi.com.tr\/index.php\/wp-json\/wp\/v2\/product_tag?post=779256"}],"curies":[{"name":"wp","href":"https:\/\/api.w.org\/{rel}","templated":true}]}}