{"id":779255,"date":"2025-12-30T11:25:52","date_gmt":"2025-12-30T08:25:52","guid":{"rendered":"https:\/\/roveyayinevi.com.tr\/index.php\/urun\/oto-self-ya-da-kendi-kendine-hipnoz-iv\/"},"modified":"2026-04-15T03:27:07","modified_gmt":"2026-04-15T00:27:07","slug":"oto-self-ya-da-kendi-kendine-hipnoz-iv","status":"publish","type":"product","link":"https:\/\/roveyayinevi.com.tr\/index.php\/urun\/oto-self-ya-da-kendi-kendine-hipnoz-iv\/","title":{"rendered":"Oto\/Self ya da Kendi Kendine Hipnoz IV"},"content":{"rendered":"<p>Bu kitap size takip etmesi kolay kendi kendine hipnoz y\u00f6ntemlerini \u00f6\u011fretiyor. Ama\u00e7lar\u0131n\u0131z, hedefleriniz, niyetleriniz neler? \u0130li\u015fkilerinizde, al\u0131\u015fkanl\u0131klar\u0131n\u0131zda, davran\u0131\u015flar\u0131n\u0131zda veya tutumlar\u0131n\u0131zda kal\u0131c\u0131 de\u011fi\u015fiklikler yapmay\u0131 d\u00fc\u015f\u00fcn\u00fcyor musunuz? Ba\u015far\u0131l\u0131 olmak i\u00e7in, sizi niyetlerinizden s\u0131n\u0131rs\u0131z ba\u015far\u0131 sa\u011flayan eylemlere g\u00f6t\u00fcrecek bir plana ihtiyac\u0131n\u0131z olacak. Bu kitap, bunun tasla\u011f\u0131d\u0131r. Kendi kendine hipnoz senaryolar\u0131, ad\u0131m ad\u0131m de\u011fi\u015fim teknikleri ve kesin talimatlarla ya\u015fam\u0131n her alan\u0131nda ki\u015fisel ba\u015far\u0131ya ula\u015faca\u011f\u0131n\u0131zdan emin olabilirsiniz Bu kitap kendi kendine hipnozda \u00f6nde gelen bir kitap olmaya adayd\u0131r \u00e7\u00fcnk\u00fc kendi kendine hipnoz kaynak durumunu yaratmak i\u00e7in z\u0131t ama olduk\u00e7a etkili stratejileri ortaya koymaktad\u0131r. Bu kitaptaki y\u00f6ntemler, kendinizi tamamen hipnotize edebilmenizden faydalanman\u0131z\u0131 sa\u011flayacak teknikleri ve s\u00fcre\u00e7leri size g\u00f6stererek hayat\u0131n\u0131z\u0131 de\u011fi\u015ftirecek. Bir y\u00f6ntem, geleneksel hipnotik ind\u00fcksiyon yakla\u015f\u0131m\u0131n\u0131 takip eder ve di\u011feri, hipnotik potansiyele an\u0131nda eri\u015fmek i\u00e7in h\u0131zl\u0131 bir y\u00f6ntemdir. \u0130lk birka\u00e7 sayfadan itibaren niyetlerinizi belirledi\u011finizi ve kendi kendine hipnozdan faydaland\u0131\u011f\u0131n\u0131z\u0131 hayal edin. Bu sayfalarda a\u00e7\u0131klanan ek y\u00f6ntemler, bu y\u00f6ntemleri herhangi bir durumda veya istenen sonuca g\u00f6re desteklemek ve uyarlamak i\u00e7in kullan\u0131labilir Bu kitap, &#8220;Kendimi hipnotize ettikten sonra ne yapmal\u0131y\u0131m?&#8221; sorusuna cevap veren bir tarif kitab\u0131d\u0131r. Kendi kendine hipnozun kan\u0131tlanm\u0131\u015f tekniklerinden ger\u00e7ekten faydalanmak i\u00e7in kullanabilece\u011finiz bir\u00e7ok farkl\u0131 y\u00f6ntem sunar. Bu kitap sadece kendi kendine hipnoz yapmay\u0131 bilmek isteyenler i\u00e7in de\u011fil, ayn\u0131 zamanda daha derin bir deneyim yaratmak ve bir teknik repertuar\u0131na sahip olmak isteyenler i\u00e7indir. Bu teknikler, kendi kendine hipnozun daha derin durumlar\u0131nda kolayl\u0131kla uygulanabilir ve kal\u0131c\u0131 bir d\u00f6n\u00fc\u015f\u00fcm sa\u011flayabilir. Bu kitaptaki y\u00f6ntemler sizi daha iyi bir insan yapabilir, ki\u015fisel ili\u015fkileri geli\u015ftirebilir, zenginlik yaratabilir, istenmeyen al\u0131\u015fkanl\u0131klar veya davran\u0131\u015flar\u0131 bir kenara b\u0131rakabilir ve bolluk \u0130\u00e7inde ya\u015faman\u0131z\u0131 sa\u011flayabilir. Hayat\u0131n\u0131z\u0131 en iyi \u015fekilde ya\u015famay\u0131 kendinize bor\u00e7lusunuz. Hayat\u0131n\u0131z\u0131 d\u00f6n\u00fc\u015ft\u00fcrme yetene\u011fine sahipsiniz. Kendinizle gurur duyarak ba\u015fka bir g\u00fczel g\u00fcne ba\u015flamak i\u00e7in istekli olun. Kayg\u0131 ve korku yerine ne\u015fe ve heyecan hissetme kapasiteniz var. Ancak bunu ba\u015farmak i\u00e7in muhtemelen bir at\u0131l\u0131ma ihtiyac\u0131n\u0131z var. Bu kitab\u0131n vaat etti\u011fi \u015fey tam olarak bir at\u0131l\u0131md\u0131r, e\u011fer se\u00e7iminiz bu y\u00f6nde olursa, bu kitab\u0131 okumaya ba\u015flad\u0131\u011f\u0131n\u0131z andan itibaren, hemen bir de\u011fi\u015fim ya\u015famaya ba\u015flayacaks\u0131n\u0131z. Taahh\u00fct etmeye, sonuna kadar okumaya, size \u00f6\u011fretece\u011fim egzersizleri uygulamaya haz\u0131rsan\u0131z, ki\u015fisel at\u0131l\u0131m\u0131n\u0131z i\u00e7in haz\u0131rs\u0131n\u0131z demektir. \u00d6yleyse ba\u015flayal\u0131m! <\/p>\n","protected":false},"excerpt":{"rendered":"<p>Bu kitap size takip etmesi kolay kendi kendine hipnoz y\u00f6ntemlerini \u00f6\u011fretiyor. Ama\u00e7lar\u0131n\u0131z, hedefleriniz, niyetleriniz neler? \u0130li\u015fkilerinizde, al\u0131\u015fkanl\u0131klar\u0131n\u0131zda, davran\u0131\u015flar\u0131n\u0131zda veya tutumlar\u0131n\u0131zda kal\u0131c\u0131 de\u011fi\u015fiklikler yapmay\u0131 d\u00fc\u015f\u00fcn\u00fcyor musunuz? Ba\u015far\u0131l\u0131<span class=\"excerpt-hellip\"> [\u2026]<\/span><\/p>\n","protected":false},"featured_media":0,"template":"","meta":{"_monsterinsights_skip_tracking":false,"_monsterinsights_sitenote_active":false,"_monsterinsights_sitenote_note":"","_monsterinsights_sitenote_category":0},"product_brand":[],"product_cat":[12364,12376],"product_tag":[],"class_list":{"0":"post-779255","1":"product","2":"type-product","3":"status-publish","5":"product_cat-genel-konular","6":"product_cat-kisisel-gelisim","7":"pa_cilt-ciltsiz","8":"pa_tur-kitap","9":"pa_yayinevi-nar-agaci-yayinlari","10":"pa_yazar-celalettin-uzuner","12":"first","13":"instock","14":"sale","15":"shipping-taxable","16":"purchasable","17":"product-type-simple"},"_links":{"self":[{"href":"https:\/\/roveyayinevi.com.tr\/index.php\/wp-json\/wp\/v2\/product\/779255","targetHints":{"allow":["GET"]}}],"collection":[{"href":"https:\/\/roveyayinevi.com.tr\/index.php\/wp-json\/wp\/v2\/product"}],"about":[{"href":"https:\/\/roveyayinevi.com.tr\/index.php\/wp-json\/wp\/v2\/types\/product"}],"wp:attachment":[{"href":"https:\/\/roveyayinevi.com.tr\/index.php\/wp-json\/wp\/v2\/media?parent=779255"}],"wp:term":[{"taxonomy":"product_brand","embeddable":true,"href":"https:\/\/roveyayinevi.com.tr\/index.php\/wp-json\/wp\/v2\/product_brand?post=779255"},{"taxonomy":"product_cat","embeddable":true,"href":"https:\/\/roveyayinevi.com.tr\/index.php\/wp-json\/wp\/v2\/product_cat?post=779255"},{"taxonomy":"product_tag","embeddable":true,"href":"https:\/\/roveyayinevi.com.tr\/index.php\/wp-json\/wp\/v2\/product_tag?post=779255"}],"curies":[{"name":"wp","href":"https:\/\/api.w.org\/{rel}","templated":true}]}}