{"id":779254,"date":"2025-12-30T11:25:36","date_gmt":"2025-12-30T08:25:36","guid":{"rendered":"https:\/\/roveyayinevi.com.tr\/index.php\/urun\/gokkusagi-cicegi\/"},"modified":"2026-04-16T03:14:54","modified_gmt":"2026-04-16T00:14:54","slug":"gokkusagi-cicegi","status":"publish","type":"product","link":"https:\/\/roveyayinevi.com.tr\/index.php\/urun\/gokkusagi-cicegi\/","title":{"rendered":"G\u00f6kku\u015fa\u011f\u0131 \u00c7i\u00e7e\u011fi"},"content":{"rendered":"<p>Maceraperest, s\u0131ra d\u0131\u015f\u0131 kedi TOT\u0130 NOT\u0130\u2019ye ona ikizi kadar benzeyen bir ba\u015fka kedi e\u015flik ediyor bu sefer: MUP\u0130 LU\u0130PU! Toti Noti, Mupi\u2019nin sahiplerinin \u00e7ok sevecen, \u00e7ok iyi insanlar oldu\u011funu ve kedilerinin \u00fcst\u00fcne titredi\u011fini \u00f6\u011frenince, akl\u0131na her zamanki gibi \u201cyaramaz\u201d bir fikir geliyor: Birbirlerinin yerine ge\u00e7mek! Birbirlerinin evinde ya\u015famaya ba\u015flayan kediler, sahiplerine yakalanmamay\u0131 ba\u015farabilecekler mi? Ayr\u0131ca\u2026Toti Noti\u2019nin Mupi Luipu; Mupi Luipu\u2019nun Toti Noti olmas\u0131, ger\u00e7ekten iyi bir fikir mi?   ***   \u201cG\u00f6z\u00fcm\u00fc karart\u0131p Mupi olmad\u0131\u011f\u0131m\u0131 onlara ac\u0131 ac\u0131 hayk\u0131rmak istiyordum. Belki duymu\u015fsunuzdur, biz kediler aras\u0131nda \u201cKedi \u00e7\u0131\u011fl\u0131\u011f\u0131\u201d denen bir \u015fey vard\u0131r. Bu, bizim i\u00e7inden \u00e7\u0131k\u0131lmaz durumlarda (son \u00e7are olarak ba\u015fvurulan) kendimizi savunma bi\u00e7imimizdir. Genelde a\u015f\u0131r\u0131 panikleyince ortaya \u00e7\u0131kar. O \u00e7\u0131\u011fl\u0131\u011f\u0131 bir kez koyuverdin mi art\u0131k gerisi gelir. Onu duyanlar kulaklar\u0131n\u0131 t\u0131kamadan duramazlar. Sald\u0131rgan hayvanlar d\u00f6n\u00fcp arkalar\u0131na bile bakmadan ka\u00e7\u0131p giderler. \u0130\u015fte onu bile atmaya haz\u0131rd\u0131m.\u201d<\/p>\n","protected":false},"excerpt":{"rendered":"<p>Maceraperest, s\u0131ra d\u0131\u015f\u0131 kedi TOT\u0130 NOT\u0130\u2019ye ona ikizi kadar benzeyen bir ba\u015fka kedi e\u015flik ediyor bu sefer: MUP\u0130 LU\u0130PU! Toti Noti, Mupi\u2019nin sahiplerinin \u00e7ok sevecen, \u00e7ok<span class=\"excerpt-hellip\"> [\u2026]<\/span><\/p>\n","protected":false},"featured_media":0,"template":"","meta":{"_monsterinsights_skip_tracking":false,"_monsterinsights_sitenote_active":false,"_monsterinsights_sitenote_note":"","_monsterinsights_sitenote_category":0},"product_brand":[],"product_cat":[12274,12284],"product_tag":[],"class_list":{"0":"post-779254","1":"product","2":"type-product","3":"status-publish","5":"product_cat-cocuk-ve-genclik-kitaplari","6":"product_cat-hikayeler","7":"pa_cilt-ciltsiz","8":"pa_tur-kitap","9":"pa_yayinevi-luna-cocuk-yayinlari","10":"pa_yazar-ayda-erulgen-cayir","12":"first","13":"instock","14":"sale","15":"shipping-taxable","16":"purchasable","17":"product-type-simple"},"_links":{"self":[{"href":"https:\/\/roveyayinevi.com.tr\/index.php\/wp-json\/wp\/v2\/product\/779254","targetHints":{"allow":["GET"]}}],"collection":[{"href":"https:\/\/roveyayinevi.com.tr\/index.php\/wp-json\/wp\/v2\/product"}],"about":[{"href":"https:\/\/roveyayinevi.com.tr\/index.php\/wp-json\/wp\/v2\/types\/product"}],"wp:attachment":[{"href":"https:\/\/roveyayinevi.com.tr\/index.php\/wp-json\/wp\/v2\/media?parent=779254"}],"wp:term":[{"taxonomy":"product_brand","embeddable":true,"href":"https:\/\/roveyayinevi.com.tr\/index.php\/wp-json\/wp\/v2\/product_brand?post=779254"},{"taxonomy":"product_cat","embeddable":true,"href":"https:\/\/roveyayinevi.com.tr\/index.php\/wp-json\/wp\/v2\/product_cat?post=779254"},{"taxonomy":"product_tag","embeddable":true,"href":"https:\/\/roveyayinevi.com.tr\/index.php\/wp-json\/wp\/v2\/product_tag?post=779254"}],"curies":[{"name":"wp","href":"https:\/\/api.w.org\/{rel}","templated":true}]}}