{"id":779251,"date":"2025-12-30T11:24:37","date_gmt":"2025-12-30T08:24:37","guid":{"rendered":"https:\/\/roveyayinevi.com.tr\/index.php\/urun\/maca-kizi-8-ciltli\/"},"modified":"2026-03-26T15:59:37","modified_gmt":"2026-03-26T12:59:37","slug":"maca-kizi-8-ciltli","status":"publish","type":"product","link":"https:\/\/roveyayinevi.com.tr\/index.php\/urun\/maca-kizi-8-ciltli\/","title":{"rendered":"Ma\u00e7a K\u0131z\u0131 8 (Ciltli)"},"content":{"rendered":"<p>\u201cGeceydi, karanl\u0131kt\u0131 ve ben \u00f6lm\u00fc\u015ft\u00fcm.\u201d \u201cBah\u00e7edeki \u0131\u015f\u0131klar\u0131n, s\u0131k a\u011fa\u00e7lardan dolay\u0131 lo\u015f bir ortam yaratt\u0131\u011f\u0131 garaj\u0131n k\u00f6\u015fesindeki ah\u015fap, \u00fcst\u00fc a\u00e7\u0131k \u00e7ardakta oturuyordu. Cebinden \u00e7\u0131kartt\u0131\u011f\u0131 \u00e7akma\u011f\u0131yla yakt\u0131\u011f\u0131 sigaras\u0131ndan ci\u011ferlerine derin bir nefes \u00e7ekti\u011finde, \u00fc\u00e7\u00fcnc\u00fc kattaki odam\u0131n siyah t\u00fcl\u00fcn\u00fcn arkas\u0131ndan onu izliyordum. S\u0131rt\u0131 bana d\u00f6n\u00fck oldu\u011fu h\u00e2lde, y\u00fcz\u00fcn\u00fcn ald\u0131\u011f\u0131 \u015fekli g\u00f6z\u00fcm\u00fcn \u00f6n\u00fcne getirebildi\u011fime yemin edebilirdim. Son gecemdi\u2026 \u0130ki y\u00fcz k\u0131rk be\u015f g\u00fcn s\u00fcrece\u011fini sand\u0131\u011f\u0131m bu esaret, iyi h\u00e2lden olsa gerek, iki y\u00fcz birinci g\u00fcn\u00fcnde bitiyordu. Cehennemden \u00f6nceki son dura\u011f\u0131md\u0131 buras\u0131. Kendimi buna ben mahk\u00fbm etmi\u015ftim. \u00d6n\u00fcmde kocaman bir hi\u00e7lik vard\u0131; cehennem bu muydu? Sigaras\u0131ndan son nefesini ald\u0131ktan sonra, k\u00fcl tablas\u0131n\u0131n i\u00e7inde s\u00f6nd\u00fcrmek i\u00e7in yedi saniye u\u011fra\u015ft\u0131. Ard\u0131ndan aya\u011fa kalk\u0131p g\u00f6zlerini benim penceremle bulu\u015fturdu. Nefesimin kesilece\u011fini hissettim. Biliyordu. Beni g\u00f6remese bile, bu t\u00fcl\u00fcn arkas\u0131ndan kendisini izledi\u011fimi \u00e7ok iyi biliyordu. Ben onu izliyordum; o da g\u00f6remedi\u011fi -ama pek\u00e2l\u00e2 hayal edebildi\u011fi- beni\u2026 Ne yaz\u0131k ki son gecemizdi. Ve onun bundan haberi bile yoktu.\u201d <\/p>\n","protected":false},"excerpt":{"rendered":"<p>\u201cGeceydi, karanl\u0131kt\u0131 ve ben \u00f6lm\u00fc\u015ft\u00fcm.\u201d \u201cBah\u00e7edeki \u0131\u015f\u0131klar\u0131n, s\u0131k a\u011fa\u00e7lardan dolay\u0131 lo\u015f bir ortam yaratt\u0131\u011f\u0131 garaj\u0131n k\u00f6\u015fesindeki ah\u015fap, \u00fcst\u00fc a\u00e7\u0131k \u00e7ardakta oturuyordu. Cebinden \u00e7\u0131kartt\u0131\u011f\u0131 \u00e7akma\u011f\u0131yla yakt\u0131\u011f\u0131 sigaras\u0131ndan<span class=\"excerpt-hellip\"> [\u2026]<\/span><\/p>\n","protected":false},"featured_media":0,"template":"","meta":{"_monsterinsights_skip_tracking":false,"_monsterinsights_sitenote_active":false,"_monsterinsights_sitenote_note":"","_monsterinsights_sitenote_category":0},"product_brand":[],"product_cat":[12291,12711],"product_tag":[],"class_list":{"0":"post-779251","1":"product","2":"type-product","3":"status-publish","5":"product_cat-edebiyat","6":"product_cat-roman-oyku","7":"pa_cilt-ciltli","8":"pa_tur-kitap","9":"pa_yayinevi-artemis-yayinlari","10":"pa_yazar-dilara-pamuk","12":"first","13":"instock","14":"sale","15":"shipping-taxable","16":"purchasable","17":"product-type-simple"},"_links":{"self":[{"href":"https:\/\/roveyayinevi.com.tr\/index.php\/wp-json\/wp\/v2\/product\/779251","targetHints":{"allow":["GET"]}}],"collection":[{"href":"https:\/\/roveyayinevi.com.tr\/index.php\/wp-json\/wp\/v2\/product"}],"about":[{"href":"https:\/\/roveyayinevi.com.tr\/index.php\/wp-json\/wp\/v2\/types\/product"}],"wp:attachment":[{"href":"https:\/\/roveyayinevi.com.tr\/index.php\/wp-json\/wp\/v2\/media?parent=779251"}],"wp:term":[{"taxonomy":"product_brand","embeddable":true,"href":"https:\/\/roveyayinevi.com.tr\/index.php\/wp-json\/wp\/v2\/product_brand?post=779251"},{"taxonomy":"product_cat","embeddable":true,"href":"https:\/\/roveyayinevi.com.tr\/index.php\/wp-json\/wp\/v2\/product_cat?post=779251"},{"taxonomy":"product_tag","embeddable":true,"href":"https:\/\/roveyayinevi.com.tr\/index.php\/wp-json\/wp\/v2\/product_tag?post=779251"}],"curies":[{"name":"wp","href":"https:\/\/api.w.org\/{rel}","templated":true}]}}