{"id":779249,"date":"2025-12-30T11:23:41","date_gmt":"2025-12-30T08:23:41","guid":{"rendered":"https:\/\/roveyayinevi.com.tr\/index.php\/urun\/basarili-bir-kadin-oldugum-icin-ozur-dilerim\/"},"modified":"2026-04-08T03:22:22","modified_gmt":"2026-04-08T00:22:22","slug":"basarili-bir-kadin-oldugum-icin-ozur-dilerim","status":"publish","type":"product","link":"https:\/\/roveyayinevi.com.tr\/index.php\/urun\/basarili-bir-kadin-oldugum-icin-ozur-dilerim\/","title":{"rendered":"Ba\u015far\u0131l\u0131 Bir Kad\u0131n Oldu\u011fum \u0130\u00e7in \u00d6Z\u00dcR D\u0130LER\u0130M"},"content":{"rendered":"<p>Baz\u0131 ba\u015far\u0131l\u0131 kad\u0131nlar\u0131n arkas\u0131nda onlara bilgi\u00e7lik taslayan adamlar vard\u0131r.   Baz\u0131 ba\u015far\u0131l\u0131 kad\u0131nlar\u0131n arkas\u0131nda ahlak\u00e7\u0131 ve ikiy\u00fczl\u00fc bir toplum vard\u0131r.    Baz\u0131 ba\u015far\u0131l\u0131 kad\u0131nlar\u0131n arkas\u0131nda ona bak\u0131p kendini \u00f6ven bir narsist vard\u0131r.    Baz\u0131 ba\u015far\u0131l\u0131 kad\u0131nlar\u0131n arkas\u0131nda nefesi o yola yetmeyen bir \u00f6dlek vard\u0131r.   Baz\u0131 ba\u015far\u0131l\u0131 kad\u0131nlar\u0131n arkas\u0131nda \u201cOnun elinden ben tuttum,\u201d diyen bir zevzek vard\u0131r.   Her ba\u015far\u0131l\u0131 kad\u0131n\u0131n arkas\u0131nda d\u00fcped\u00fcz, y\u00fczde y\u00fcz kendisi vard\u0131r.    Evrim Kuran, y\u0131llard\u0131r ara\u015ft\u0131rmalar y\u00fcr\u00fcten, elde etti\u011fi bulgularla toplumu analiz eden, anlamak ve anlatmak i\u00e7in emek harcayan bir ara\u015ft\u0131rmac\u0131. Ancak bu kitab\u0131 i\u00e7in ara\u015ft\u0131rma yaparken g\u00f6r\u00fc\u015ft\u00fc\u011f\u00fc binlerce isme ek olarak, listede bir isim daha var: Kendisi.   E\u011fitim seviyesi, kariyeri, k\u00fclt\u00fcr\u00fc, ba\u015far\u0131s\u0131 artt\u0131k\u00e7a \u201cyetersiz biri oldu\u011fu\u201dna daha \u00e7ok ikna olan ve her an \u201cfoyas\u0131 ortaya \u00e7\u0131kacakm\u0131\u015f\u201d gibi hisseden insanlar\u0131 tan\u0131mlamak i\u00e7in kullan\u0131l\u0131yor impostor olgusu. \u00dcstelik bu \u00e7a\u011fda, gittik\u00e7e daha fazla e\u011fitimli, nitelikli insan kendini yetersiz hissediyor \u00e7\u00fcnk\u00fc hayat\u0131n h\u0131z\u0131 ve bizden talep ettikleri de giderek art\u0131yor.   Fakat T\u00fcrkiye\u2019de ne oluyor da, bir impostor ara\u015ft\u0131rmas\u0131 i\u00e7in yap\u0131lan \u00e7a\u011fr\u0131ya 3000 kad\u0131n ba\u015fvururken ayn\u0131 \u00e7a\u011fr\u0131ya yaln\u0131zca 300 erkek d\u00f6n\u00fc\u015f yap\u0131yor? Ba\u015fka bir deyi\u015fle, T\u00fcrkiye\u2019de neden kad\u0131nlar kendini yetersiz bulmaya daha meyilli? Kad\u0131nlar\u0131n \u00e7ocukken ailede, sonra toplumda, i\u015fyerlerinde ya\u015fad\u0131\u011f\u0131 hangi deneyimler onlar\u0131 bu noktaya getiriyor?    Evrim Kuran, Ba\u015far\u0131l\u0131 Bir Kad\u0131n Oldu\u011fum \u0130\u00e7in \u00d6z\u00fcr Dilerim\u2019de i\u015fte bu sorunun pe\u015fine d\u00fc\u015f\u00fcyor. B\u00fcy\u00fck bir cesaretle, kendi impostor sendromunu da yans\u0131tarak, t\u00fcm \u015feffafl\u0131\u011f\u0131yla ya\u015fad\u0131klar\u0131n\u0131 sat\u0131rlara aktararak bize kendimizi anlamam\u0131z yolunda yolda\u015fl\u0131k ediyor.   Kendi kendisini var eden, etmi\u015f, edecek t\u00fcm kad\u0131nlara\u2026 <\/p>\n","protected":false},"excerpt":{"rendered":"<p>Baz\u0131 ba\u015far\u0131l\u0131 kad\u0131nlar\u0131n arkas\u0131nda onlara bilgi\u00e7lik taslayan adamlar vard\u0131r. Baz\u0131 ba\u015far\u0131l\u0131 kad\u0131nlar\u0131n arkas\u0131nda ahlak\u00e7\u0131 ve ikiy\u00fczl\u00fc bir toplum vard\u0131r. Baz\u0131 ba\u015far\u0131l\u0131 kad\u0131nlar\u0131n arkas\u0131nda ona bak\u0131p kendini<span class=\"excerpt-hellip\"> [\u2026]<\/span><\/p>\n","protected":false},"featured_media":0,"template":"","meta":{"_monsterinsights_skip_tracking":false,"_monsterinsights_sitenote_active":false,"_monsterinsights_sitenote_note":"","_monsterinsights_sitenote_category":0},"product_brand":[],"product_cat":[14009,12291],"product_tag":[],"class_list":{"0":"post-779249","1":"product","2":"type-product","3":"status-publish","5":"product_cat-biyografi-otobiyografi-edebiyat","6":"product_cat-edebiyat","7":"pa_cilt-ciltsiz","8":"pa_tur-kitap","9":"pa_yayinevi-mundi","10":"pa_yazar-evrim-kuran","12":"first","13":"instock","14":"sale","15":"shipping-taxable","16":"purchasable","17":"product-type-simple"},"_links":{"self":[{"href":"https:\/\/roveyayinevi.com.tr\/index.php\/wp-json\/wp\/v2\/product\/779249","targetHints":{"allow":["GET"]}}],"collection":[{"href":"https:\/\/roveyayinevi.com.tr\/index.php\/wp-json\/wp\/v2\/product"}],"about":[{"href":"https:\/\/roveyayinevi.com.tr\/index.php\/wp-json\/wp\/v2\/types\/product"}],"wp:attachment":[{"href":"https:\/\/roveyayinevi.com.tr\/index.php\/wp-json\/wp\/v2\/media?parent=779249"}],"wp:term":[{"taxonomy":"product_brand","embeddable":true,"href":"https:\/\/roveyayinevi.com.tr\/index.php\/wp-json\/wp\/v2\/product_brand?post=779249"},{"taxonomy":"product_cat","embeddable":true,"href":"https:\/\/roveyayinevi.com.tr\/index.php\/wp-json\/wp\/v2\/product_cat?post=779249"},{"taxonomy":"product_tag","embeddable":true,"href":"https:\/\/roveyayinevi.com.tr\/index.php\/wp-json\/wp\/v2\/product_tag?post=779249"}],"curies":[{"name":"wp","href":"https:\/\/api.w.org\/{rel}","templated":true}]}}