{"id":779248,"date":"2025-12-30T11:23:36","date_gmt":"2025-12-30T08:23:36","guid":{"rendered":"https:\/\/roveyayinevi.com.tr\/index.php\/urun\/magara-vardir\/"},"modified":"2026-04-16T03:13:09","modified_gmt":"2026-04-16T00:13:09","slug":"magara-vardir","status":"publish","type":"product","link":"https:\/\/roveyayinevi.com.tr\/index.php\/urun\/magara-vardir\/","title":{"rendered":"Ma\u011fara Vard\u0131r"},"content":{"rendered":"<p>patikay\u0131 izleyerek, bir i\u015faret bekledik sazl\u0131klardan sana g\u00f6l suyuna dinginlik, sana yosun ferahl\u0131\u011f\u0131 ver elini, seni eksik uzvun tesellisi, a\u011fr\u0131yan kemi\u011fin. kan birikiyor, ilk g\u00fcn\u00fcm\u00fcz, ka\u00e7\u0131nc\u0131 ay\u0131m\u0131z takvime bak, bug\u00fcn do\u011fmayanlar i\u00e7in isim \u00f6nerileri her gelene bir aziz, her d\u00fcne s\u0131rt \u00e7evirme sana ya\u015fayacak ne kal\u0131yor geriye et et \u00fcst\u00fcne insan \u00f6p\u00fcp yan\u0131m\u0131za ald\u0131k \u00f6p\u00fcp ard\u0131m\u0131zda b\u0131rakt\u0131k ver elini, seni, yolumuzu bulmay\u0131, buraya daha \u00f6nce geldin mi, evine?<\/p>\n","protected":false},"excerpt":{"rendered":"<p>patikay\u0131 izleyerek, bir i\u015faret bekledik sazl\u0131klardan sana g\u00f6l suyuna dinginlik, sana yosun ferahl\u0131\u011f\u0131 ver elini, seni eksik uzvun tesellisi, a\u011fr\u0131yan kemi\u011fin. kan birikiyor, ilk g\u00fcn\u00fcm\u00fcz, ka\u00e7\u0131nc\u0131<span class=\"excerpt-hellip\"> [\u2026]<\/span><\/p>\n","protected":false},"featured_media":0,"template":"","meta":{"_monsterinsights_skip_tracking":false,"_monsterinsights_sitenote_active":false,"_monsterinsights_sitenote_note":"","_monsterinsights_sitenote_category":0},"product_brand":[],"product_cat":[12291,12509],"product_tag":[],"class_list":{"0":"post-779248","1":"product","2":"type-product","3":"status-publish","5":"product_cat-edebiyat","6":"product_cat-siir","7":"pa_cilt-ciltsiz","8":"pa_tur-kitap","9":"pa_yayinevi-everest-yayinlari","10":"pa_yazar-selcan-peksan","12":"first","13":"instock","14":"sale","15":"shipping-taxable","16":"purchasable","17":"product-type-simple"},"_links":{"self":[{"href":"https:\/\/roveyayinevi.com.tr\/index.php\/wp-json\/wp\/v2\/product\/779248","targetHints":{"allow":["GET"]}}],"collection":[{"href":"https:\/\/roveyayinevi.com.tr\/index.php\/wp-json\/wp\/v2\/product"}],"about":[{"href":"https:\/\/roveyayinevi.com.tr\/index.php\/wp-json\/wp\/v2\/types\/product"}],"wp:attachment":[{"href":"https:\/\/roveyayinevi.com.tr\/index.php\/wp-json\/wp\/v2\/media?parent=779248"}],"wp:term":[{"taxonomy":"product_brand","embeddable":true,"href":"https:\/\/roveyayinevi.com.tr\/index.php\/wp-json\/wp\/v2\/product_brand?post=779248"},{"taxonomy":"product_cat","embeddable":true,"href":"https:\/\/roveyayinevi.com.tr\/index.php\/wp-json\/wp\/v2\/product_cat?post=779248"},{"taxonomy":"product_tag","embeddable":true,"href":"https:\/\/roveyayinevi.com.tr\/index.php\/wp-json\/wp\/v2\/product_tag?post=779248"}],"curies":[{"name":"wp","href":"https:\/\/api.w.org\/{rel}","templated":true}]}}