{"id":779244,"date":"2025-12-30T11:22:01","date_gmt":"2025-12-30T08:22:01","guid":{"rendered":"https:\/\/roveyayinevi.com.tr\/index.php\/urun\/17-numara-matem-ciltli\/"},"modified":"2026-03-26T12:55:10","modified_gmt":"2026-03-26T09:55:10","slug":"17-numara-matem-ciltli","status":"publish","type":"product","link":"https:\/\/roveyayinevi.com.tr\/index.php\/urun\/17-numara-matem-ciltli\/","title":{"rendered":"17 Numara Matem (Ciltli)"},"content":{"rendered":"<p>Dijital platformda milyonlarca ki\u015fi taraf\u0131ndan okunan 17 Numara serisi, final kitab\u0131 ile kalp at\u0131\u015flar\u0131n\u0131z\u0131 h\u0131zland\u0131r\u0131rken nefesinizi kesecek. \u201cMESELE EN BA\u015eINDAN BER\u0130 KAT\u0130L OLMAK DE\u011e\u0130LD\u0130, \u0130NT\u0130KAM U\u011eRUNA NELER YAPAB\u0130LECE\u011e\u0130M\u0130ZD\u0130.\u201d \u00d6nceleri s\u0131radan bir \u00fcniversite \u00f6\u011frencisi olan Defne, karanl\u0131k ge\u00e7mi\u015finden getirdikleri y\u00fcz\u00fcnden art\u0131k 17 Numara\u2019d\u0131r. S\u0131r perdesinin aralanmas\u0131yla, asl\u0131nda do\u011fru bildi\u011fi her \u015feyin korkun\u00e7 ve kanl\u0131 bir piyesten ibaret oldu\u011funu \u00f6\u011frenir. R\u00fcyalar\u0131nda g\u00f6rd\u00fc\u011f\u00fc k\u00fc\u00e7\u00fck k\u0131z\u0131n kim oldu\u011funu hat\u0131rlad\u0131\u011f\u0131nda, bedel \u00f6demenin zaman\u0131 gelmi\u015ftir. Karde\u015finin katilini arayan As\u0131r, art\u0131k kimden intikam alaca\u011f\u0131n\u0131 biliyordur ve intikam yeminlerinin en b\u00fcy\u00fc\u011f\u00fcn\u00fc etmi\u015ftir: cana kar\u015f\u0131 can\u2026 As\u0131r ve Defne\u2019nin katliamla ba\u015flayan hik\u00e2yeleri, kan dolu bir piyesle devam etmi\u015f ve intikam ate\u015fiyle yan\u0131p k\u00fcl olmu\u015ftur. Her \u015fey yand\u0131\u011f\u0131nda geriye yaln\u0131zca kararan kalplerindeki intikam kalm\u0131\u015ft\u0131r. \u0130ntikam u\u011fruna al\u0131nan canlar, yak\u0131lan hat\u0131ralar, s\u00f6nen umutlar ve veda edilen g\u00fczel duygular\u2026 Art\u0131k bu bir yok olu\u015f hik\u00e2yesidir ve sahnenin sahibi bu kez yaln\u0131zca Defne Karaca de\u011fildir. As\u0131r \u00e7oktan kendi sahnesini kurmu\u015f, perdeyi aralam\u0131\u015ft\u0131r. Fatma \u015eamata\u2019n\u0131n \u00e7ok satan 17 Numara Serisi \u00fc\u00e7 kitaptan olu\u015fmaktad\u0131r: 17 Numara &#8211; Katliam, 17 Numara &#8211; Piyes, 17 Numara &#8211; Matem<\/p>\n","protected":false},"excerpt":{"rendered":"<p>Dijital platformda milyonlarca ki\u015fi taraf\u0131ndan okunan 17 Numara serisi, final kitab\u0131 ile kalp at\u0131\u015flar\u0131n\u0131z\u0131 h\u0131zland\u0131r\u0131rken nefesinizi kesecek. \u201cMESELE EN BA\u015eINDAN BER\u0130 KAT\u0130L OLMAK DE\u011e\u0130LD\u0130, \u0130NT\u0130KAM U\u011eRUNA<span class=\"excerpt-hellip\"> [\u2026]<\/span><\/p>\n","protected":false},"featured_media":0,"template":"","meta":{"_monsterinsights_skip_tracking":false,"_monsterinsights_sitenote_active":false,"_monsterinsights_sitenote_note":"","_monsterinsights_sitenote_category":0},"product_brand":[],"product_cat":[12291,12711],"product_tag":[],"class_list":{"0":"post-779244","1":"product","2":"type-product","3":"status-publish","5":"product_cat-edebiyat","6":"product_cat-roman-oyku","7":"pa_cilt-ciltli","8":"pa_tur-kitap","9":"pa_yayinevi-artemis-yayinlari","10":"pa_yazar-fatma-samata","12":"first","13":"instock","14":"sale","15":"shipping-taxable","16":"purchasable","17":"product-type-simple"},"_links":{"self":[{"href":"https:\/\/roveyayinevi.com.tr\/index.php\/wp-json\/wp\/v2\/product\/779244","targetHints":{"allow":["GET"]}}],"collection":[{"href":"https:\/\/roveyayinevi.com.tr\/index.php\/wp-json\/wp\/v2\/product"}],"about":[{"href":"https:\/\/roveyayinevi.com.tr\/index.php\/wp-json\/wp\/v2\/types\/product"}],"wp:attachment":[{"href":"https:\/\/roveyayinevi.com.tr\/index.php\/wp-json\/wp\/v2\/media?parent=779244"}],"wp:term":[{"taxonomy":"product_brand","embeddable":true,"href":"https:\/\/roveyayinevi.com.tr\/index.php\/wp-json\/wp\/v2\/product_brand?post=779244"},{"taxonomy":"product_cat","embeddable":true,"href":"https:\/\/roveyayinevi.com.tr\/index.php\/wp-json\/wp\/v2\/product_cat?post=779244"},{"taxonomy":"product_tag","embeddable":true,"href":"https:\/\/roveyayinevi.com.tr\/index.php\/wp-json\/wp\/v2\/product_tag?post=779244"}],"curies":[{"name":"wp","href":"https:\/\/api.w.org\/{rel}","templated":true}]}}