{"id":779242,"date":"2025-12-30T11:21:49","date_gmt":"2025-12-30T08:21:49","guid":{"rendered":"https:\/\/roveyayinevi.com.tr\/index.php\/urun\/matematik-yaramazdir\/"},"modified":"2026-04-16T03:12:34","modified_gmt":"2026-04-16T00:12:34","slug":"matematik-yaramazdir","status":"publish","type":"product","link":"https:\/\/roveyayinevi.com.tr\/index.php\/urun\/matematik-yaramazdir\/","title":{"rendered":"Matematik \u201cYaramaz\u201dd\u0131r"},"content":{"rendered":"<p>\u201cMatematik ne i\u015fe yarar?\u201d Bu kitab\u0131n yazar\u0131n\u0131n en \u00e7ok sinirlendi\u011fi soru bu. Ama matematik \u00f6\u011fretmeni olarak en fazla kar\u015f\u0131la\u015ft\u0131\u011f\u0131 soru da, ayn\u0131 zamanda. Peki kusur, y\u00fczlerce form\u00fclle kar\u015f\u0131 kar\u015f\u0131ya kal\u0131p bunalan \u00f6\u011frencide mi? Matematik bilgisinin ve y\u00f6nteminin kendisine a\u00e7aca\u011f\u0131 ufuklar\u0131 kavrayamayan (ya da ya\u015fayamayan) \u00f6\u011frencilerin, ister istemez bu form\u00fcller y\u0131\u011f\u0131n\u0131n\u0131n gelecekte ne i\u015flerine yarayaca\u011f\u0131n\u0131 sorgulamas\u0131 do\u011fal de\u011fil mi? O halde b\u00fct\u00fcn \u201cmesele\u201d, matemati\u011fin nas\u0131l \u00f6\u011fretilece\u011fi, sevdirilece\u011fi ve nas\u0131l korkulur olmaktan \u00e7\u0131kar\u0131laca\u011f\u0131nda&#8230; Ahmet Do\u011fan, bu \u201cmeseleyi\u201d, 40 y\u0131ll\u0131k \u00f6\u011fretmenlik ya\u015fam\u0131 boyunca kendisine dert edenlerden. Bu kitab\u0131 \u00fcretmesinin nedeni de bu: Matemati\u011fi \u201c\u00f6c\u00fc\u201d olmaktan \u00e7\u0131karmak. Ak\u0131l y\u00fcr\u00fctmenin g\u00fczelli\u011fi, esteti\u011fi, keyfi ile \u00f6\u011frencileri tan\u0131\u015ft\u0131rmak. Bu nedenle, matematik \u00f6\u011fretimi alan\u0131ndaki deneyimlerini \u00f6rneklerle bezeyerek sayfalara aktard\u0131\u011f\u0131 bu kitab\u0131n\u0131n ba\u015fl\u0131\u011f\u0131nda da, en s\u0131k maruz kald\u0131\u011f\u0131 soruya yan\u0131t veriyor. Her iki anlam\u0131yla da: \u201cMatematik \u2018yaramaz\u2019d\u0131r!\u201d <\/p>\n","protected":false},"excerpt":{"rendered":"<p>\u201cMatematik ne i\u015fe yarar?\u201d Bu kitab\u0131n yazar\u0131n\u0131n en \u00e7ok sinirlendi\u011fi soru bu. Ama matematik \u00f6\u011fretmeni olarak en fazla kar\u015f\u0131la\u015ft\u0131\u011f\u0131 soru da, ayn\u0131 zamanda. Peki kusur, y\u00fczlerce<span class=\"excerpt-hellip\"> [\u2026]<\/span><\/p>\n","protected":false},"featured_media":0,"template":"","meta":{"_monsterinsights_skip_tracking":false,"_monsterinsights_sitenote_active":false,"_monsterinsights_sitenote_note":"","_monsterinsights_sitenote_category":0},"product_brand":[],"product_cat":[13005,16724],"product_tag":[],"class_list":{"0":"post-779242","1":"product","2":"type-product","3":"status-publish","5":"product_cat-bilim-muhendislik","6":"product_cat-matematik","7":"pa_cilt-ciltsiz","8":"pa_tur-kitap","9":"pa_yayinevi-telgrafhane-yayinlari","10":"pa_yazar-ahmet-dogan","12":"first","13":"instock","14":"sale","15":"shipping-taxable","16":"purchasable","17":"product-type-simple"},"_links":{"self":[{"href":"https:\/\/roveyayinevi.com.tr\/index.php\/wp-json\/wp\/v2\/product\/779242","targetHints":{"allow":["GET"]}}],"collection":[{"href":"https:\/\/roveyayinevi.com.tr\/index.php\/wp-json\/wp\/v2\/product"}],"about":[{"href":"https:\/\/roveyayinevi.com.tr\/index.php\/wp-json\/wp\/v2\/types\/product"}],"wp:attachment":[{"href":"https:\/\/roveyayinevi.com.tr\/index.php\/wp-json\/wp\/v2\/media?parent=779242"}],"wp:term":[{"taxonomy":"product_brand","embeddable":true,"href":"https:\/\/roveyayinevi.com.tr\/index.php\/wp-json\/wp\/v2\/product_brand?post=779242"},{"taxonomy":"product_cat","embeddable":true,"href":"https:\/\/roveyayinevi.com.tr\/index.php\/wp-json\/wp\/v2\/product_cat?post=779242"},{"taxonomy":"product_tag","embeddable":true,"href":"https:\/\/roveyayinevi.com.tr\/index.php\/wp-json\/wp\/v2\/product_tag?post=779242"}],"curies":[{"name":"wp","href":"https:\/\/api.w.org\/{rel}","templated":true}]}}