{"id":779238,"date":"2025-12-30T11:20:38","date_gmt":"2025-12-30T08:20:38","guid":{"rendered":"https:\/\/roveyayinevi.com.tr\/index.php\/urun\/kutsal-iklime-yolculuk\/"},"modified":"2026-04-16T03:11:48","modified_gmt":"2026-04-16T00:11:48","slug":"kutsal-iklime-yolculuk","status":"publish","type":"product","link":"https:\/\/roveyayinevi.com.tr\/index.php\/urun\/kutsal-iklime-yolculuk\/","title":{"rendered":"Kutsal \u0130klime Yolculuk"},"content":{"rendered":"<p>Beytull\u00e2h yolculu\u011funda bir ayr\u0131l\u0131\u015f tablosu vard\u0131r ya\u015fayana, anadan, babadan, y\u00e2rdan ve \u00e7ocuklardan&#8230; Bu, asl\u0131nda hi\u00e7 unutulmamas\u0131 gereken, her daim canl\u0131 tutulmas\u0131 elzem olan bir duygu&#8230; Ayr\u0131l\u0131\u015flar\u0131n ne zaman olaca\u011f\u0131 belli mi ki? D\u00fcnyal\u0131k s\u00fcrenin ne zaman dolaca\u011f\u0131n\u0131 biliyor musun? \u00d6yleyse ayr\u0131l\u0131\u015flara her daim haz\u0131rl\u0131kl\u0131 olmal\u0131s\u0131n. \u0130\u015fte bu yolculuk bunun bir hat\u0131rlat\u0131c\u0131s\u0131. Ya d\u00f6n\u00fc\u015f\u00fcn yoksa! Er ya da ge\u00e7 ya\u015fanacak olan\u0131 hi\u00e7 unutma! Zordur ayr\u0131l\u0131\u015flar; gidece\u011fin yere gitmek istemesen de! \u00c7eker al\u0131r seni y\u00e2rdan arkada\u015ftan. <\/p>\n","protected":false},"excerpt":{"rendered":"<p>Beytull\u00e2h yolculu\u011funda bir ayr\u0131l\u0131\u015f tablosu vard\u0131r ya\u015fayana, anadan, babadan, y\u00e2rdan ve \u00e7ocuklardan&#8230; Bu, asl\u0131nda hi\u00e7 unutulmamas\u0131 gereken, her daim canl\u0131 tutulmas\u0131 elzem olan bir duygu&#8230; Ayr\u0131l\u0131\u015flar\u0131n<span class=\"excerpt-hellip\"> [\u2026]<\/span><\/p>\n","protected":false},"featured_media":0,"template":"","meta":{"_monsterinsights_skip_tracking":false,"_monsterinsights_sitenote_active":false,"_monsterinsights_sitenote_note":"","_monsterinsights_sitenote_category":0},"product_brand":[],"product_cat":[13054],"product_tag":[],"class_list":{"0":"post-779238","1":"product","2":"type-product","3":"status-publish","5":"product_cat-gezi-ve-rehber-kitaplari","6":"pa_cilt-ciltsiz","7":"pa_tur-kitap","8":"pa_yayinevi-gulnar-yayinlari","9":"pa_yazar-muhammed-isik","11":"first","12":"instock","13":"sale","14":"shipping-taxable","15":"purchasable","16":"product-type-simple"},"_links":{"self":[{"href":"https:\/\/roveyayinevi.com.tr\/index.php\/wp-json\/wp\/v2\/product\/779238","targetHints":{"allow":["GET"]}}],"collection":[{"href":"https:\/\/roveyayinevi.com.tr\/index.php\/wp-json\/wp\/v2\/product"}],"about":[{"href":"https:\/\/roveyayinevi.com.tr\/index.php\/wp-json\/wp\/v2\/types\/product"}],"wp:attachment":[{"href":"https:\/\/roveyayinevi.com.tr\/index.php\/wp-json\/wp\/v2\/media?parent=779238"}],"wp:term":[{"taxonomy":"product_brand","embeddable":true,"href":"https:\/\/roveyayinevi.com.tr\/index.php\/wp-json\/wp\/v2\/product_brand?post=779238"},{"taxonomy":"product_cat","embeddable":true,"href":"https:\/\/roveyayinevi.com.tr\/index.php\/wp-json\/wp\/v2\/product_cat?post=779238"},{"taxonomy":"product_tag","embeddable":true,"href":"https:\/\/roveyayinevi.com.tr\/index.php\/wp-json\/wp\/v2\/product_tag?post=779238"}],"curies":[{"name":"wp","href":"https:\/\/api.w.org\/{rel}","templated":true}]}}