{"id":779237,"date":"2025-12-30T11:20:30","date_gmt":"2025-12-30T08:20:30","guid":{"rendered":"https:\/\/roveyayinevi.com.tr\/index.php\/urun\/lisansustu-tez-yazim-kilavuzu\/"},"modified":"2026-04-16T03:11:44","modified_gmt":"2026-04-16T00:11:44","slug":"lisansustu-tez-yazim-kilavuzu","status":"publish","type":"product","link":"https:\/\/roveyayinevi.com.tr\/index.php\/urun\/lisansustu-tez-yazim-kilavuzu\/","title":{"rendered":"Lisans\u00fcst\u00fc Tez Yaz\u0131m K\u0131lavuzu"},"content":{"rendered":"<p>Her metnin kendine g\u00f6re bir yaz\u0131m kural\u0131 ve kaidesi vard\u0131r. Sosyal bilimler alan\u0131nda y\u00fcksek lisans ve doktora d\u00fczeyinde haz\u0131rlanan tezlerin yaz\u0131m\u0131nda da uyulmas\u0131 gereken temel kriterler mevcuttur. Sosyal bilimler alan\u0131nda tezler, geli\u015fi g\u00fczel yaz\u0131lan serbest metinler de\u011fildir. Tezlerde ele al\u0131nan konular, s\u0131k\u0131 bir y\u00f6ntemsel disiplin i\u00e7inde ele al\u0131n\u0131r ve analitik bir yakla\u015f\u0131mla i\u015flenirler. Her tez, \u201ci\u00e7erik\u201d, \u201cy\u00f6ntem\u201d ve \u201cestetik\u201d gibi \u00fc\u00e7 boyut \u00fczerine bina edilir. Doktora tezlerinde ayr\u0131ca bunlara ilave olarak \u00f6zg\u00fcn bir tezin, teorik bir yakla\u015f\u0131m\u0131n, kavramsal bir \u00e7er\u00e7evenin geli\u015ftirilerek bilime, alana ya da y\u00f6ntemden en az birisine katk\u0131 sa\u011flanmas\u0131 gerekir. \u00dcniversitemiz, lisans\u00fcst\u00fc programlar alan\u0131nda olduk\u00e7a iddial\u0131d\u0131r. Sosyal Bilimler Enstit\u00fcs\u00fc b\u00fcnyesinde 2017 y\u0131l\u0131 itibariyle 50 civar\u0131nda y\u00fcksek lisans ve doktora program\u0131yla \u00f6\u011frencilerimize hizmet vermekteyiz. Bu programlarda haz\u0131rlanan bitirme projelerinin, y\u00fcksek lisans ve doktora tezlerinin bilimsel ara\u015ft\u0131rma y\u00f6ntemlerine uygun olarak yaz\u0131lmas\u0131 i\u00e7in bu Tez Yaz\u0131m K\u0131lavuzu haz\u0131rlanm\u0131\u015ft\u0131r.<\/p>\n","protected":false},"excerpt":{"rendered":"<p>Her metnin kendine g\u00f6re bir yaz\u0131m kural\u0131 ve kaidesi vard\u0131r. Sosyal bilimler alan\u0131nda y\u00fcksek lisans ve doktora d\u00fczeyinde haz\u0131rlanan tezlerin yaz\u0131m\u0131nda da uyulmas\u0131 gereken temel kriterler<span class=\"excerpt-hellip\"> [\u2026]<\/span><\/p>\n","protected":false},"featured_media":0,"template":"","meta":{"_monsterinsights_skip_tracking":false,"_monsterinsights_sitenote_active":false,"_monsterinsights_sitenote_note":"","_monsterinsights_sitenote_category":0},"product_brand":[],"product_cat":[12573,12566],"product_tag":[],"class_list":{"0":"post-779237","1":"product","2":"type-product","3":"status-publish","5":"product_cat-akademik-kitaplar","6":"product_cat-egitim","7":"pa_cilt-ciltsiz","8":"pa_tur-kitap","9":"pa_yayinevi-istanbul-sabahattin-zaim-universitesi","10":"pa_yazar-mehmet-cetin-mustafa-ozgenel-omer-caha","12":"first","13":"instock","14":"sale","15":"shipping-taxable","16":"purchasable","17":"product-type-simple"},"_links":{"self":[{"href":"https:\/\/roveyayinevi.com.tr\/index.php\/wp-json\/wp\/v2\/product\/779237","targetHints":{"allow":["GET"]}}],"collection":[{"href":"https:\/\/roveyayinevi.com.tr\/index.php\/wp-json\/wp\/v2\/product"}],"about":[{"href":"https:\/\/roveyayinevi.com.tr\/index.php\/wp-json\/wp\/v2\/types\/product"}],"wp:attachment":[{"href":"https:\/\/roveyayinevi.com.tr\/index.php\/wp-json\/wp\/v2\/media?parent=779237"}],"wp:term":[{"taxonomy":"product_brand","embeddable":true,"href":"https:\/\/roveyayinevi.com.tr\/index.php\/wp-json\/wp\/v2\/product_brand?post=779237"},{"taxonomy":"product_cat","embeddable":true,"href":"https:\/\/roveyayinevi.com.tr\/index.php\/wp-json\/wp\/v2\/product_cat?post=779237"},{"taxonomy":"product_tag","embeddable":true,"href":"https:\/\/roveyayinevi.com.tr\/index.php\/wp-json\/wp\/v2\/product_tag?post=779237"}],"curies":[{"name":"wp","href":"https:\/\/api.w.org\/{rel}","templated":true}]}}