{"id":779236,"date":"2025-12-30T11:20:24","date_gmt":"2025-12-30T08:20:24","guid":{"rendered":"https:\/\/roveyayinevi.com.tr\/index.php\/urun\/sakin-yalan-soyleme\/"},"modified":"2026-04-08T03:20:09","modified_gmt":"2026-04-08T00:20:09","slug":"sakin-yalan-soyleme","status":"publish","type":"product","link":"https:\/\/roveyayinevi.com.tr\/index.php\/urun\/sakin-yalan-soyleme\/","title":{"rendered":"Sak\u0131n Yalan S\u00f6yleme"},"content":{"rendered":"<p>Yeni evli Tricia ve Ethan \u00e7ifti, hayallerini su\u0308sleyen evi aramaktad\u0131r. D\u00f6rt y\u0131l \u00f6nce s\u0131rra kadem basan u\u0308nlu\u0308 psikiyatrist Dr. Adrienne Hale\u2019in \u015fehir d\u0131\u015f\u0131ndaki malik\u00e2nesine bakmaya gittiklerinde \u015fiddetli kar f\u0131rt\u0131nas\u0131 sebebiyle evde mahsur kal\u0131rlar\u2026 Tipi dinene kadar da oradan \u00e7\u0131kmalar\u0131 imk\u00e2ns\u0131zd\u0131r. Tricia, kar hafifleyene kadar oyalanmak i\u00e7in okuyabilece\u011fi bir kitap ararken gizli bir oda bulur. Bu odada, Dr. Hale\u2019in hastalar\u0131yla yapt\u0131\u011f\u0131 bu\u0308tu\u0308n g\u00f6ru\u0308\u015fmelerin ses kay\u0131tlar\u0131 bulunmaktad\u0131r. Tricia kasetleri dinledik\u00e7e Dr. Hale\u2019in esrarengiz bi\u00e7imde ortadan kaybolmas\u0131yla sonu\u00e7lanan korkun\u00e7 olaylar silsilesinin perde arkas\u0131n\u0131 anlamaya ba\u015flar. Tricia gece yar\u0131s\u0131na kadar bu\u0308tu\u0308n kasetleri teker teker dinler. Her birinin ard\u0131ndan bulmacan\u0131n bir ba\u015fka \u015fok edici par\u00e7as\u0131 daha yerine otururken Dr. Adrienne Hale\u2019in yalanlar\u0131 da yava\u015f yava\u015f gu\u0308n yu\u0308zu\u0308ne \u00e7\u0131kmaktad\u0131r. Tricia nihayetinde son kasete ula\u015ft\u0131\u011f\u0131nda korkun\u00e7 ger\u00e7ekle yu\u0308zle\u015fmeye sahiden haz\u0131r m\u0131d\u0131r? <\/p>\n","protected":false},"excerpt":{"rendered":"<p>Yeni evli Tricia ve Ethan \u00e7ifti, hayallerini su\u0308sleyen evi aramaktad\u0131r. D\u00f6rt y\u0131l \u00f6nce s\u0131rra kadem basan u\u0308nlu\u0308 psikiyatrist Dr. Adrienne Hale\u2019in \u015fehir d\u0131\u015f\u0131ndaki malik\u00e2nesine bakmaya gittiklerinde<span class=\"excerpt-hellip\"> [\u2026]<\/span><\/p>\n","protected":false},"featured_media":0,"template":"","meta":{"_monsterinsights_skip_tracking":false,"_monsterinsights_sitenote_active":false,"_monsterinsights_sitenote_note":"","_monsterinsights_sitenote_category":0},"product_brand":[],"product_cat":[12291,17033],"product_tag":[],"class_list":{"0":"post-779236","1":"product","2":"type-product","3":"status-publish","5":"product_cat-edebiyat","6":"product_cat-korku-gerilim","7":"pa_cilt-ciltsiz","8":"pa_tur-kitap","9":"pa_yayinevi-olimpos-yayinlari","10":"pa_yazar-freida-mcfadden","12":"first","13":"instock","14":"sale","15":"shipping-taxable","16":"purchasable","17":"product-type-simple"},"_links":{"self":[{"href":"https:\/\/roveyayinevi.com.tr\/index.php\/wp-json\/wp\/v2\/product\/779236","targetHints":{"allow":["GET"]}}],"collection":[{"href":"https:\/\/roveyayinevi.com.tr\/index.php\/wp-json\/wp\/v2\/product"}],"about":[{"href":"https:\/\/roveyayinevi.com.tr\/index.php\/wp-json\/wp\/v2\/types\/product"}],"wp:attachment":[{"href":"https:\/\/roveyayinevi.com.tr\/index.php\/wp-json\/wp\/v2\/media?parent=779236"}],"wp:term":[{"taxonomy":"product_brand","embeddable":true,"href":"https:\/\/roveyayinevi.com.tr\/index.php\/wp-json\/wp\/v2\/product_brand?post=779236"},{"taxonomy":"product_cat","embeddable":true,"href":"https:\/\/roveyayinevi.com.tr\/index.php\/wp-json\/wp\/v2\/product_cat?post=779236"},{"taxonomy":"product_tag","embeddable":true,"href":"https:\/\/roveyayinevi.com.tr\/index.php\/wp-json\/wp\/v2\/product_tag?post=779236"}],"curies":[{"name":"wp","href":"https:\/\/api.w.org\/{rel}","templated":true}]}}