{"id":779232,"date":"2025-12-30T11:18:56","date_gmt":"2025-12-30T08:18:56","guid":{"rendered":"https:\/\/roveyayinevi.com.tr\/index.php\/urun\/islik-2\/"},"modified":"2026-04-16T03:10:42","modified_gmt":"2026-04-16T00:10:42","slug":"islik-2","status":"publish","type":"product","link":"https:\/\/roveyayinevi.com.tr\/index.php\/urun\/islik-2\/","title":{"rendered":"Isl\u0131k"},"content":{"rendered":"<p>Bir gencin, gecenin bir vaktinde, sebebini bilmeden \u00e7almaya ba\u015flad\u0131\u011f\u0131 \u0131sl\u0131k&#8230; Ve o \u0131sl\u0131ktan yay\u0131lan davete icabet eden ruhani varl\u0131klar&#8230; Yavuz, nazar boncu\u011funda hapis kald\u0131\u011f\u0131 s\u00fcre i\u00e7eresinde, onu g\u00f6z\u00fcne kestirmi\u015f olan bir \u201cCinnia.\u201d \u0130ki \u00e2lem aras\u0131ndaki en g\u00fc\u00e7l\u00fc \u00e7ocu\u011fun do\u011fu\u015fu&#8230; G\u00fcn y\u00fcz\u00fcne \u00e7\u0131kmam\u0131\u015f olan pek \u00e7ok s\u0131r ortaya seriliyor. Yavuz ve nazar boncu\u011funun s\u00fcr\u00fckleyici sonu. Hepsi ve daha fazlas\u0131 elinizde tuttu\u011funuz bu kitab\u0131n i\u00e7erisinde.   G\u00f6zle g\u00f6r\u00fcnmeyen varl\u0131klar, kanla imzalanan bir anla\u015fma, hayat\u0131n\u0131n a\u015fk\u0131n\u0131 buldu\u011funu sanan bir gen\u00e7 ve bu \u00fc\u00e7gen i\u00e7erisinde mekik dokuyan Akif Hoca&#8230; Gerilim ve aksiyon seni bekliyor. Haz\u0131r m\u0131s\u0131n?<\/p>\n","protected":false},"excerpt":{"rendered":"<p>Bir gencin, gecenin bir vaktinde, sebebini bilmeden \u00e7almaya ba\u015flad\u0131\u011f\u0131 \u0131sl\u0131k&#8230; Ve o \u0131sl\u0131ktan yay\u0131lan davete icabet eden ruhani varl\u0131klar&#8230; Yavuz, nazar boncu\u011funda hapis kald\u0131\u011f\u0131 s\u00fcre i\u00e7eresinde,<span class=\"excerpt-hellip\"> [\u2026]<\/span><\/p>\n","protected":false},"featured_media":0,"template":"","meta":{"_monsterinsights_skip_tracking":false,"_monsterinsights_sitenote_active":false,"_monsterinsights_sitenote_note":"","_monsterinsights_sitenote_category":0},"product_brand":[],"product_cat":[12291,12711],"product_tag":[],"class_list":{"0":"post-779232","1":"product","2":"type-product","3":"status-publish","5":"product_cat-edebiyat","6":"product_cat-roman-oyku","7":"pa_cilt-ciltsiz","8":"pa_tur-kitap","9":"pa_yayinevi-luna-yayinlari","10":"pa_yazar-suleyman-mert","12":"first","13":"instock","14":"sale","15":"shipping-taxable","16":"purchasable","17":"product-type-simple"},"_links":{"self":[{"href":"https:\/\/roveyayinevi.com.tr\/index.php\/wp-json\/wp\/v2\/product\/779232","targetHints":{"allow":["GET"]}}],"collection":[{"href":"https:\/\/roveyayinevi.com.tr\/index.php\/wp-json\/wp\/v2\/product"}],"about":[{"href":"https:\/\/roveyayinevi.com.tr\/index.php\/wp-json\/wp\/v2\/types\/product"}],"wp:attachment":[{"href":"https:\/\/roveyayinevi.com.tr\/index.php\/wp-json\/wp\/v2\/media?parent=779232"}],"wp:term":[{"taxonomy":"product_brand","embeddable":true,"href":"https:\/\/roveyayinevi.com.tr\/index.php\/wp-json\/wp\/v2\/product_brand?post=779232"},{"taxonomy":"product_cat","embeddable":true,"href":"https:\/\/roveyayinevi.com.tr\/index.php\/wp-json\/wp\/v2\/product_cat?post=779232"},{"taxonomy":"product_tag","embeddable":true,"href":"https:\/\/roveyayinevi.com.tr\/index.php\/wp-json\/wp\/v2\/product_tag?post=779232"}],"curies":[{"name":"wp","href":"https:\/\/api.w.org\/{rel}","templated":true}]}}