{"id":779231,"date":"2025-12-30T11:18:48","date_gmt":"2025-12-30T08:18:48","guid":{"rendered":"https:\/\/roveyayinevi.com.tr\/index.php\/urun\/bag-fani-baglar-baki\/"},"modified":"2026-04-16T03:10:39","modified_gmt":"2026-04-16T00:10:39","slug":"bag-fani-baglar-baki","status":"publish","type":"product","link":"https:\/\/roveyayinevi.com.tr\/index.php\/urun\/bag-fani-baglar-baki\/","title":{"rendered":"Ba\u011f Fani, Ba\u011flar Baki"},"content":{"rendered":"<p>\u0130nsan\u0131 insana vesile k\u0131lan kader, bu kez U\u00e7hisar\u2019dan \u015eehr-i \u0130stanbul\u2019a do\u011fru uzanan a\u011flar\u0131yla Hasan\u2019\u0131 sinesine \u00e7ekmeye haz\u0131rlan\u0131rken bir ba\u015fka kader de bamba\u015fka bir yazg\u0131yla yaz\u0131l\u0131p, hayatlar\u0131na m\u00fcrekkep m\u00fcrekkep ak\u0131yordu. \u0130nsan\u0131n umdu\u011fuyla buldu\u011funun aras\u0131nda kald\u0131\u011f\u0131 vakit, yapt\u0131\u011f\u0131 se\u00e7imlere g\u00f6re \u015fekillenirdi al\u0131n yaz\u0131s\u0131. Planlar her zaman devreye girmeye f\u0131rsat bulamaz, kimi zaman ertelenir kimi zaman da rafa kald\u0131r\u0131l\u0131rd\u0131.     \u015eule An\u0131l Sonkaya, yine s\u00fck\u00fbnetin ahenkli dilini, ak\u0131c\u0131 \u00fcslubuyla harmanlay\u0131p, okuru bu sefer tarihin derinliklerinde bir yolculu\u011fa \u00e7\u0131kar\u0131yor. Ba\u011f F\u00e2ni, Ba\u011flar B\u00e2ki, U\u00e7hisarl\u0131 bir ailenin peribacalar\u0131n\u0131n g\u00f6lgesinde ba\u015flayan, Y\u0131ld\u0131z Saray\u0131\u2019na u\u011fray\u0131p Konya\u2019da devam eden hayat yolunun muazzam bir hik\u00e2yesi.<\/p>\n","protected":false},"excerpt":{"rendered":"<p>\u0130nsan\u0131 insana vesile k\u0131lan kader, bu kez U\u00e7hisar\u2019dan \u015eehr-i \u0130stanbul\u2019a do\u011fru uzanan a\u011flar\u0131yla Hasan\u2019\u0131 sinesine \u00e7ekmeye haz\u0131rlan\u0131rken bir ba\u015fka kader de bamba\u015fka bir yazg\u0131yla yaz\u0131l\u0131p, hayatlar\u0131na<span class=\"excerpt-hellip\"> [\u2026]<\/span><\/p>\n","protected":false},"featured_media":0,"template":"","meta":{"_monsterinsights_skip_tracking":false,"_monsterinsights_sitenote_active":false,"_monsterinsights_sitenote_note":"","_monsterinsights_sitenote_category":0},"product_brand":[],"product_cat":[12291,12711],"product_tag":[],"class_list":{"0":"post-779231","1":"product","2":"type-product","3":"status-publish","5":"product_cat-edebiyat","6":"product_cat-roman-oyku","7":"pa_cilt-ciltsiz","8":"pa_tur-kitap","9":"pa_yayinevi-luna-yayinlari","10":"pa_yazar-sule-anil-sonkaya","12":"first","13":"instock","14":"sale","15":"shipping-taxable","16":"purchasable","17":"product-type-simple"},"_links":{"self":[{"href":"https:\/\/roveyayinevi.com.tr\/index.php\/wp-json\/wp\/v2\/product\/779231","targetHints":{"allow":["GET"]}}],"collection":[{"href":"https:\/\/roveyayinevi.com.tr\/index.php\/wp-json\/wp\/v2\/product"}],"about":[{"href":"https:\/\/roveyayinevi.com.tr\/index.php\/wp-json\/wp\/v2\/types\/product"}],"wp:attachment":[{"href":"https:\/\/roveyayinevi.com.tr\/index.php\/wp-json\/wp\/v2\/media?parent=779231"}],"wp:term":[{"taxonomy":"product_brand","embeddable":true,"href":"https:\/\/roveyayinevi.com.tr\/index.php\/wp-json\/wp\/v2\/product_brand?post=779231"},{"taxonomy":"product_cat","embeddable":true,"href":"https:\/\/roveyayinevi.com.tr\/index.php\/wp-json\/wp\/v2\/product_cat?post=779231"},{"taxonomy":"product_tag","embeddable":true,"href":"https:\/\/roveyayinevi.com.tr\/index.php\/wp-json\/wp\/v2\/product_tag?post=779231"}],"curies":[{"name":"wp","href":"https:\/\/api.w.org\/{rel}","templated":true}]}}