{"id":779225,"date":"2025-12-30T11:17:05","date_gmt":"2025-12-30T08:17:05","guid":{"rendered":"https:\/\/roveyayinevi.com.tr\/index.php\/urun\/gelin-tanis-olalim\/"},"modified":"2026-03-24T03:08:02","modified_gmt":"2026-03-24T00:08:02","slug":"gelin-tanis-olalim","status":"publish","type":"product","link":"https:\/\/roveyayinevi.com.tr\/index.php\/urun\/gelin-tanis-olalim\/","title":{"rendered":"Gelin Tan\u0131\u015f Olal\u0131m"},"content":{"rendered":"<p>\u201cBir d\u00fc\u015f\u00fcn, ne \u00e7ok \u015fey ar\u0131yoruz bir \u00f6m\u00fcr boyu. Ne \u00e7ok h\u0131rs. Ne \u00e7ok \u00fcz\u00fcnt\u00fc, s\u0131k\u0131nt\u0131, korku, tela\u015f, endi\u015fe\u2026 Peki buldun mu arad\u0131\u011f\u0131n\u0131? Ne arad\u0131n?\u201d Anadolu\u2019nun kadim s\u00f6zl\u00fc eserlerini tiyatro sahnesine ustal\u0131kla nak\u015federek dervi\u015f felsefesini bug\u00fcnle bulu\u015fturan Gelin Tan\u0131\u015f Olal\u0131m, sekiz y\u0131ld\u0131r tiyatromuzda kendine benzersiz bir yol \u00e7iziyor.   Semih \u00c7elenk\u2019in yetkin kaleminden do\u011fan ve T\u00fcrkiye\u2019nin en yetenekli oyuncular\u0131ndan F\u0131rat Tan\u0131\u015f\u2019\u0131n bedeninde can bulan ba\u015fkarakter modern abdal\u0131n b\u00fcy\u00fcl\u00fc eli, yakla\u015f\u0131k 500 kez sahnelerden izleyicinin g\u00f6nl\u00fcne dokundu.   Gelin Tan\u0131\u015f Olal\u0131m, T\u00fcrk\u00e7enin en saf t\u00fcrk\u00fcleri, \u015fiirleri ve deyi\u015fleriyle hemhal oldu\u011fumuz \u00e7arp\u0131c\u0131 bir yolculuk; kendiyle, \u00f6tekiyle yeniden tan\u0131\u015f olmaya bir davet\u2026   \u201c\u00c7elenk ve Tan\u0131\u015f; ders verme edas\u0131ndan tamamen uzak durarak \u00f6nemli bir gelene\u011fi bug\u00fcnle bulu\u015fturmay\u0131 ba\u015farm\u0131\u015flar.\u201d  \u2013Nil\u00fcfer Kuya\u015f   \u201cBu tek ki\u015filik t\u00fcrk\u00fcl\u00fc oyun, bir nevi \u201ct\u00fcrk\u00fc m\u00fczikali\u201d, sizi kendinizle y\u00fczle\u015ftirirken unuttu\u011funuz ya da bilakis unutturulan ne varsa yeniden hat\u0131rlamaya \u00e7a\u011f\u0131r\u0131yor.\u201d \u2013Deniz \u00c7aba   \u201cSemih ve F\u0131rat g\u00f6n\u00fclden akla giden bir yol ar\u0131yorlar.\u201d \u2013Hasip Akg\u00fcl<\/p>\n","protected":false},"excerpt":{"rendered":"<p>\u201cBir d\u00fc\u015f\u00fcn, ne \u00e7ok \u015fey ar\u0131yoruz bir \u00f6m\u00fcr boyu. Ne \u00e7ok h\u0131rs. Ne \u00e7ok \u00fcz\u00fcnt\u00fc, s\u0131k\u0131nt\u0131, korku, tela\u015f, endi\u015fe\u2026 Peki buldun mu arad\u0131\u011f\u0131n\u0131? Ne arad\u0131n?\u201d Anadolu\u2019nun<span class=\"excerpt-hellip\"> [\u2026]<\/span><\/p>\n","protected":false},"featured_media":0,"template":"","meta":{"_monsterinsights_skip_tracking":false,"_monsterinsights_sitenote_active":false,"_monsterinsights_sitenote_note":"","_monsterinsights_sitenote_category":0},"product_brand":[],"product_cat":[13021,12408],"product_tag":[],"class_list":{"0":"post-779225","1":"product","2":"type-product","3":"status-publish","5":"product_cat-sahne-sanatlari","6":"product_cat-sanat","7":"pa_cilt-ciltsiz","8":"pa_tur-kitap","9":"pa_yayinevi-everest-yayinlari","10":"pa_yazar-semih-celenk","12":"first","13":"instock","14":"sale","15":"shipping-taxable","16":"purchasable","17":"product-type-simple"},"_links":{"self":[{"href":"https:\/\/roveyayinevi.com.tr\/index.php\/wp-json\/wp\/v2\/product\/779225","targetHints":{"allow":["GET"]}}],"collection":[{"href":"https:\/\/roveyayinevi.com.tr\/index.php\/wp-json\/wp\/v2\/product"}],"about":[{"href":"https:\/\/roveyayinevi.com.tr\/index.php\/wp-json\/wp\/v2\/types\/product"}],"wp:attachment":[{"href":"https:\/\/roveyayinevi.com.tr\/index.php\/wp-json\/wp\/v2\/media?parent=779225"}],"wp:term":[{"taxonomy":"product_brand","embeddable":true,"href":"https:\/\/roveyayinevi.com.tr\/index.php\/wp-json\/wp\/v2\/product_brand?post=779225"},{"taxonomy":"product_cat","embeddable":true,"href":"https:\/\/roveyayinevi.com.tr\/index.php\/wp-json\/wp\/v2\/product_cat?post=779225"},{"taxonomy":"product_tag","embeddable":true,"href":"https:\/\/roveyayinevi.com.tr\/index.php\/wp-json\/wp\/v2\/product_tag?post=779225"}],"curies":[{"name":"wp","href":"https:\/\/api.w.org\/{rel}","templated":true}]}}