{"id":779222,"date":"2025-12-30T11:15:13","date_gmt":"2025-12-30T08:15:13","guid":{"rendered":"https:\/\/roveyayinevi.com.tr\/index.php\/urun\/ergenlik-donemi-sorunlari-ve-cozum-onerileri\/"},"modified":"2026-04-16T03:08:15","modified_gmt":"2026-04-16T00:08:15","slug":"ergenlik-donemi-sorunlari-ve-cozum-onerileri","status":"publish","type":"product","link":"https:\/\/roveyayinevi.com.tr\/index.php\/urun\/ergenlik-donemi-sorunlari-ve-cozum-onerileri\/","title":{"rendered":"Ergenlik D\u00f6nemi Sorunlar\u0131 ve \u00c7\u00f6z\u00fcm \u00d6nerileri"},"content":{"rendered":"<p>Ergenlik d\u00f6nemi, bireyin kimlik geli\u015fiminin \u00f6nemli bir a\u015famas\u0131 olmakla birlikte hem ergen hem de anne ve baba i\u00e7in \u00e7alkant\u0131l\u0131 ve stres d\u00fczeyi y\u00fcksek bir zaman dilimidir. Bu d\u00f6nemde ergen, \u00e7evresi (\u00f6zellikle anne ve baba) taraf\u0131ndan yeterince anla\u015f\u0131lmad\u0131\u011f\u0131n\u0131 ve de\u011fer g\u00f6rmedi\u011fini d\u00fc\u015f\u00fcn\u00fcrken; aile de ergenlerin \u00e7ok de\u011fi\u015fti\u011fini, kendilerinden uzakla\u015ft\u0131\u011f\u0131n\u0131 ve s\u00f6zlerini dinlemediklerini d\u00fc\u015f\u00fcnmektedir. Bu kitap; ergenlik d\u00f6neminde bulunan gen\u00e7lerimizin genel \u00f6zelliklerini tan\u0131tmakla beraber, ergen, anne, baba ve e\u011fitimcilerin ya\u015fad\u0131klar\u0131 sorunlar ve bu sorunlara y\u00f6nelik \u00e7\u00f6z\u00fcm \u00f6nerilerinden olu\u015fmaktad\u0131r. \u00d6rneklendirmelerde yer alan olaylar ger\u00e7ek ya\u015fam hik\u00e2yelerinden al\u0131nm\u0131\u015ft\u0131r ancak gizlili\u011fin korunmas\u0131 amac\u0131yla baz\u0131 ki\u015fisel bilgiler de\u011fi\u015ftirilmi\u015ftir. <\/p>\n","protected":false},"excerpt":{"rendered":"<p>Ergenlik d\u00f6nemi, bireyin kimlik geli\u015fiminin \u00f6nemli bir a\u015famas\u0131 olmakla birlikte hem ergen hem de anne ve baba i\u00e7in \u00e7alkant\u0131l\u0131 ve stres d\u00fczeyi y\u00fcksek bir zaman dilimidir.<span class=\"excerpt-hellip\"> [\u2026]<\/span><\/p>\n","protected":false},"featured_media":0,"template":"","meta":{"_monsterinsights_skip_tracking":false,"_monsterinsights_sitenote_active":false,"_monsterinsights_sitenote_note":"","_monsterinsights_sitenote_category":0},"product_brand":[],"product_cat":[12357],"product_tag":[],"class_list":{"0":"post-779222","1":"product","2":"type-product","3":"status-publish","5":"product_cat-psikoloji","6":"pa_cilt-ciltsiz","7":"pa_tur-kitap","8":"pa_yayinevi-gulnar-yayinlari","9":"pa_yazar-mehmet-basoren","11":"first","12":"instock","13":"sale","14":"shipping-taxable","15":"purchasable","16":"product-type-simple"},"_links":{"self":[{"href":"https:\/\/roveyayinevi.com.tr\/index.php\/wp-json\/wp\/v2\/product\/779222","targetHints":{"allow":["GET"]}}],"collection":[{"href":"https:\/\/roveyayinevi.com.tr\/index.php\/wp-json\/wp\/v2\/product"}],"about":[{"href":"https:\/\/roveyayinevi.com.tr\/index.php\/wp-json\/wp\/v2\/types\/product"}],"wp:attachment":[{"href":"https:\/\/roveyayinevi.com.tr\/index.php\/wp-json\/wp\/v2\/media?parent=779222"}],"wp:term":[{"taxonomy":"product_brand","embeddable":true,"href":"https:\/\/roveyayinevi.com.tr\/index.php\/wp-json\/wp\/v2\/product_brand?post=779222"},{"taxonomy":"product_cat","embeddable":true,"href":"https:\/\/roveyayinevi.com.tr\/index.php\/wp-json\/wp\/v2\/product_cat?post=779222"},{"taxonomy":"product_tag","embeddable":true,"href":"https:\/\/roveyayinevi.com.tr\/index.php\/wp-json\/wp\/v2\/product_tag?post=779222"}],"curies":[{"name":"wp","href":"https:\/\/api.w.org\/{rel}","templated":true}]}}