{"id":779218,"date":"2025-12-30T11:14:49","date_gmt":"2025-12-30T08:14:49","guid":{"rendered":"https:\/\/roveyayinevi.com.tr\/index.php\/urun\/555-eglenceli-cikartma-ciftlik-hayati\/"},"modified":"2026-04-16T03:07:48","modified_gmt":"2026-04-16T00:07:48","slug":"555-eglenceli-cikartma-ciftlik-hayati","status":"publish","type":"product","link":"https:\/\/roveyayinevi.com.tr\/index.php\/urun\/555-eglenceli-cikartma-ciftlik-hayati\/","title":{"rendered":"555 E\u011flenceli \u00c7\u0131kartma &#8211; \u00c7iftlik Hayat\u0131"},"content":{"rendered":"<p>Trakt\u00f6rlerden yaramazl\u0131k yapan yavru hayvanlara, \u00e7oban k\u00f6peklerinden inat\u00e7\u0131 ke\u00e7ilere\u2026555 E\u011flenceli \u00c7\u0131kartma \/ \u00c7iftlik Hayat\u0131 kitab\u0131nda bir arada!Her sayfay\u0131 birbirinden renkli ve farkl\u0131 \u00e7\u0131kartmalarla s\u00fcsleyerek e\u011flenceli saatler ge\u00e7irebilirsiniz!<\/p>\n","protected":false},"excerpt":{"rendered":"<p>Trakt\u00f6rlerden yaramazl\u0131k yapan yavru hayvanlara, \u00e7oban k\u00f6peklerinden inat\u00e7\u0131 ke\u00e7ilere\u2026555 E\u011flenceli \u00c7\u0131kartma \/ \u00c7iftlik Hayat\u0131 kitab\u0131nda bir arada!Her sayfay\u0131 birbirinden renkli ve farkl\u0131 \u00e7\u0131kartmalarla s\u00fcsleyerek e\u011flenceli saatler<span class=\"excerpt-hellip\"> [\u2026]<\/span><\/p>\n","protected":false},"featured_media":0,"template":"","meta":{"_monsterinsights_skip_tracking":false,"_monsterinsights_sitenote_active":false,"_monsterinsights_sitenote_note":"","_monsterinsights_sitenote_category":0},"product_brand":[],"product_cat":[12274],"product_tag":[],"class_list":{"0":"post-779218","1":"product","2":"type-product","3":"status-publish","5":"product_cat-cocuk-ve-genclik-kitaplari","6":"pa_cilt-ciltsiz","7":"pa_tur-kitap","8":"pa_yayinevi-altin-kitaplar","9":"pa_yazar-kolektif","11":"first","12":"instock","13":"sale","14":"shipping-taxable","15":"purchasable","16":"product-type-simple"},"_links":{"self":[{"href":"https:\/\/roveyayinevi.com.tr\/index.php\/wp-json\/wp\/v2\/product\/779218","targetHints":{"allow":["GET"]}}],"collection":[{"href":"https:\/\/roveyayinevi.com.tr\/index.php\/wp-json\/wp\/v2\/product"}],"about":[{"href":"https:\/\/roveyayinevi.com.tr\/index.php\/wp-json\/wp\/v2\/types\/product"}],"wp:attachment":[{"href":"https:\/\/roveyayinevi.com.tr\/index.php\/wp-json\/wp\/v2\/media?parent=779218"}],"wp:term":[{"taxonomy":"product_brand","embeddable":true,"href":"https:\/\/roveyayinevi.com.tr\/index.php\/wp-json\/wp\/v2\/product_brand?post=779218"},{"taxonomy":"product_cat","embeddable":true,"href":"https:\/\/roveyayinevi.com.tr\/index.php\/wp-json\/wp\/v2\/product_cat?post=779218"},{"taxonomy":"product_tag","embeddable":true,"href":"https:\/\/roveyayinevi.com.tr\/index.php\/wp-json\/wp\/v2\/product_tag?post=779218"}],"curies":[{"name":"wp","href":"https:\/\/api.w.org\/{rel}","templated":true}]}}