{"id":779217,"date":"2025-12-30T11:14:45","date_gmt":"2025-12-30T08:14:45","guid":{"rendered":"https:\/\/roveyayinevi.com.tr\/index.php\/urun\/dilhun\/"},"modified":"2026-04-08T03:15:16","modified_gmt":"2026-04-08T00:15:16","slug":"dilhun","status":"publish","type":"product","link":"https:\/\/roveyayinevi.com.tr\/index.php\/urun\/dilhun\/","title":{"rendered":"Dilhun"},"content":{"rendered":"<p>Zaman makinesi icat edilmemi\u015f olsa da ge\u00e7mi\u015fe gidip o d\u00f6nemdeki insanlarla zaman ge\u00e7irip, onlar\u0131n dertlerine ortak olmak bazen m\u00fcmk\u00fcnd\u00fcr, evet m\u00fcmk\u00fcn. \u00c7\u00fcnk\u00fc okuma dedi\u011fimiz bu sonu gelmeyen m\u00fcthi\u015f istek, insan\u0131 okuduk\u00e7a farkl\u0131la\u015ft\u0131r\u0131yor ve farkl\u0131la\u015ft\u0131rd\u0131k\u00e7a hayata olan bak\u0131\u015f\u0131n\u0131 de\u011fi\u015ftiriyor. Zaman makinesine ihtiyac\u0131m\u0131z yok. Duygular\u0131 derinden hissedebilen ve b\u00fct\u00fcn insanlar\u0131n derdiyle dertlenen hassas bir kalbe ihtiyac\u0131m\u0131z var. Bundan belki de yirmi otuz y\u0131l \u00f6ncesine dayanan uzun ve yorucu bir yolculu\u011fu anlat\u0131yor sizlere Dilhun&#8230; \u00d6yle bir anlat\u0131m ki zaman zaman sizi as\u0131rlar \u00f6ncesine g\u00f6t\u00fcr\u00fcyor. Bu hik\u00e2yede G\u00fcneydo\u011fu Anadolu topraklar\u0131na kanat \u00e7\u0131rpaca\u011f\u0131z. \u00d6yle bir \u00f6zg\u00fcrl\u00fckle g\u00f6ky\u00fcz\u00fcnde u\u00e7aca\u011f\u0131z ki hik\u00e2yedeki b\u00fct\u00fcn ya\u015famlar\u0131 kendi sevincimizle g\u00fcl\u00fcmsetece\u011fiz. Bu topraklarda nefes alan ve bu zorlu ya\u015fam ile sava\u015fan b\u00fct\u00fcn dilhunlar\u0131n sesi olaca\u011f\u0131z. \u0130\u00e7i kan a\u011flay\u0131p d\u0131\u015f\u0131 s\u00fck\u00fbt ile duranlar\u0131 anlat\u0131p onlarla yolda\u015f olaca\u011f\u0131z. Farkl\u0131 d\u00fc\u015f\u00fcnen bir gen\u00e7 ile ba\u015flay\u0131p onlarca insan\u0131n ger\u00e7ek hayat\u0131na dokunan, bazen a\u011flatan, bazen kendi hayat\u0131m\u0131z\u0131 sorgulatan, ya\u015fanm\u0131\u015f hik\u00e2yelerden uyarlanan m\u00fcthi\u015f bir roman&#8230;<\/p>\n","protected":false},"excerpt":{"rendered":"<p>Zaman makinesi icat edilmemi\u015f olsa da ge\u00e7mi\u015fe gidip o d\u00f6nemdeki insanlarla zaman ge\u00e7irip, onlar\u0131n dertlerine ortak olmak bazen m\u00fcmk\u00fcnd\u00fcr, evet m\u00fcmk\u00fcn. \u00c7\u00fcnk\u00fc okuma dedi\u011fimiz bu sonu<span class=\"excerpt-hellip\"> [\u2026]<\/span><\/p>\n","protected":false},"featured_media":0,"template":"","meta":{"_monsterinsights_skip_tracking":false,"_monsterinsights_sitenote_active":false,"_monsterinsights_sitenote_note":"","_monsterinsights_sitenote_category":0},"product_brand":[],"product_cat":[12291,12711],"product_tag":[],"class_list":{"0":"post-779217","1":"product","2":"type-product","3":"status-publish","5":"product_cat-edebiyat","6":"product_cat-roman-oyku","7":"pa_cilt-ciltsiz","8":"pa_tur-kitap","9":"pa_yayinevi-luna-yayinlari","10":"pa_yazar-asli-albayrak","12":"first","13":"instock","14":"sale","15":"shipping-taxable","16":"purchasable","17":"product-type-simple"},"_links":{"self":[{"href":"https:\/\/roveyayinevi.com.tr\/index.php\/wp-json\/wp\/v2\/product\/779217","targetHints":{"allow":["GET"]}}],"collection":[{"href":"https:\/\/roveyayinevi.com.tr\/index.php\/wp-json\/wp\/v2\/product"}],"about":[{"href":"https:\/\/roveyayinevi.com.tr\/index.php\/wp-json\/wp\/v2\/types\/product"}],"wp:attachment":[{"href":"https:\/\/roveyayinevi.com.tr\/index.php\/wp-json\/wp\/v2\/media?parent=779217"}],"wp:term":[{"taxonomy":"product_brand","embeddable":true,"href":"https:\/\/roveyayinevi.com.tr\/index.php\/wp-json\/wp\/v2\/product_brand?post=779217"},{"taxonomy":"product_cat","embeddable":true,"href":"https:\/\/roveyayinevi.com.tr\/index.php\/wp-json\/wp\/v2\/product_cat?post=779217"},{"taxonomy":"product_tag","embeddable":true,"href":"https:\/\/roveyayinevi.com.tr\/index.php\/wp-json\/wp\/v2\/product_tag?post=779217"}],"curies":[{"name":"wp","href":"https:\/\/api.w.org\/{rel}","templated":true}]}}