{"id":779212,"date":"2025-12-30T11:13:45","date_gmt":"2025-12-30T08:13:45","guid":{"rendered":"https:\/\/roveyayinevi.com.tr\/index.php\/urun\/cocuk-gelisimi-terimler-sozlugu\/"},"modified":"2026-04-16T03:07:23","modified_gmt":"2026-04-16T00:07:23","slug":"cocuk-gelisimi-terimler-sozlugu","status":"publish","type":"product","link":"https:\/\/roveyayinevi.com.tr\/index.php\/urun\/cocuk-gelisimi-terimler-sozlugu\/","title":{"rendered":"\u00c7ocuk Geli\u015fimi Terimler S\u00f6zl\u00fc\u011f\u00fc"},"content":{"rendered":"<p>Son y\u0131llarda \u00e7ocuk geli\u015fimi alan\u0131na ilginin artmas\u0131 ve pek \u00e7ok \u00c7ocuk Geli\u015fimi b\u00f6l\u00fcm\u00fcn\u00fcn a\u00e7\u0131lmas\u0131, bu b\u00f6l\u00fcmlerde \u00f6\u011frenim g\u00f6ren \u00e7ok say\u0131da \u00f6\u011frencinin olmas\u0131 dil birli\u011fi ihtiyac\u0131n\u0131 ortaya \u00e7\u0131karm\u0131\u015ft\u0131r. Bu ihtiyac\u0131 kar\u015f\u0131lamak i\u00e7in farkl\u0131 \u00fcniversitelerde g\u00f6rev yapan sekiz akademisyenden olu\u015fan edit\u00f6rler grubu b\u00fcy\u00fck bir heyecanla yola \u00e7\u0131km\u0131\u015f ve akademisyenlerin, \u00f6\u011frencilerin ve mezunlar\u0131n ayn\u0131 mesleki dili kullanmas\u0131 ad\u0131na \u00c7ocuk Geli\u015fimi Terimler S\u00f6zl\u00fc\u011f\u00fc\u2019n\u00fc olu\u015fturmu\u015ftur. \u00c7ocuk geli\u015fimi ile ilgili terimlerin kavramsal kar\u015f\u0131l\u0131klar\u0131, on \u00fc\u00e7 farkl\u0131 \u00fcniversiteden otuz akademisyenin olu\u015fturdu\u011fu yazar ekibi taraf\u0131ndan yaz\u0131lm\u0131\u015ft\u0131r. S\u00f6zl\u00fc\u011f\u00fcn i\u00e7inde yer alan terimler listesi, \u00e7ocuk geli\u015fimi alan\u0131na \u00f6zg\u00fc terimlerin yan\u0131 s\u0131ra di\u011fer alanlar taraf\u0131ndan da kullan\u0131lan ortak terimlerden olu\u015fmaktad\u0131r. \u00dc\u00e7 y\u0131ll\u0131k titiz ve \u00f6zverili bir \u00e7al\u0131\u015fman\u0131n \u00fcr\u00fcn\u00fc olan \u00c7ocuk Geli\u015fimi Terimler S\u00f6zl\u00fc\u011f\u00fc\u2019n\u00fcn mesleki donan\u0131m\u0131n\u0131za katk\u0131 sa\u011flayaca\u011f\u0131n\u0131 umuyoruz.<\/p>\n","protected":false},"excerpt":{"rendered":"<p>Son y\u0131llarda \u00e7ocuk geli\u015fimi alan\u0131na ilginin artmas\u0131 ve pek \u00e7ok \u00c7ocuk Geli\u015fimi b\u00f6l\u00fcm\u00fcn\u00fcn a\u00e7\u0131lmas\u0131, bu b\u00f6l\u00fcmlerde \u00f6\u011frenim g\u00f6ren \u00e7ok say\u0131da \u00f6\u011frencinin olmas\u0131 dil birli\u011fi ihtiyac\u0131n\u0131 ortaya<span class=\"excerpt-hellip\"> [\u2026]<\/span><\/p>\n","protected":false},"featured_media":0,"template":"","meta":{"_monsterinsights_skip_tracking":false,"_monsterinsights_sitenote_active":false,"_monsterinsights_sitenote_note":"","_monsterinsights_sitenote_category":0},"product_brand":[],"product_cat":[12831,12324],"product_tag":[],"class_list":{"0":"post-779212","1":"product","2":"type-product","3":"status-publish","5":"product_cat-aile-ve-cocuk","6":"product_cat-sosyoloji","7":"pa_cilt-ciltli","8":"pa_tur-kitap","9":"pa_yayinevi-nobel-akademik-yayincilik","10":"pa_yazar-kolektif","12":"first","13":"instock","14":"sale","15":"shipping-taxable","16":"purchasable","17":"product-type-simple"},"_links":{"self":[{"href":"https:\/\/roveyayinevi.com.tr\/index.php\/wp-json\/wp\/v2\/product\/779212","targetHints":{"allow":["GET"]}}],"collection":[{"href":"https:\/\/roveyayinevi.com.tr\/index.php\/wp-json\/wp\/v2\/product"}],"about":[{"href":"https:\/\/roveyayinevi.com.tr\/index.php\/wp-json\/wp\/v2\/types\/product"}],"wp:attachment":[{"href":"https:\/\/roveyayinevi.com.tr\/index.php\/wp-json\/wp\/v2\/media?parent=779212"}],"wp:term":[{"taxonomy":"product_brand","embeddable":true,"href":"https:\/\/roveyayinevi.com.tr\/index.php\/wp-json\/wp\/v2\/product_brand?post=779212"},{"taxonomy":"product_cat","embeddable":true,"href":"https:\/\/roveyayinevi.com.tr\/index.php\/wp-json\/wp\/v2\/product_cat?post=779212"},{"taxonomy":"product_tag","embeddable":true,"href":"https:\/\/roveyayinevi.com.tr\/index.php\/wp-json\/wp\/v2\/product_tag?post=779212"}],"curies":[{"name":"wp","href":"https:\/\/api.w.org\/{rel}","templated":true}]}}