{"id":779211,"date":"2025-12-30T11:13:36","date_gmt":"2025-12-30T08:13:36","guid":{"rendered":"https:\/\/roveyayinevi.com.tr\/index.php\/urun\/curet-2\/"},"modified":"2026-04-03T03:09:06","modified_gmt":"2026-04-03T00:09:06","slug":"curet-2","status":"publish","type":"product","link":"https:\/\/roveyayinevi.com.tr\/index.php\/urun\/curet-2\/","title":{"rendered":"C\u00fcret"},"content":{"rendered":"<p>Bir g\u00fcn babam, a\u011fz\u0131nda bir tavukla ka\u00e7arken vurdu tilkiyi. \u0130lk o zaman g\u00f6rd\u00fcm o hayvan\u0131. Nefretim bir anda ac\u0131maya d\u00f6nm\u00fc\u015ft\u00fc. Tilki bize k\u00f6t\u00fcl\u00fck etti\u011fi i\u00e7in de\u011fil, tilkili\u011fini yapt\u0131\u011f\u0131, varolu\u015funa kaz\u0131nm\u0131\u015f haritay\u0131 izledi\u011fi i\u00e7in babam onu vurmu\u015ftu. Ben o zamana kadar nefret etti\u011fim tilkiyi, \u00f6ld\u00fc\u011f\u00fc g\u00fcn ac\u0131yarak sevmeye ba\u015flam\u0131\u015ft\u0131m. \u0130\u015fte Aliye\u2019nin odas\u0131 da bana her zaman bu k\u00fcmes gibi g\u00f6r\u00fcnd\u00fc. Girmeye \u00e7ekindi\u011fim bir yer. Ne ki tilkinin aksine o her zaman kar\u015f\u0131mdayd\u0131. Hep ordayd\u0131, b\u00fct\u00fcn k\u00f6t\u00fcl\u00fc\u011f\u00fcyle. Ve ben onun tilki gibi tilkili\u011finden de\u011fil de bile isteye k\u00f6t\u00fc oldu\u011funu biliyordum.    C\u00fcret, t\u00fcm \u201c\u00f6tekileri\u201d bir lincin g\u00f6lgesinde, sars\u0131c\u0131 ve sanc\u0131l\u0131 bir d\u00fczlemde kar\u015f\u0131 kar\u015f\u0131ya getiren bir roman. Neslihan \u00d6ndero\u011flu, bir evin i\u00e7inden ta\u015fan trajedinin izini s\u00fcrerken de, bir anda cehenneme d\u00f6nen sokaklarda ya\u015fanan arbedeyi anlat\u0131rken de engellilerin, m\u00fcltecilerin, travestilerin, az\u0131nl\u0131klar\u0131n ve i\u00e7ten i\u00e7e \u201c\u00e7o\u011funlu\u011fun\u201d korkusunu g\u00f6zler \u00f6n\u00fcne seriyor: Bir evin ve bir \u00fclkenin sakinleri uzun zamand\u0131r patlamaya haz\u0131r vaziyette dola\u015f\u0131yorsa fitili kim ate\u015fler? En mazlum g\u00f6r\u00fcnen midir o, en zalim olan m\u0131? \u201cG\u00fc\u00e7\u201d el de\u011fi\u015ftirdik\u00e7e kurbanlarla failler de yer de\u011fi\u015ftirir mi? <\/p>\n","protected":false},"excerpt":{"rendered":"<p>Bir g\u00fcn babam, a\u011fz\u0131nda bir tavukla ka\u00e7arken vurdu tilkiyi. \u0130lk o zaman g\u00f6rd\u00fcm o hayvan\u0131. Nefretim bir anda ac\u0131maya d\u00f6nm\u00fc\u015ft\u00fc. Tilki bize k\u00f6t\u00fcl\u00fck etti\u011fi i\u00e7in de\u011fil,<span class=\"excerpt-hellip\"> [\u2026]<\/span><\/p>\n","protected":false},"featured_media":0,"template":"","meta":{"_monsterinsights_skip_tracking":false,"_monsterinsights_sitenote_active":false,"_monsterinsights_sitenote_note":"","_monsterinsights_sitenote_category":0},"product_brand":[],"product_cat":[12291,12711],"product_tag":[],"class_list":{"0":"post-779211","1":"product","2":"type-product","3":"status-publish","5":"product_cat-edebiyat","6":"product_cat-roman-oyku","7":"pa_cilt-ciltsiz","8":"pa_tur-kitap","9":"pa_yayinevi-everest-yayinlari","10":"pa_yazar-neslihan-onderoglu","12":"first","13":"instock","14":"sale","15":"shipping-taxable","16":"purchasable","17":"product-type-simple"},"_links":{"self":[{"href":"https:\/\/roveyayinevi.com.tr\/index.php\/wp-json\/wp\/v2\/product\/779211","targetHints":{"allow":["GET"]}}],"collection":[{"href":"https:\/\/roveyayinevi.com.tr\/index.php\/wp-json\/wp\/v2\/product"}],"about":[{"href":"https:\/\/roveyayinevi.com.tr\/index.php\/wp-json\/wp\/v2\/types\/product"}],"wp:attachment":[{"href":"https:\/\/roveyayinevi.com.tr\/index.php\/wp-json\/wp\/v2\/media?parent=779211"}],"wp:term":[{"taxonomy":"product_brand","embeddable":true,"href":"https:\/\/roveyayinevi.com.tr\/index.php\/wp-json\/wp\/v2\/product_brand?post=779211"},{"taxonomy":"product_cat","embeddable":true,"href":"https:\/\/roveyayinevi.com.tr\/index.php\/wp-json\/wp\/v2\/product_cat?post=779211"},{"taxonomy":"product_tag","embeddable":true,"href":"https:\/\/roveyayinevi.com.tr\/index.php\/wp-json\/wp\/v2\/product_tag?post=779211"}],"curies":[{"name":"wp","href":"https:\/\/api.w.org\/{rel}","templated":true}]}}