{"id":779209,"date":"2025-12-30T11:12:51","date_gmt":"2025-12-30T08:12:51","guid":{"rendered":"https:\/\/roveyayinevi.com.tr\/index.php\/urun\/hayat-teselli-bulmaktir\/"},"modified":"2026-03-16T03:05:43","modified_gmt":"2026-03-16T00:05:43","slug":"hayat-teselli-bulmaktir","status":"publish","type":"product","link":"https:\/\/roveyayinevi.com.tr\/index.php\/urun\/hayat-teselli-bulmaktir\/","title":{"rendered":"Hayat Teselli Bulmakt\u0131r"},"content":{"rendered":"<p>\u201cBazen iyi insanlar\u0131n ba\u015f\u0131na k\u00f6t\u00fc \u015feyler gelir. Bize ili\u015fen musibetler, daha parlak niteliklerimize dair fark\u0131ndal\u0131\u011f\u0131m\u0131za g\u00f6lge d\u00fc\u015f\u00fcrebilirler. Ama g\u00fcne\u015fin gece bile parlad\u0131\u011f\u0131n\u0131 bildi\u011fimiz gibi, senin \u00f6z\u00fcn\u00fcn \u0131\u015f\u0131\u011f\u0131 h\u00e2l\u00e2 canl\u0131d\u0131r ve hi\u00e7bir zaman yok olmam\u0131\u015ft\u0131r. Bedenin incinmi\u015f olabilir ama sen bedeninden daha fazlas\u0131s\u0131n. Duygular\u0131n incinmi\u015f olabilir ama sen duygular\u0131ndan ibaret de\u011filsin \u00e7\u00fcnk\u00fc duygular\u0131n de\u011fi\u015fiyor. Birileri kafan\u0131 kar\u0131\u015ft\u0131rm\u0131\u015f olabilir ama sen d\u00fc\u015f\u00fcncelerinden ibaret de de\u011filsin, d\u00fc\u015f\u00fcnceler de\u011fi\u015febilir. Ve sen ba\u015fkalar\u0131n\u0131n d\u00fc\u015f\u00fcncelerinden de ibaret de\u011filsin\u2026 O halde kimsin sen? Ruhuna bir zaman, bir yerde de\u011fen o \u0131\u015f\u0131\u011f\u0131n bir par\u00e7as\u0131s\u0131n ve o \u0131\u015f\u0131k asla yok edilemez&#8230; Bir s\u00f6z sevgili okur, teselli olabilecekse e\u011fer: \u0130\u00e7inin kandilini asla unutma! Hayat Teselli Bulmakt\u0131r, Kemal Sayar\u2019\u0131n \u00f6nceki kitaplar\u0131nda yay\u0131mlanm\u0131\u015f ve \u00e7ok sevilmi\u015f yaz\u0131lar\u0131ndan \u00f6zel ve g\u00fcncel bir se\u00e7ki, adeta bir demet teselli. <\/p>\n","protected":false},"excerpt":{"rendered":"<p>\u201cBazen iyi insanlar\u0131n ba\u015f\u0131na k\u00f6t\u00fc \u015feyler gelir. Bize ili\u015fen musibetler, daha parlak niteliklerimize dair fark\u0131ndal\u0131\u011f\u0131m\u0131za g\u00f6lge d\u00fc\u015f\u00fcrebilirler. Ama g\u00fcne\u015fin gece bile parlad\u0131\u011f\u0131n\u0131 bildi\u011fimiz gibi, senin \u00f6z\u00fcn\u00fcn<span class=\"excerpt-hellip\"> [\u2026]<\/span><\/p>\n","protected":false},"featured_media":0,"template":"","meta":{"_monsterinsights_skip_tracking":false,"_monsterinsights_sitenote_active":false,"_monsterinsights_sitenote_note":"","_monsterinsights_sitenote_category":0},"product_brand":[],"product_cat":[12357],"product_tag":[],"class_list":{"0":"post-779209","1":"product","2":"type-product","3":"status-publish","5":"product_cat-psikoloji","6":"pa_cilt-ciltsiz","7":"pa_tur-kitap","8":"pa_yayinevi-kapi-yayinlari","9":"pa_yazar-kemal-sayar","11":"first","12":"instock","13":"sale","14":"shipping-taxable","15":"purchasable","16":"product-type-simple"},"_links":{"self":[{"href":"https:\/\/roveyayinevi.com.tr\/index.php\/wp-json\/wp\/v2\/product\/779209","targetHints":{"allow":["GET"]}}],"collection":[{"href":"https:\/\/roveyayinevi.com.tr\/index.php\/wp-json\/wp\/v2\/product"}],"about":[{"href":"https:\/\/roveyayinevi.com.tr\/index.php\/wp-json\/wp\/v2\/types\/product"}],"wp:attachment":[{"href":"https:\/\/roveyayinevi.com.tr\/index.php\/wp-json\/wp\/v2\/media?parent=779209"}],"wp:term":[{"taxonomy":"product_brand","embeddable":true,"href":"https:\/\/roveyayinevi.com.tr\/index.php\/wp-json\/wp\/v2\/product_brand?post=779209"},{"taxonomy":"product_cat","embeddable":true,"href":"https:\/\/roveyayinevi.com.tr\/index.php\/wp-json\/wp\/v2\/product_cat?post=779209"},{"taxonomy":"product_tag","embeddable":true,"href":"https:\/\/roveyayinevi.com.tr\/index.php\/wp-json\/wp\/v2\/product_tag?post=779209"}],"curies":[{"name":"wp","href":"https:\/\/api.w.org\/{rel}","templated":true}]}}