{"id":779208,"date":"2025-12-30T11:12:37","date_gmt":"2025-12-30T08:12:37","guid":{"rendered":"https:\/\/roveyayinevi.com.tr\/index.php\/urun\/kurt-adam-ciltli\/"},"modified":"2026-04-16T03:06:41","modified_gmt":"2026-04-16T00:06:41","slug":"kurt-adam-ciltli","status":"publish","type":"product","link":"https:\/\/roveyayinevi.com.tr\/index.php\/urun\/kurt-adam-ciltli\/","title":{"rendered":"Kurt Adam (Ciltli)"},"content":{"rendered":"<p>Freud (1856-1939): D\u00f6nemin \u00fcnl\u00fc psikiyatrlar\u0131n\u0131n \u201cmanik depresif delilik\u201d tan\u0131s\u0131 koydu\u011fu, umutsuz vaka addedilen yirmi \u00fc\u00e7 ya\u015f\u0131ndaki Sergey Pankeyev\u2019in analizine 1910\u2019da ba\u015flar. D\u00f6rt bu\u00e7uk y\u0131l boyunca haftan\u0131n be\u015f g\u00fcn\u00fc devam eden analiz, me\u015fhur vaka \u00f6yk\u00fcleri aras\u0131nda en uzun s\u00fcrm\u00fc\u015f ve en \u00e7ok tart\u0131\u015f\u0131lm\u0131\u015f olan\u0131d\u0131r. Hastan\u0131n d\u00f6rt ila sekiz ya\u015flar\u0131nda, yani analize ba\u015flamadan on be\u015f y\u0131l \u00f6nce ge\u00e7irdi\u011fi \u00e7ocukluk nevrozunu merkeze alan Kurt Adam vakas\u0131, Jung ve Adler\u2019e kar\u015f\u0131 bir polemik yaz\u0131s\u0131 olman\u0131n yan\u0131 s\u0131ra Freud\u2019un ilksel sahne, ters ya da negatif Oidipus kompleksi, analitik in\u015fa gibi \u00f6nemli kavramlar\u0131 ayd\u0131nlatt\u0131\u011f\u0131 bir metindir.      <\/p>\n","protected":false},"excerpt":{"rendered":"<p>Freud (1856-1939): D\u00f6nemin \u00fcnl\u00fc psikiyatrlar\u0131n\u0131n \u201cmanik depresif delilik\u201d tan\u0131s\u0131 koydu\u011fu, umutsuz vaka addedilen yirmi \u00fc\u00e7 ya\u015f\u0131ndaki Sergey Pankeyev\u2019in analizine 1910\u2019da ba\u015flar. D\u00f6rt bu\u00e7uk y\u0131l boyunca haftan\u0131n<span class=\"excerpt-hellip\"> [\u2026]<\/span><\/p>\n","protected":false},"featured_media":0,"template":"","meta":{"_monsterinsights_skip_tracking":false,"_monsterinsights_sitenote_active":false,"_monsterinsights_sitenote_note":"","_monsterinsights_sitenote_category":0},"product_brand":[],"product_cat":[12357],"product_tag":[],"class_list":{"0":"post-779208","1":"product","2":"type-product","3":"status-publish","5":"product_cat-psikoloji","6":"pa_cilt-ciltli","7":"pa_tur-kitap","8":"pa_yayinevi-is-bankasi-kultur-yayinlari","9":"pa_yazar-sigmund-freud","11":"first","12":"instock","13":"sale","14":"shipping-taxable","15":"purchasable","16":"product-type-simple"},"_links":{"self":[{"href":"https:\/\/roveyayinevi.com.tr\/index.php\/wp-json\/wp\/v2\/product\/779208","targetHints":{"allow":["GET"]}}],"collection":[{"href":"https:\/\/roveyayinevi.com.tr\/index.php\/wp-json\/wp\/v2\/product"}],"about":[{"href":"https:\/\/roveyayinevi.com.tr\/index.php\/wp-json\/wp\/v2\/types\/product"}],"wp:attachment":[{"href":"https:\/\/roveyayinevi.com.tr\/index.php\/wp-json\/wp\/v2\/media?parent=779208"}],"wp:term":[{"taxonomy":"product_brand","embeddable":true,"href":"https:\/\/roveyayinevi.com.tr\/index.php\/wp-json\/wp\/v2\/product_brand?post=779208"},{"taxonomy":"product_cat","embeddable":true,"href":"https:\/\/roveyayinevi.com.tr\/index.php\/wp-json\/wp\/v2\/product_cat?post=779208"},{"taxonomy":"product_tag","embeddable":true,"href":"https:\/\/roveyayinevi.com.tr\/index.php\/wp-json\/wp\/v2\/product_tag?post=779208"}],"curies":[{"name":"wp","href":"https:\/\/api.w.org\/{rel}","templated":true}]}}