{"id":779204,"date":"2025-12-30T11:11:51","date_gmt":"2025-12-30T08:11:51","guid":{"rendered":"https:\/\/roveyayinevi.com.tr\/index.php\/urun\/dogaya-acilan-pencere\/"},"modified":"2026-04-16T03:05:57","modified_gmt":"2026-04-16T00:05:57","slug":"dogaya-acilan-pencere","status":"publish","type":"product","link":"https:\/\/roveyayinevi.com.tr\/index.php\/urun\/dogaya-acilan-pencere\/","title":{"rendered":"Do\u011faya A\u00e7\u0131lan Pencere"},"content":{"rendered":"<p>\u201c1870\u2019li y\u0131llarda Monet ve arkada\u015flar\u0131 at\u00f6lyeden soka\u011fa, nehir k\u0131y\u0131lar\u0131na, kumsallara, k\u0131rlara, k\u0131sacas\u0131 a\u00e7\u0131k havaya \u00e7\u0131kard\u0131lar resim sanat\u0131n\u0131.  Ona at\u00f6lyeden uzak, g\u00fcnl\u00fck ya\u015fam\u0131n i\u00e7inde bir yer verdiler. Sehpalar\u0131n\u0131 r\u00fczg\u00e2rl\u0131 tepelere, yemye\u015fil yama\u00e7lara, a\u011fa\u00e7 g\u00f6lgelerine, kayal\u0131klar\u0131n kuytusuna kurup do\u011fay\u0131 g\u00f6r\u00fclebilenin aksine, \u00f6znel izlenimlerinden yola \u00e7\u0131karak betimlediler. I\u015f\u0131\u011f\u0131, kendili\u011finden ve anl\u0131k hareketi i\u00e7inde alg\u0131layabilmek i\u00e7in a\u00e7\u0131k havada \u00e7al\u0131\u015ft\u0131lar, tablolar son bi\u00e7imlerini at\u00f6lyede alsa da.\u201d   Do\u011faya A\u00e7\u0131lan Pencere\u2019de, okuru Monet, Sisley ve Van Gogh\u2019un d\u00fcnyalar\u0131nda bir yolculu\u011fa \u00e7\u0131kart\u0131yor Nedim G\u00fcrsel. Tuvale yans\u0131yan mek\u00e2nlar\u0131 bizzat g\u00f6rerek bir edebiyat\u00e7\u0131n\u0131n g\u00f6z\u00fcnden aktar\u0131yor. Okyanuslar, falezler, f\u0131rt\u0131nal\u0131 denizler, \u0131\u015f\u0131k oyunlar\u0131yla ba\u015fkala\u015fan mek\u00e2nlar, f\u0131r\u00e7a darbeleriyle ger\u00e7eklikten kopan do\u011fa par\u00e7alar\u0131\u2026 Hepsi ressam\u0131n f\u0131r\u00e7as\u0131ndan yazar\u0131n kalemine ak\u0131yor.   \u0130zlenimcili\u011fin 150. y\u0131ld\u00f6n\u00fcm\u00fcnde edebiyattan resme a\u00e7\u0131lan bir pencere. <\/p>\n","protected":false},"excerpt":{"rendered":"<p>\u201c1870\u2019li y\u0131llarda Monet ve arkada\u015flar\u0131 at\u00f6lyeden soka\u011fa, nehir k\u0131y\u0131lar\u0131na, kumsallara, k\u0131rlara, k\u0131sacas\u0131 a\u00e7\u0131k havaya \u00e7\u0131kard\u0131lar resim sanat\u0131n\u0131. Ona at\u00f6lyeden uzak, g\u00fcnl\u00fck ya\u015fam\u0131n i\u00e7inde bir yer verdiler.<span class=\"excerpt-hellip\"> [\u2026]<\/span><\/p>\n","protected":false},"featured_media":0,"template":"","meta":{"_monsterinsights_skip_tracking":false,"_monsterinsights_sitenote_active":false,"_monsterinsights_sitenote_note":"","_monsterinsights_sitenote_category":0},"product_brand":[],"product_cat":[12408],"product_tag":[],"class_list":{"0":"post-779204","1":"product","2":"type-product","3":"status-publish","5":"product_cat-sanat","6":"pa_cilt-ciltsiz","7":"pa_tur-kitap","8":"pa_yayinevi-dogan-kitap","9":"pa_yazar-nedim-gursel","11":"first","12":"instock","13":"sale","14":"shipping-taxable","15":"purchasable","16":"product-type-simple"},"_links":{"self":[{"href":"https:\/\/roveyayinevi.com.tr\/index.php\/wp-json\/wp\/v2\/product\/779204","targetHints":{"allow":["GET"]}}],"collection":[{"href":"https:\/\/roveyayinevi.com.tr\/index.php\/wp-json\/wp\/v2\/product"}],"about":[{"href":"https:\/\/roveyayinevi.com.tr\/index.php\/wp-json\/wp\/v2\/types\/product"}],"wp:attachment":[{"href":"https:\/\/roveyayinevi.com.tr\/index.php\/wp-json\/wp\/v2\/media?parent=779204"}],"wp:term":[{"taxonomy":"product_brand","embeddable":true,"href":"https:\/\/roveyayinevi.com.tr\/index.php\/wp-json\/wp\/v2\/product_brand?post=779204"},{"taxonomy":"product_cat","embeddable":true,"href":"https:\/\/roveyayinevi.com.tr\/index.php\/wp-json\/wp\/v2\/product_cat?post=779204"},{"taxonomy":"product_tag","embeddable":true,"href":"https:\/\/roveyayinevi.com.tr\/index.php\/wp-json\/wp\/v2\/product_tag?post=779204"}],"curies":[{"name":"wp","href":"https:\/\/api.w.org\/{rel}","templated":true}]}}