{"id":779203,"date":"2025-12-30T11:11:17","date_gmt":"2025-12-30T08:11:17","guid":{"rendered":"https:\/\/roveyayinevi.com.tr\/index.php\/urun\/ab-ulkelerinde-issizlik-histerisi-hipotezinin-analiz-edilmesi-rals-fourier-kpss-duraganlik-testi\/"},"modified":"2026-04-16T03:05:29","modified_gmt":"2026-04-16T00:05:29","slug":"ab-ulkelerinde-issizlik-histerisi-hipotezinin-analiz-edilmesi-rals-fourier-kpss-duraganlik-testi","status":"publish","type":"product","link":"https:\/\/roveyayinevi.com.tr\/index.php\/urun\/ab-ulkelerinde-issizlik-histerisi-hipotezinin-analiz-edilmesi-rals-fourier-kpss-duraganlik-testi\/","title":{"rendered":"Ab \u00dclkelerinde \u0130\u015fsizlik Histerisi Hipotezinin Analiz Edilmesi: Rals Fourier Kpss Dura\u011fanl\u0131k Testi"},"content":{"rendered":"<p>\u0130\u00e7indekiler     B\u0130R\u0130NC\u0130 B\u00d6L\u00dcM 1. ZAMAN SER\u0130LER\u0130 ANAL\u0130Z\u0130 VE DURA\u011eANLIK   \u0130K\u0130NC\u0130 B\u00d6L\u00dcM 2. ZAMAN SER\u0130LER\u0130NDE GELENEKSEL B\u0130R\u0130M K\u00d6K TESTLER\u0130   \u00dc\u00c7\u00dcNC\u00dc B\u00d6L\u00dcM 3. ZAMAN SER\u0130LER\u0130NDE YAPISAL DE\u011e\u0130\u015e\u0130MLERE \u0130Z\u0130N VEREN B\u0130R\u0130M K\u00d6K TESTLER\u0130   D\u00d6RD\u00dcNC\u00dc B\u00d6L\u00dcM 4. KALINTILARLA GEN\u0130\u015eLET\u0130LM\u0130\u015e (RALS) B\u0130R\u0130M K\u00d6K TESTLER\u0130   BE\u015e\u0130NC\u0130 B\u00d6L\u00dcM 5. L\u0130TERAT\u00dcR TARAMASI   ALTINCI B\u00d6L\u00dcM 6. \u0130\u015eS\u0130ZL\u0130K H\u0130STER\u0130S\u0130 H\u0130POTEZ\u0130N\u0130N TEST ED\u0130LMES\u0130   SONU\u00c7 KAYNAK\u00c7A<\/p>\n","protected":false},"excerpt":{"rendered":"<p>\u0130\u00e7indekiler B\u0130R\u0130NC\u0130 B\u00d6L\u00dcM 1. ZAMAN SER\u0130LER\u0130 ANAL\u0130Z\u0130 VE DURA\u011eANLIK \u0130K\u0130NC\u0130 B\u00d6L\u00dcM 2. ZAMAN SER\u0130LER\u0130NDE GELENEKSEL B\u0130R\u0130M K\u00d6K TESTLER\u0130 \u00dc\u00c7\u00dcNC\u00dc B\u00d6L\u00dcM 3. ZAMAN SER\u0130LER\u0130NDE YAPISAL DE\u011e\u0130\u015e\u0130MLERE \u0130Z\u0130N<span class=\"excerpt-hellip\"> [\u2026]<\/span><\/p>\n","protected":false},"featured_media":0,"template":"","meta":{"_monsterinsights_skip_tracking":false,"_monsterinsights_sitenote_active":false,"_monsterinsights_sitenote_note":"","_monsterinsights_sitenote_category":0},"product_brand":[],"product_cat":[12573,12566],"product_tag":[],"class_list":{"0":"post-779203","1":"product","2":"type-product","3":"status-publish","5":"product_cat-akademik-kitaplar","6":"product_cat-egitim","7":"pa_cilt-ciltsiz","8":"pa_tur-kitap","9":"pa_yayinevi-gazi-kitabevi","10":"pa_yazar-elcin-karas-aydin-fatma-zeren","12":"first","13":"instock","14":"sale","15":"shipping-taxable","16":"purchasable","17":"product-type-simple"},"_links":{"self":[{"href":"https:\/\/roveyayinevi.com.tr\/index.php\/wp-json\/wp\/v2\/product\/779203","targetHints":{"allow":["GET"]}}],"collection":[{"href":"https:\/\/roveyayinevi.com.tr\/index.php\/wp-json\/wp\/v2\/product"}],"about":[{"href":"https:\/\/roveyayinevi.com.tr\/index.php\/wp-json\/wp\/v2\/types\/product"}],"wp:attachment":[{"href":"https:\/\/roveyayinevi.com.tr\/index.php\/wp-json\/wp\/v2\/media?parent=779203"}],"wp:term":[{"taxonomy":"product_brand","embeddable":true,"href":"https:\/\/roveyayinevi.com.tr\/index.php\/wp-json\/wp\/v2\/product_brand?post=779203"},{"taxonomy":"product_cat","embeddable":true,"href":"https:\/\/roveyayinevi.com.tr\/index.php\/wp-json\/wp\/v2\/product_cat?post=779203"},{"taxonomy":"product_tag","embeddable":true,"href":"https:\/\/roveyayinevi.com.tr\/index.php\/wp-json\/wp\/v2\/product_tag?post=779203"}],"curies":[{"name":"wp","href":"https:\/\/api.w.org\/{rel}","templated":true}]}}