{"id":779202,"date":"2025-12-30T11:10:49","date_gmt":"2025-12-30T08:10:49","guid":{"rendered":"https:\/\/roveyayinevi.com.tr\/index.php\/urun\/icebreaker\/"},"modified":"2026-02-03T03:18:37","modified_gmt":"2026-02-03T00:18:37","slug":"icebreaker","status":"publish","type":"product","link":"https:\/\/roveyayinevi.com.tr\/index.php\/urun\/icebreaker\/","title":{"rendered":"Icebreaker"},"content":{"rendered":"<p>Hayat\u0131n\u0131 bu\u0308tu\u0308nu\u0308yle planlam\u0131\u015ft\u0131, ta ki o gelene kadar&#8230; Anastasia Allen\u2019\u0131n ku\u0308\u00e7u\u0308klu\u0308\u011fu\u0308nden beri tek hayali, Amerika Birle\u015fik Devletleri olimpiyat tak\u0131m\u0131na girmekti. Kaliforniya \u00dcniversitesi, Maple Hills\u2019ten tam burs ald\u0131\u011f\u0131nda ve rekabet\u00e7i artistik patinaj tak\u0131m\u0131na \u00e7iftler kategorisinde se\u00e7ildi\u011finde her \u015fey planlar\u0131na uygun gidiyordu. \u00d6nu\u0308ne hi\u00e7bir engel \u00e7\u0131kamazd\u0131; ajandas\u0131ndaki bu\u0308tu\u0308n planlar\u0131n\u0131 altu\u0308st eden hokey tak\u0131m\u0131 ve Kaptan Nate Hawkins bile. Nate, okuldaki son senesinde kaptan olarak g\u00f6revini yerine getirip tak\u0131m\u0131n\u0131n buzda ba\u015far\u0131l\u0131 olmas\u0131na odaklanmak istiyordu. Ama u\u0308niversitenin iki buz pistinden birinde hokey tak\u0131m\u0131 yu\u0308zu\u0308nden ufak bir aksilik ya\u015fanm\u0131\u015ft\u0131. Bu yu\u0308zden ona katlanamad\u0131\u011f\u0131 a\u00e7\u0131k\u00e7a belli olan Anastasia da d\u00e2hil olmak u\u0308zere artistik patinaj tak\u0131m\u0131yla ayn\u0131 pisti payla\u015fmak zorunda kald\u0131\u011f\u0131nda, g\u00f6revine odaklanmak \u00e7ok da kolay olmayacakt\u0131. Di\u011fer yandan, Anastasia\u2019n\u0131n partnerinin ba\u015f\u0131na gelen talihsiz bir olay sonucu turnuvaya haz\u0131rlanmak i\u00e7in tek \u015fans\u0131 kalm\u0131\u015ft\u0131: Hi\u00e7 ho\u015flanmad\u0131\u011f\u0131 ve k\u00f6\u015fe bucak ka\u00e7t\u0131\u011f\u0131 Nate Hawkins. Buz pistinde k\u0131v\u0131lc\u0131mlar havada u\u00e7u\u015furken Anastasia\u2019n\u0131n hedeflerini ba\u015farmak d\u0131\u015f\u0131nda hi\u00e7bir endi\u015fesi yoktu. \u00c7u\u0308nku\u0308 bir ili\u015fki istemedi\u011fi gibi bir hokey oyuncusuna da asla \u00e2\u015f\u0131k olamazd\u0131. \u00d6yle de\u011fil mi?<\/p>\n","protected":false},"excerpt":{"rendered":"<p>Hayat\u0131n\u0131 bu\u0308tu\u0308nu\u0308yle planlam\u0131\u015ft\u0131, ta ki o gelene kadar&#8230; Anastasia Allen\u2019\u0131n ku\u0308\u00e7u\u0308klu\u0308\u011fu\u0308nden beri tek hayali, Amerika Birle\u015fik Devletleri olimpiyat tak\u0131m\u0131na girmekti. Kaliforniya \u00dcniversitesi, Maple Hills\u2019ten tam burs<span class=\"excerpt-hellip\"> [\u2026]<\/span><\/p>\n","protected":false},"featured_media":0,"template":"","meta":{"_monsterinsights_skip_tracking":false,"_monsterinsights_sitenote_active":false,"_monsterinsights_sitenote_note":"","_monsterinsights_sitenote_category":0},"product_brand":[],"product_cat":[12291,12711],"product_tag":[],"class_list":{"0":"post-779202","1":"product","2":"type-product","3":"status-publish","5":"product_cat-edebiyat","6":"product_cat-roman-oyku","7":"pa_cilt-ciltsiz","8":"pa_tur-kitap","9":"pa_yayinevi-olimpos-yayinlari","10":"pa_yazar-hannah-grace","12":"first","13":"instock","14":"sale","15":"shipping-taxable","16":"purchasable","17":"product-type-simple"},"_links":{"self":[{"href":"https:\/\/roveyayinevi.com.tr\/index.php\/wp-json\/wp\/v2\/product\/779202","targetHints":{"allow":["GET"]}}],"collection":[{"href":"https:\/\/roveyayinevi.com.tr\/index.php\/wp-json\/wp\/v2\/product"}],"about":[{"href":"https:\/\/roveyayinevi.com.tr\/index.php\/wp-json\/wp\/v2\/types\/product"}],"wp:attachment":[{"href":"https:\/\/roveyayinevi.com.tr\/index.php\/wp-json\/wp\/v2\/media?parent=779202"}],"wp:term":[{"taxonomy":"product_brand","embeddable":true,"href":"https:\/\/roveyayinevi.com.tr\/index.php\/wp-json\/wp\/v2\/product_brand?post=779202"},{"taxonomy":"product_cat","embeddable":true,"href":"https:\/\/roveyayinevi.com.tr\/index.php\/wp-json\/wp\/v2\/product_cat?post=779202"},{"taxonomy":"product_tag","embeddable":true,"href":"https:\/\/roveyayinevi.com.tr\/index.php\/wp-json\/wp\/v2\/product_tag?post=779202"}],"curies":[{"name":"wp","href":"https:\/\/api.w.org\/{rel}","templated":true}]}}