{"id":779201,"date":"2025-12-30T11:10:37","date_gmt":"2025-12-30T08:10:37","guid":{"rendered":"https:\/\/roveyayinevi.com.tr\/index.php\/urun\/baringo-ile-siradan-hariciye-sohbetleri-ii\/"},"modified":"2026-04-16T03:04:44","modified_gmt":"2026-04-16T00:04:44","slug":"baringo-ile-siradan-hariciye-sohbetleri-ii","status":"publish","type":"product","link":"https:\/\/roveyayinevi.com.tr\/index.php\/urun\/baringo-ile-siradan-hariciye-sohbetleri-ii\/","title":{"rendered":"Baringo ile S\u0131radan Hariciye Sohbetleri II"},"content":{"rendered":"<p>\u201cHOLLANDA YEN\u0130DEN Amsterdam \/ A\u011fustos 2006 \u2026Nairobi, Karlsruhe, M\u00fcnih, Tebriz ve Saraybosna derken y\u0131llar sonra tekrar Deventer\u2019e hem de Ba\u015fkonsolos olarak gelmek heyecan vericiydi. Ama ne yaz\u0131k ki, bu sefer ba\u015fk\u00e2tibi Baringo yan\u0131nda de\u011fildi. Son tayin yeri Bosna Hersek d\u00e2hil, aile ile tam be\u015f tayin yerinde birlikte bir hayat ge\u00e7irdikleri \u2018Jack Russel\u2019 teriyer cinsi Baringo\u2019nun ihtiyar kalbi daha fazla dayanamam\u0131\u015f ve bir ay kadar \u00f6nce son nefesini \u0130stanbul\u2019daki evlerinde vermi\u015fti. Tuzla\u2019daki belediye hayvan mezarl\u0131\u011f\u0131na g\u00f6md\u00fckleri on d\u00f6rt ya\u015f\u0131ndaki dostlar\u0131n\u0131n mezar\u0131na sadece, \u2018BAR\u0130NGO\u2019 yaz\u0131l\u0131 bir mermer ta\u015f diktirmi\u015fler, topra\u011f\u0131n \u00fczerine de oyuncaklar\u0131ndan birini b\u0131rakm\u0131\u015flard\u0131. \u015eimdi art\u0131k aile alb\u00fcm\u00fcndeki bir foto\u011fraf ile canland\u0131r\u0131lan bu mezar yerinin, y\u0131llar i\u00e7inde tamamen betona teslim olan \u0130stanbul co\u011frafyas\u0131nda halen yerinde durup durmad\u0131\u011f\u0131 ise bir soru i\u015faretiydi!\u201d Baringo\u2019nun maceralar\u0131 devam ediyor! Emekli B\u00fcy\u00fckel\u00e7i Hidayet Bey\u2019in merakl\u0131 k\u00f6pe\u011fi ve s\u0131rda\u015f\u0131 Baringo, Patronu\u2019nun Hollanda, Almanya ve Afrika\u2019n\u0131n Sahraalt\u0131\u2019ndaki gizemli \u00fclkesi Zimbabve\u2019deki an\u0131lar\u0131n\u0131 kendine has ne\u015feli \u00fcslubu ile anlatmay\u0131 bu ikinci kitapta da s\u00fcrd\u00fcr\u00fcyor. De\u011fi\u015fik co\u011frafya ve k\u00fclt\u00fcrler aras\u0131nda kordiplomatik hayattan kesitlerin yans\u0131t\u0131ld\u0131\u011f\u0131 kitap, ciddilik-mizahilik dengesini yine tam k\u0131vam\u0131nda tutarak okuyucuyu keyifli bir yolculu\u011fa \u00e7\u0131kmaya davet ediyor.  <\/p>\n","protected":false},"excerpt":{"rendered":"<p>\u201cHOLLANDA YEN\u0130DEN Amsterdam \/ A\u011fustos 2006 \u2026Nairobi, Karlsruhe, M\u00fcnih, Tebriz ve Saraybosna derken y\u0131llar sonra tekrar Deventer\u2019e hem de Ba\u015fkonsolos olarak gelmek heyecan vericiydi. Ama ne<span class=\"excerpt-hellip\"> [\u2026]<\/span><\/p>\n","protected":false},"featured_media":0,"template":"","meta":{"_monsterinsights_skip_tracking":false,"_monsterinsights_sitenote_active":false,"_monsterinsights_sitenote_note":"","_monsterinsights_sitenote_category":0},"product_brand":[],"product_cat":[13701,12291],"product_tag":[],"class_list":{"0":"post-779201","1":"product","2":"type-product","3":"status-publish","5":"product_cat-ani-mektup-gunluk","6":"product_cat-edebiyat","7":"pa_cilt-ciltsiz","8":"pa_tur-kitap","9":"pa_yayinevi-luna-yayinlari","10":"pa_yazar-k-hidayet-eris","12":"first","13":"instock","14":"sale","15":"shipping-taxable","16":"purchasable","17":"product-type-simple"},"_links":{"self":[{"href":"https:\/\/roveyayinevi.com.tr\/index.php\/wp-json\/wp\/v2\/product\/779201","targetHints":{"allow":["GET"]}}],"collection":[{"href":"https:\/\/roveyayinevi.com.tr\/index.php\/wp-json\/wp\/v2\/product"}],"about":[{"href":"https:\/\/roveyayinevi.com.tr\/index.php\/wp-json\/wp\/v2\/types\/product"}],"wp:attachment":[{"href":"https:\/\/roveyayinevi.com.tr\/index.php\/wp-json\/wp\/v2\/media?parent=779201"}],"wp:term":[{"taxonomy":"product_brand","embeddable":true,"href":"https:\/\/roveyayinevi.com.tr\/index.php\/wp-json\/wp\/v2\/product_brand?post=779201"},{"taxonomy":"product_cat","embeddable":true,"href":"https:\/\/roveyayinevi.com.tr\/index.php\/wp-json\/wp\/v2\/product_cat?post=779201"},{"taxonomy":"product_tag","embeddable":true,"href":"https:\/\/roveyayinevi.com.tr\/index.php\/wp-json\/wp\/v2\/product_tag?post=779201"}],"curies":[{"name":"wp","href":"https:\/\/api.w.org\/{rel}","templated":true}]}}