{"id":779199,"date":"2025-12-30T11:09:35","date_gmt":"2025-12-30T08:09:35","guid":{"rendered":"https:\/\/roveyayinevi.com.tr\/index.php\/urun\/gizem-dolu-bir-arayis\/"},"modified":"2026-04-16T03:03:59","modified_gmt":"2026-04-16T00:03:59","slug":"gizem-dolu-bir-arayis","status":"publish","type":"product","link":"https:\/\/roveyayinevi.com.tr\/index.php\/urun\/gizem-dolu-bir-arayis\/","title":{"rendered":"Gizem Dolu Bir Aray\u0131\u015f"},"content":{"rendered":"<p>O ger\u00e7ek de \u015fudur: T\u00fcm hayat\u0131n\u0131 bu \u00fclkeye adam\u0131\u015f bir devlet adam\u0131n\u0131n o \u00fclkenin gelece\u011fiyle ilgili s\u00f6yleyece\u011fi \u00e7ok \u015feyler vard\u0131r ve bunlar\u0131 da kaleme al\u0131p yazm\u0131\u015f olma ihtimalidir.   Evet, Atat\u00fcrk\u2019ten bahsediyorum. Atat\u00fcrk mutlak surette bunu yapm\u0131\u015ft\u0131r ve gelecekle ilgili d\u00fc\u015f\u00fcncelerini yaz\u0131ya d\u00f6k\u00fcp en yak\u0131n\u0131ndaki ki\u015filerden birine de teslim etmi\u015ftir. \u0130\u015fte o ki\u015finin \u0130smet Bozda\u011f\u2019\u0131n kitab\u0131nda bahsetti\u011fi gibi K\u0131l\u0131\u00e7 Ali olma ihtimali de en g\u00fc\u00e7l\u00fc ihtimaldir. \u00c7\u00fcnk\u00fc K\u0131l\u0131\u00e7 Ali Atat\u00fcrk\u2019\u00fcn en yak\u0131n\u0131nda bulunanlardan birisidir.   Burada akl\u0131n\u0131za birka\u00e7 soru gelebilir:   Atat\u00fcrk gelecekle ilgili bir \u015feyler yaz\u0131yorsa bunu neden en yak\u0131n\u0131ndaki ki\u015fiye b\u0131raks\u0131n?   Devletin kurumlar\u0131ndan birine bunu teslim edemez miydi? <\/p>\n","protected":false},"excerpt":{"rendered":"<p>O ger\u00e7ek de \u015fudur: T\u00fcm hayat\u0131n\u0131 bu \u00fclkeye adam\u0131\u015f bir devlet adam\u0131n\u0131n o \u00fclkenin gelece\u011fiyle ilgili s\u00f6yleyece\u011fi \u00e7ok \u015feyler vard\u0131r ve bunlar\u0131 da kaleme al\u0131p yazm\u0131\u015f<span class=\"excerpt-hellip\"> [\u2026]<\/span><\/p>\n","protected":false},"featured_media":0,"template":"","meta":{"_monsterinsights_skip_tracking":false,"_monsterinsights_sitenote_active":false,"_monsterinsights_sitenote_note":"","_monsterinsights_sitenote_category":0},"product_brand":[],"product_cat":[12530,12304],"product_tag":[],"class_list":{"0":"post-779199","1":"product","2":"type-product","3":"status-publish","5":"product_cat-mustafa-kemal-ataturk","6":"product_cat-tarih","7":"pa_cilt-ciltsiz","8":"pa_tur-kitap","9":"pa_yayinevi-luna-yayinlari","10":"pa_yazar-bulut-omer-mimiroglu","12":"first","13":"instock","14":"sale","15":"shipping-taxable","16":"purchasable","17":"product-type-simple"},"_links":{"self":[{"href":"https:\/\/roveyayinevi.com.tr\/index.php\/wp-json\/wp\/v2\/product\/779199","targetHints":{"allow":["GET"]}}],"collection":[{"href":"https:\/\/roveyayinevi.com.tr\/index.php\/wp-json\/wp\/v2\/product"}],"about":[{"href":"https:\/\/roveyayinevi.com.tr\/index.php\/wp-json\/wp\/v2\/types\/product"}],"wp:attachment":[{"href":"https:\/\/roveyayinevi.com.tr\/index.php\/wp-json\/wp\/v2\/media?parent=779199"}],"wp:term":[{"taxonomy":"product_brand","embeddable":true,"href":"https:\/\/roveyayinevi.com.tr\/index.php\/wp-json\/wp\/v2\/product_brand?post=779199"},{"taxonomy":"product_cat","embeddable":true,"href":"https:\/\/roveyayinevi.com.tr\/index.php\/wp-json\/wp\/v2\/product_cat?post=779199"},{"taxonomy":"product_tag","embeddable":true,"href":"https:\/\/roveyayinevi.com.tr\/index.php\/wp-json\/wp\/v2\/product_tag?post=779199"}],"curies":[{"name":"wp","href":"https:\/\/api.w.org\/{rel}","templated":true}]}}