{"id":779198,"date":"2025-12-30T11:08:51","date_gmt":"2025-12-30T08:08:51","guid":{"rendered":"https:\/\/roveyayinevi.com.tr\/index.php\/urun\/sef-zeki-acikoz-anlatiyor-siyasetin-sofrasi\/"},"modified":"2026-04-16T03:03:40","modified_gmt":"2026-04-16T00:03:40","slug":"sef-zeki-acikoz-anlatiyor-siyasetin-sofrasi","status":"publish","type":"product","link":"https:\/\/roveyayinevi.com.tr\/index.php\/urun\/sef-zeki-acikoz-anlatiyor-siyasetin-sofrasi\/","title":{"rendered":"\u015eef Zeki A\u00e7\u0131k\u00f6z Anlat\u0131yor &#8211; Siyasetin Sofras\u0131"},"content":{"rendered":"<p>\u201cSiyasetin Sofras\u0131, T\u00fcrk siyasetinin yak\u0131n tarihine damga vuran isimlerin yeme i\u00e7me al\u0131\u015fkanl\u0131klar\u0131 ve sofra k\u00fclt\u00fcr\u00fcn\u00fc kay\u0131t alt\u0131na alan ilk kitap. Okurlar\u0131n\u0131, siyaset\u00e7ilerin merak edilen sofralar\u0131na konuk eden ar\u015fiv niteli\u011findeki bu kitab\u0131n, T\u00fcrk mutfa\u011f\u0131n\u0131n yaz\u0131l\u0131 kaynaklar\u0131 aras\u0131nda \u00f6nemli bir yere sahip olaca\u011f\u0131n\u0131 d\u00fc\u015f\u00fcn\u00fcyorum\u201d.Master \u015eef Mehmet Yal\u00e7\u0131nkaya\u201cYar\u0131m asra yak\u0131n s\u00fcredir mutfa\u011f\u0131m\u0131za emek veren T\u00fcrkiye A\u015f\u00e7\u0131lar Federasyonu Ba\u015fkan\u0131 Zeki \u015eef, Siyasetin Sofras\u0131 kitab\u0131 ile \u00e2deta modern T\u00fcrk a\u015f\u00e7\u0131l\u0131\u011f\u0131n\u0131n k\u0131sa tarihini anlatm\u0131\u015f. Mutfak emek\u00e7ilerinin duygu ve d\u00fc\u015f\u00fcncelerine terc\u00fcman olan bu kitap, gen\u00e7 a\u015f\u00e7\u0131lar ve a\u015f\u00e7\u0131 adaylar\u0131n\u0131n yararlanaca\u011f\u0131 muazzam bir eser niteli\u011finde\u201d.Etin Profes\u00f6r\u00fc C\u00fcneyt Asan\u201cBirlikte Krali\u00e7e Elizabeth ve Barack Obama\u2019n\u0131n da aralar\u0131nda oldu\u011fu d\u00fcnya liderlerini a\u011f\u0131rlad\u0131\u011f\u0131m\u0131z Zeki A\u00e7\u0131k\u00f6z, \u00e2deta orkestra \u015fefi gibi mutfakta ekibini kusursuz y\u00f6neten, \u00f6nc\u00fc ve yenilik\u00e7i bir \u015fef. T\u00fcrkiye\u2019de devlet adamlar\u0131n\u0131n yeme i\u00e7me k\u00fclt\u00fcr\u00fcn\u00fcn kitab\u0131n\u0131 sadece o yazabilirdi, o da bu kitapla bunu yapm\u0131\u015f\u201d.Sheraton Ankara Oteli eski Genel M\u00fcd\u00fcr\u00fc Jacques Chevasson<\/p>\n","protected":false},"excerpt":{"rendered":"<p>\u201cSiyasetin Sofras\u0131, T\u00fcrk siyasetinin yak\u0131n tarihine damga vuran isimlerin yeme i\u00e7me al\u0131\u015fkanl\u0131klar\u0131 ve sofra k\u00fclt\u00fcr\u00fcn\u00fc kay\u0131t alt\u0131na alan ilk kitap. Okurlar\u0131n\u0131, siyaset\u00e7ilerin merak edilen sofralar\u0131na konuk<span class=\"excerpt-hellip\"> [\u2026]<\/span><\/p>\n","protected":false},"featured_media":0,"template":"","meta":{"_monsterinsights_skip_tracking":false,"_monsterinsights_sitenote_active":false,"_monsterinsights_sitenote_note":"","_monsterinsights_sitenote_category":0},"product_brand":[],"product_cat":[12337,14543],"product_tag":[],"class_list":{"0":"post-779198","1":"product","2":"type-product","3":"status-publish","5":"product_cat-politika-siyaset","6":"product_cat-turkiye-siyaseti-ve-politikasi","7":"pa_cilt-ciltsiz","8":"pa_tur-kitap","9":"pa_yayinevi-nobel-yasam","10":"pa_yazar-ozcan-yildirim-zeki-acikoz","12":"first","13":"instock","14":"sale","15":"shipping-taxable","16":"purchasable","17":"product-type-simple"},"_links":{"self":[{"href":"https:\/\/roveyayinevi.com.tr\/index.php\/wp-json\/wp\/v2\/product\/779198","targetHints":{"allow":["GET"]}}],"collection":[{"href":"https:\/\/roveyayinevi.com.tr\/index.php\/wp-json\/wp\/v2\/product"}],"about":[{"href":"https:\/\/roveyayinevi.com.tr\/index.php\/wp-json\/wp\/v2\/types\/product"}],"wp:attachment":[{"href":"https:\/\/roveyayinevi.com.tr\/index.php\/wp-json\/wp\/v2\/media?parent=779198"}],"wp:term":[{"taxonomy":"product_brand","embeddable":true,"href":"https:\/\/roveyayinevi.com.tr\/index.php\/wp-json\/wp\/v2\/product_brand?post=779198"},{"taxonomy":"product_cat","embeddable":true,"href":"https:\/\/roveyayinevi.com.tr\/index.php\/wp-json\/wp\/v2\/product_cat?post=779198"},{"taxonomy":"product_tag","embeddable":true,"href":"https:\/\/roveyayinevi.com.tr\/index.php\/wp-json\/wp\/v2\/product_tag?post=779198"}],"curies":[{"name":"wp","href":"https:\/\/api.w.org\/{rel}","templated":true}]}}