{"id":779197,"date":"2025-12-30T11:08:47","date_gmt":"2025-12-30T08:08:47","guid":{"rendered":"https:\/\/roveyayinevi.com.tr\/index.php\/urun\/kuranin-vahyine-ve-mushaflasmasina-dair-tartismalar\/"},"modified":"2026-04-16T03:03:38","modified_gmt":"2026-04-16T00:03:38","slug":"kuranin-vahyine-ve-mushaflasmasina-dair-tartismalar","status":"publish","type":"product","link":"https:\/\/roveyayinevi.com.tr\/index.php\/urun\/kuranin-vahyine-ve-mushaflasmasina-dair-tartismalar\/","title":{"rendered":"Kur&#8217;an&#8217;\u0131n Vahyine ve Mushafla\u015fmas\u0131na Dair Tart\u0131\u015fmalar"},"content":{"rendered":"<p>KUR\u2019\u00c2N\u2019IN VAHY\u0130NE ve MUSHAFLA\u015eMASINA DA\u0130R TARTI\u015eMALAR <\/p>\n","protected":false},"excerpt":{"rendered":"<p>KUR\u2019\u00c2N\u2019IN VAHY\u0130NE ve MUSHAFLA\u015eMASINA DA\u0130R TARTI\u015eMALAR<\/p>\n","protected":false},"featured_media":0,"template":"","meta":{"_monsterinsights_skip_tracking":false,"_monsterinsights_sitenote_active":false,"_monsterinsights_sitenote_note":"","_monsterinsights_sitenote_category":0},"product_brand":[],"product_cat":[12573,12566],"product_tag":[],"class_list":{"0":"post-779197","1":"product","2":"type-product","3":"status-publish","5":"product_cat-akademik-kitaplar","6":"product_cat-egitim","7":"pa_cilt-ciltsiz","8":"pa_tur-kitap","9":"pa_yayinevi-soncag-akademik-kitaplar","10":"pa_yazar-abdurrahim-kizilseker","12":"first","13":"instock","14":"sale","15":"shipping-taxable","16":"purchasable","17":"product-type-simple"},"_links":{"self":[{"href":"https:\/\/roveyayinevi.com.tr\/index.php\/wp-json\/wp\/v2\/product\/779197","targetHints":{"allow":["GET"]}}],"collection":[{"href":"https:\/\/roveyayinevi.com.tr\/index.php\/wp-json\/wp\/v2\/product"}],"about":[{"href":"https:\/\/roveyayinevi.com.tr\/index.php\/wp-json\/wp\/v2\/types\/product"}],"wp:attachment":[{"href":"https:\/\/roveyayinevi.com.tr\/index.php\/wp-json\/wp\/v2\/media?parent=779197"}],"wp:term":[{"taxonomy":"product_brand","embeddable":true,"href":"https:\/\/roveyayinevi.com.tr\/index.php\/wp-json\/wp\/v2\/product_brand?post=779197"},{"taxonomy":"product_cat","embeddable":true,"href":"https:\/\/roveyayinevi.com.tr\/index.php\/wp-json\/wp\/v2\/product_cat?post=779197"},{"taxonomy":"product_tag","embeddable":true,"href":"https:\/\/roveyayinevi.com.tr\/index.php\/wp-json\/wp\/v2\/product_tag?post=779197"}],"curies":[{"name":"wp","href":"https:\/\/api.w.org\/{rel}","templated":true}]}}