{"id":779196,"date":"2025-12-30T11:07:44","date_gmt":"2025-12-30T08:07:44","guid":{"rendered":"https:\/\/roveyayinevi.com.tr\/index.php\/urun\/dostoyevski-ve-biz\/"},"modified":"2026-04-07T03:07:37","modified_gmt":"2026-04-07T00:07:37","slug":"dostoyevski-ve-biz","status":"publish","type":"product","link":"https:\/\/roveyayinevi.com.tr\/index.php\/urun\/dostoyevski-ve-biz\/","title":{"rendered":"Dostoyevski ve Biz"},"content":{"rendered":"<p>Dostoyevski\u2019nin, Bat\u0131l\u0131la\u015fma kar\u015f\u0131s\u0131nda Ruslar\u0131n izzet ve haysiyetini savunmak i\u00e7in g\u00f6sterdi\u011fi titizlik ve ya\u015fad\u0131\u011f\u0131 hayal k\u0131r\u0131kl\u0131klar\u0131 ile Osmanl\u0131 ve Cumhuriyet m\u00fcelliflerinin benzerlikleri nelerdir? Ondaki yaratma cesareti ile milletine duydu\u011fu sayg\u0131, samimi sevgi ve insanl\u0131\u011f\u0131n mutlulu\u011fu ad\u0131na sorumluluk alma cesareti aras\u0131nda nas\u0131l bir ili\u015fki vard\u0131r? Bizde neden onun liginde bir romanc\u0131 \u00e7\u0131kmam\u0131\u015ft\u0131r? Eserleri ile denizler a\u015f\u0131r\u0131 ve \u00e7a\u011flar \u00f6tesi bir etki yaratm\u0131\u015f olan Dostoyevski\u2019nin T\u00fcrk okurlar\u0131 i\u00e7in \u00f6nemi, ba\u015fka \u00fclkelerin okurlar\u0131ndan daha farkl\u0131d\u0131r. O bize, di\u011fer okurlar\u0131na s\u00f6yleyebilece\u011finden daha \u00e7ok \u015fey s\u00f6yler. Biz de onu, di\u011fer okurlar\u0131n\u0131n anlayabilece\u011finden daha iyi anlar\u0131z. Birlikte ac\u0131 tatl\u0131, iyi k\u00f6t\u00fc g\u00fcnlerimiz olan \u00e7ok eski bir aile dostumuz, kap\u0131 kom\u015fumuz gibidir Dostoyevski. Nabi Avc\u0131\u2019n\u0131n s\u00f6ze d\u00f6kt\u00fc\u011f\u00fc enformatik cehaletin tahakk\u00fcm\u00fcne ra\u011fmen bir fikir b\u00fcy\u00fc\u011f\u00fcm\u00fczd\u00fcr Dostoyevski. Bundan dolay\u0131 edebiyat\u00e7\u0131lar\u0131m\u0131z\u0131n ve tarih\u00e7ilerimizin yan\u0131 s\u0131ra sinemac\u0131lar\u0131m\u0131za da yol g\u00f6stermi\u015ftir. O, gerek Ruslarla m\u00fc\u015fterek Do\u011fulu meselelerimize y\u00f6nelik d\u00fc\u015f\u00fcnce d\u00fcnyas\u0131 ile gerek modern insan\u0131n anlam aray\u0131\u015f\u0131 ve ahlak meselelerine tuttu\u011fu \u0131\u015f\u0131kla daha nice nesillerce okunup tart\u0131\u015f\u0131lacakt\u0131r.   <\/p>\n","protected":false},"excerpt":{"rendered":"<p>Dostoyevski\u2019nin, Bat\u0131l\u0131la\u015fma kar\u015f\u0131s\u0131nda Ruslar\u0131n izzet ve haysiyetini savunmak i\u00e7in g\u00f6sterdi\u011fi titizlik ve ya\u015fad\u0131\u011f\u0131 hayal k\u0131r\u0131kl\u0131klar\u0131 ile Osmanl\u0131 ve Cumhuriyet m\u00fcelliflerinin benzerlikleri nelerdir? Ondaki yaratma cesareti ile<span class=\"excerpt-hellip\"> [\u2026]<\/span><\/p>\n","protected":false},"featured_media":0,"template":"","meta":{"_monsterinsights_skip_tracking":false,"_monsterinsights_sitenote_active":false,"_monsterinsights_sitenote_note":"","_monsterinsights_sitenote_category":0},"product_brand":[],"product_cat":[18545,12291],"product_tag":[],"class_list":{"0":"post-779196","1":"product","2":"type-product","3":"status-publish","5":"product_cat-anlati","6":"product_cat-edebiyat","7":"pa_cilt-ciltsiz","8":"pa_tur-kitap","9":"pa_yayinevi-hece-yayinlari","10":"pa_yazar-nurcan-ozkaplan-yurdakul","12":"first","13":"instock","14":"sale","15":"shipping-taxable","16":"purchasable","17":"product-type-simple"},"_links":{"self":[{"href":"https:\/\/roveyayinevi.com.tr\/index.php\/wp-json\/wp\/v2\/product\/779196","targetHints":{"allow":["GET"]}}],"collection":[{"href":"https:\/\/roveyayinevi.com.tr\/index.php\/wp-json\/wp\/v2\/product"}],"about":[{"href":"https:\/\/roveyayinevi.com.tr\/index.php\/wp-json\/wp\/v2\/types\/product"}],"wp:attachment":[{"href":"https:\/\/roveyayinevi.com.tr\/index.php\/wp-json\/wp\/v2\/media?parent=779196"}],"wp:term":[{"taxonomy":"product_brand","embeddable":true,"href":"https:\/\/roveyayinevi.com.tr\/index.php\/wp-json\/wp\/v2\/product_brand?post=779196"},{"taxonomy":"product_cat","embeddable":true,"href":"https:\/\/roveyayinevi.com.tr\/index.php\/wp-json\/wp\/v2\/product_cat?post=779196"},{"taxonomy":"product_tag","embeddable":true,"href":"https:\/\/roveyayinevi.com.tr\/index.php\/wp-json\/wp\/v2\/product_tag?post=779196"}],"curies":[{"name":"wp","href":"https:\/\/api.w.org\/{rel}","templated":true}]}}