{"id":779195,"date":"2025-12-30T11:06:48","date_gmt":"2025-12-30T08:06:48","guid":{"rendered":"https:\/\/roveyayinevi.com.tr\/index.php\/urun\/1000-mitolojik-karakter\/"},"modified":"2025-12-30T11:06:48","modified_gmt":"2025-12-30T08:06:48","slug":"1000-mitolojik-karakter","status":"publish","type":"product","link":"https:\/\/roveyayinevi.com.tr\/index.php\/urun\/1000-mitolojik-karakter\/","title":{"rendered":"1000 Mitolojik Karakter"},"content":{"rendered":"<p>A\u2019dan Z\u2019ye 1000 mitolojik karakterin k\u0131sa a\u00e7\u0131klamalar\u0131yla dolu bu kitap, mitoloji severlerin vazge\u00e7emeyece\u011fi bir kaynak\u2026   1000 Mitolojik Karakter, pek \u00e7ok medeniyetin efsanelerinde kendine yer bulan tanr\u0131lar, tanr\u0131\u00e7alar, kahramanlar, devler, periler gibi \u00f6nemli mitolojik karakterleri hem onlar\u0131 tan\u0131mam\u0131z gereken \u00f6zellikleriyle hem de birbirleriyle olan ili\u015fkileri ba\u011flam\u0131nda de\u011ferlendirerek okura sunuyor. G\u00f6rsellerle desteklenen bu kitap, mitoloji okumalar\u0131n\u0131zda da faydalanabilece\u011finiz bir i\u00e7eri\u011fe sahip. <\/p>\n","protected":false},"excerpt":{"rendered":"<p>A\u2019dan Z\u2019ye 1000 mitolojik karakterin k\u0131sa a\u00e7\u0131klamalar\u0131yla dolu bu kitap, mitoloji severlerin vazge\u00e7emeyece\u011fi bir kaynak\u2026 1000 Mitolojik Karakter, pek \u00e7ok medeniyetin efsanelerinde kendine yer bulan tanr\u0131lar,<span class=\"excerpt-hellip\"> [\u2026]<\/span><\/p>\n","protected":false},"featured_media":0,"template":"","meta":{"_monsterinsights_skip_tracking":false,"_monsterinsights_sitenote_active":false,"_monsterinsights_sitenote_note":"","_monsterinsights_sitenote_category":0},"product_brand":[],"product_cat":[12718,12858],"product_tag":[],"class_list":{"0":"post-779195","1":"product","2":"type-product","3":"status-publish","5":"product_cat-din","6":"product_cat-mitolojiler","7":"pa_cilt-ciltsiz","8":"pa_tur-kitap","9":"pa_yayinevi-maya-kitap","10":"pa_yazar-edward-s-ellis","12":"first","13":"instock","14":"sale","15":"shipping-taxable","16":"purchasable","17":"product-type-simple"},"_links":{"self":[{"href":"https:\/\/roveyayinevi.com.tr\/index.php\/wp-json\/wp\/v2\/product\/779195","targetHints":{"allow":["GET"]}}],"collection":[{"href":"https:\/\/roveyayinevi.com.tr\/index.php\/wp-json\/wp\/v2\/product"}],"about":[{"href":"https:\/\/roveyayinevi.com.tr\/index.php\/wp-json\/wp\/v2\/types\/product"}],"wp:attachment":[{"href":"https:\/\/roveyayinevi.com.tr\/index.php\/wp-json\/wp\/v2\/media?parent=779195"}],"wp:term":[{"taxonomy":"product_brand","embeddable":true,"href":"https:\/\/roveyayinevi.com.tr\/index.php\/wp-json\/wp\/v2\/product_brand?post=779195"},{"taxonomy":"product_cat","embeddable":true,"href":"https:\/\/roveyayinevi.com.tr\/index.php\/wp-json\/wp\/v2\/product_cat?post=779195"},{"taxonomy":"product_tag","embeddable":true,"href":"https:\/\/roveyayinevi.com.tr\/index.php\/wp-json\/wp\/v2\/product_tag?post=779195"}],"curies":[{"name":"wp","href":"https:\/\/api.w.org\/{rel}","templated":true}]}}