{"id":779190,"date":"2025-12-30T11:04:11","date_gmt":"2025-12-30T08:04:11","guid":{"rendered":"https:\/\/roveyayinevi.com.tr\/index.php\/urun\/insan-aptalliginin-temel-yasalari\/"},"modified":"2026-04-16T02:59:57","modified_gmt":"2026-04-15T23:59:57","slug":"insan-aptalliginin-temel-yasalari","status":"publish","type":"product","link":"https:\/\/roveyayinevi.com.tr\/index.php\/urun\/insan-aptalliginin-temel-yasalari\/","title":{"rendered":"\u0130nsan Aptall\u0131\u011f\u0131n\u0131n Temel Yasalar\u0131"},"content":{"rendered":"<p>\u201cAk\u0131ll\u0131 ki\u015fi ak\u0131ll\u0131 oldu\u011funu bilir. Haydut, bir haydut oldu\u011funun fark\u0131ndad\u0131r. Saf ki\u015fi, ac\u0131 verici bir \u015fekilde kendi safl\u0131k duygusuyla doludur. Tu\u0308m bu karakterlerin aksine, aptal ki\u015fi aptal oldu\u011funu bilmez.\u201d   Ticari bir meta olarak \u201cbiber\u201d \u00fczerinden bir Avrupa tarihi yazmak \u2013kula\u011fa her ne kadar \u00e7\u0131lg\u0131nca ya da imk\u00e2ns\u0131z g\u00f6r\u00fcnse de\u2013 m\u00fcmk\u00fcn m\u00fcd\u00fcr? Peki ya Roma \u0130mparatorlu\u011fu&#8217;nun \u00e7\u00f6k\u00fc\u015f nedenleri aras\u0131nda kur\u015fun zehirlenmesine dair izler bulmak, insan aptall\u0131\u011f\u0131n\u0131n temel yasalar\u0131n\u0131 matematiksel form\u00fcllerle ortaya koymak?   \u201c\u0130nsan Aptall\u0131\u011f\u0131n\u0131n Temel Yasalar\u0131\u201d bal ve av hayvanlar\u0131na kar\u015f\u0131 zaaf\u0131 olan piskoposlar\u0131n, baharatl\u0131 yiyecekleri tercih eden m\u00fcnzevilerin, \u00fcz\u00fcm ba\u011flar\u0131 i\u00e7in y\u00fcz y\u0131l s\u00fcrecek sava\u015flar \u00e7\u0131karan krallar\u0131n ve insanlar aras\u0131nda y\u00fcksek bir orana sahip olan aptallar\u0131n ge\u00e7it t\u00f6reni s\u0131ras\u0131nda, bu sorulara ironik ve bizim i\u00e7in de hayli tan\u0131d\u0131k yan\u0131tlar veriyor:   \u201cGerileyen bir u\u0308lkede, aptal bireylerin yu\u0308zdesi daima \u2018\u03c3\u2019ya e\u015fittir; ancak nu\u0308fusun kalan\u0131nda, \u00f6zellikle iktidardakiler aras\u0131nda, yu\u0308ksek aptall\u0131k oran\u0131na sahip haydutlar\u0131n korkutucu \u015fekilde \u00e7o\u011fald\u0131\u011f\u0131 ve iktidarda olmayanlar aras\u0131ndaki saflar\u0131n say\u0131s\u0131nda e\u015fit derecede korkutucu bir art\u0131\u015f oldu\u011fu fark edilir. Aptal olmayan nu\u0308fusun bile\u015fimindeki b\u00f6yle bir de\u011fi\u015fiklik, ka\u00e7\u0131n\u0131lmaz olarak aptallar\u0131n \u2018\u03c3\u2019 k\u0131sm\u0131n\u0131n y\u0131k\u0131c\u0131l\u0131\u011f\u0131n\u0131 art\u0131r\u0131r ve u\u0308lkeyi felakete g\u00f6tu\u0308ru\u0308r.\u201d<\/p>\n","protected":false},"excerpt":{"rendered":"<p>\u201cAk\u0131ll\u0131 ki\u015fi ak\u0131ll\u0131 oldu\u011funu bilir. Haydut, bir haydut oldu\u011funun fark\u0131ndad\u0131r. Saf ki\u015fi, ac\u0131 verici bir \u015fekilde kendi safl\u0131k duygusuyla doludur. Tu\u0308m bu karakterlerin aksine, aptal ki\u015fi<span class=\"excerpt-hellip\"> [\u2026]<\/span><\/p>\n","protected":false},"featured_media":0,"template":"","meta":{"_monsterinsights_skip_tracking":false,"_monsterinsights_sitenote_active":false,"_monsterinsights_sitenote_note":"","_monsterinsights_sitenote_category":0},"product_brand":[],"product_cat":[12777,12291],"product_tag":[],"class_list":{"0":"post-779190","1":"product","2":"type-product","3":"status-publish","5":"product_cat-deneme","6":"product_cat-edebiyat","7":"pa_cilt-ciltsiz","8":"pa_tur-kitap","9":"pa_yayinevi-islik-yayinlari","10":"pa_yazar-carlo-m-cipolla","12":"first","13":"instock","14":"sale","15":"shipping-taxable","16":"purchasable","17":"product-type-simple"},"_links":{"self":[{"href":"https:\/\/roveyayinevi.com.tr\/index.php\/wp-json\/wp\/v2\/product\/779190","targetHints":{"allow":["GET"]}}],"collection":[{"href":"https:\/\/roveyayinevi.com.tr\/index.php\/wp-json\/wp\/v2\/product"}],"about":[{"href":"https:\/\/roveyayinevi.com.tr\/index.php\/wp-json\/wp\/v2\/types\/product"}],"wp:attachment":[{"href":"https:\/\/roveyayinevi.com.tr\/index.php\/wp-json\/wp\/v2\/media?parent=779190"}],"wp:term":[{"taxonomy":"product_brand","embeddable":true,"href":"https:\/\/roveyayinevi.com.tr\/index.php\/wp-json\/wp\/v2\/product_brand?post=779190"},{"taxonomy":"product_cat","embeddable":true,"href":"https:\/\/roveyayinevi.com.tr\/index.php\/wp-json\/wp\/v2\/product_cat?post=779190"},{"taxonomy":"product_tag","embeddable":true,"href":"https:\/\/roveyayinevi.com.tr\/index.php\/wp-json\/wp\/v2\/product_tag?post=779190"}],"curies":[{"name":"wp","href":"https:\/\/api.w.org\/{rel}","templated":true}]}}