{"id":779187,"date":"2025-12-30T11:03:06","date_gmt":"2025-12-30T08:03:06","guid":{"rendered":"https:\/\/roveyayinevi.com.tr\/index.php\/urun\/kader-gayrete-asiktir\/"},"modified":"2026-04-16T02:59:35","modified_gmt":"2026-04-15T23:59:35","slug":"kader-gayrete-asiktir","status":"publish","type":"product","link":"https:\/\/roveyayinevi.com.tr\/index.php\/urun\/kader-gayrete-asiktir\/","title":{"rendered":"Kader Gayrete A\u015f\u0131kt\u0131r"},"content":{"rendered":"<p>Kitab\u0131n ismi veya kapa\u011f\u0131 dikkatini \u00e7ekti ve arka kapak yaz\u0131s\u0131n\u0131 okumak istedin.   Buray\u0131 \u00f6zl\u00fc s\u00f6zlerle doldurmak istemedim, onun yerine senden bir ricam olacak. Kitab\u0131n ba\u015f\u0131ndan \u00fc\u00e7 d\u00f6rt sayfa okuman\u0131 rica ediyorum.   Bu kitaptaki hik\u00e2ye, kabullenmesi \u00e7ok zor olsa da maalesef ger\u00e7ek bir hik\u00e2ye.   Unutma, insan\u0131n kaderi gayretine ba\u011fl\u0131d\u0131r, belki bu \u00fc\u00e7 sayfa okuma gayreti senin de gelece\u011fine \u0131\u015f\u0131k tutacakt\u0131r\u2026 <\/p>\n","protected":false},"excerpt":{"rendered":"<p>Kitab\u0131n ismi veya kapa\u011f\u0131 dikkatini \u00e7ekti ve arka kapak yaz\u0131s\u0131n\u0131 okumak istedin. Buray\u0131 \u00f6zl\u00fc s\u00f6zlerle doldurmak istemedim, onun yerine senden bir ricam olacak. Kitab\u0131n ba\u015f\u0131ndan \u00fc\u00e7<span class=\"excerpt-hellip\"> [\u2026]<\/span><\/p>\n","protected":false},"featured_media":0,"template":"","meta":{"_monsterinsights_skip_tracking":false,"_monsterinsights_sitenote_active":false,"_monsterinsights_sitenote_note":"","_monsterinsights_sitenote_category":0},"product_brand":[],"product_cat":[12291,12711],"product_tag":[],"class_list":{"0":"post-779187","1":"product","2":"type-product","3":"status-publish","5":"product_cat-edebiyat","6":"product_cat-roman-oyku","7":"pa_cilt-ciltsiz","8":"pa_tur-kitap","9":"pa_yayinevi-olimpos-yayinlari","10":"pa_yazar-ethem-emin-nemutlu","12":"first","13":"instock","14":"sale","15":"shipping-taxable","16":"purchasable","17":"product-type-simple"},"_links":{"self":[{"href":"https:\/\/roveyayinevi.com.tr\/index.php\/wp-json\/wp\/v2\/product\/779187","targetHints":{"allow":["GET"]}}],"collection":[{"href":"https:\/\/roveyayinevi.com.tr\/index.php\/wp-json\/wp\/v2\/product"}],"about":[{"href":"https:\/\/roveyayinevi.com.tr\/index.php\/wp-json\/wp\/v2\/types\/product"}],"wp:attachment":[{"href":"https:\/\/roveyayinevi.com.tr\/index.php\/wp-json\/wp\/v2\/media?parent=779187"}],"wp:term":[{"taxonomy":"product_brand","embeddable":true,"href":"https:\/\/roveyayinevi.com.tr\/index.php\/wp-json\/wp\/v2\/product_brand?post=779187"},{"taxonomy":"product_cat","embeddable":true,"href":"https:\/\/roveyayinevi.com.tr\/index.php\/wp-json\/wp\/v2\/product_cat?post=779187"},{"taxonomy":"product_tag","embeddable":true,"href":"https:\/\/roveyayinevi.com.tr\/index.php\/wp-json\/wp\/v2\/product_tag?post=779187"}],"curies":[{"name":"wp","href":"https:\/\/api.w.org\/{rel}","templated":true}]}}