{"id":779186,"date":"2025-12-30T11:03:01","date_gmt":"2025-12-30T08:03:01","guid":{"rendered":"https:\/\/roveyayinevi.com.tr\/index.php\/urun\/super-cengel-bulmaca-15\/"},"modified":"2026-03-15T22:00:12","modified_gmt":"2026-03-15T19:00:12","slug":"super-cengel-bulmaca-15","status":"publish","type":"product","link":"https:\/\/roveyayinevi.com.tr\/index.php\/urun\/super-cengel-bulmaca-15\/","title":{"rendered":"S\u00fcper \u00c7engel Bulmaca- 15"},"content":{"rendered":"<p>Sevgili Bulmacaseverler,   Yepyeni bir kitapla daha beraberiz.   \u00c7engel bulmaca ciddi bir takip\u00e7i kitlesi olan, zevkli ve \u00f6\u011fretici bir bulmaca \u00e7e\u015fididir. \u00c7\u00f6zmesi pratik ve ilgi \u00e7ekicidir. Gazetelerin verdi\u011fi her bulmaca ekinin vazge\u00e7ilmez bir par\u00e7as\u0131 olan \u00e7engel bulmacay\u0131; hi\u00e7bir yerde yay\u0131mlanmam\u0131\u015f, yepyeni bulmacalarla bir kitapta toplad\u0131k. Art\u0131k yeni bir bulmaca veya \u00e7\u00f6zmekte oldu\u011funuz bulmacan\u0131n \u00e7\u00f6z\u00fcm\u00fc i\u00e7in bir g\u00fcn daha beklemenize gerek yok, sadece sayfalar\u0131 \u00e7evirin yeter! Tak\u0131ld\u0131\u011f\u0131n\u0131z yerde kitab\u0131n son sayfalar\u0131ndaki \u00e7\u00f6z\u00fcmlerden yard\u0131m alabilirsiniz.   Keyifli vakit ge\u00e7irmeniz dile\u011fiyle\u2026 <\/p>\n","protected":false},"excerpt":{"rendered":"<p>Sevgili Bulmacaseverler, Yepyeni bir kitapla daha beraberiz. \u00c7engel bulmaca ciddi bir takip\u00e7i kitlesi olan, zevkli ve \u00f6\u011fretici bir bulmaca \u00e7e\u015fididir. \u00c7\u00f6zmesi pratik ve ilgi \u00e7ekicidir. Gazetelerin<span class=\"excerpt-hellip\"> [\u2026]<\/span><\/p>\n","protected":false},"featured_media":0,"template":"","meta":{"_monsterinsights_skip_tracking":false,"_monsterinsights_sitenote_active":false,"_monsterinsights_sitenote_note":"","_monsterinsights_sitenote_category":0},"product_brand":[],"product_cat":[16943,15563],"product_tag":[],"class_list":{"0":"post-779186","1":"product","2":"type-product","3":"status-publish","5":"product_cat-bilmeceler-bulmacalar","6":"product_cat-hobi","7":"pa_cilt-ciltsiz","8":"pa_tur-kitap10","9":"pa_yayinevi-olimpos-yayinlari","10":"pa_yazar-ahmet-ayyildiz","12":"first","13":"outofstock","14":"sale","15":"shipping-taxable","16":"purchasable","17":"product-type-simple"},"_links":{"self":[{"href":"https:\/\/roveyayinevi.com.tr\/index.php\/wp-json\/wp\/v2\/product\/779186","targetHints":{"allow":["GET"]}}],"collection":[{"href":"https:\/\/roveyayinevi.com.tr\/index.php\/wp-json\/wp\/v2\/product"}],"about":[{"href":"https:\/\/roveyayinevi.com.tr\/index.php\/wp-json\/wp\/v2\/types\/product"}],"wp:attachment":[{"href":"https:\/\/roveyayinevi.com.tr\/index.php\/wp-json\/wp\/v2\/media?parent=779186"}],"wp:term":[{"taxonomy":"product_brand","embeddable":true,"href":"https:\/\/roveyayinevi.com.tr\/index.php\/wp-json\/wp\/v2\/product_brand?post=779186"},{"taxonomy":"product_cat","embeddable":true,"href":"https:\/\/roveyayinevi.com.tr\/index.php\/wp-json\/wp\/v2\/product_cat?post=779186"},{"taxonomy":"product_tag","embeddable":true,"href":"https:\/\/roveyayinevi.com.tr\/index.php\/wp-json\/wp\/v2\/product_tag?post=779186"}],"curies":[{"name":"wp","href":"https:\/\/api.w.org\/{rel}","templated":true}]}}