{"id":779182,"date":"2025-12-30T11:01:57","date_gmt":"2025-12-30T08:01:57","guid":{"rendered":"https:\/\/roveyayinevi.com.tr\/index.php\/urun\/sen-hic-cicek-yedin-mi\/"},"modified":"2026-04-16T02:58:51","modified_gmt":"2026-04-15T23:58:51","slug":"sen-hic-cicek-yedin-mi","status":"publish","type":"product","link":"https:\/\/roveyayinevi.com.tr\/index.php\/urun\/sen-hic-cicek-yedin-mi\/","title":{"rendered":"Sen Hi\u00e7 \u00c7i\u00e7ek Yedin Mi?"},"content":{"rendered":"<p>Desen, Efe, G\u00fcnsu, Saye ve \u00c7\u0131nar\u2019\u0131n heyecan dolu maceras\u0131na haz\u0131r m\u0131s\u0131n\u0131z? Sanat\u0131n \u00e7e\u015fitli halleriyle, bitkilerle ve e\u011flenceli oyunlarla dolu her bir macera, kahramanlar\u0131m\u0131za yeni \u015feyler \u00f6\u011fretecek ve gelecekte yapmak istedikleri mesleklere \u0131\u015f\u0131k tutacak. Yemye\u015fil ku\u015fkonmazlar, ya\u015fl\u0131 zeytin a\u011fac\u0131, gizemli g\u00f6lge, saks\u0131 treni, el \u00f6rg\u00fcs\u00fc sepetler, reng\u00e2renk minyat\u00fcrler\u2026 Ve tabii ki Efe\u2019nin yenilebilir \u00e7i\u00e7ekleri! Yenilebilir \u00e7i\u00e7ekler mi? Sen hi\u00e7 \u00e7i\u00e7ek yedin mi?<\/p>\n","protected":false},"excerpt":{"rendered":"<p>Desen, Efe, G\u00fcnsu, Saye ve \u00c7\u0131nar\u2019\u0131n heyecan dolu maceras\u0131na haz\u0131r m\u0131s\u0131n\u0131z? Sanat\u0131n \u00e7e\u015fitli halleriyle, bitkilerle ve e\u011flenceli oyunlarla dolu her bir macera, kahramanlar\u0131m\u0131za yeni \u015feyler \u00f6\u011fretecek<span class=\"excerpt-hellip\"> [\u2026]<\/span><\/p>\n","protected":false},"featured_media":0,"template":"","meta":{"_monsterinsights_skip_tracking":false,"_monsterinsights_sitenote_active":false,"_monsterinsights_sitenote_note":"","_monsterinsights_sitenote_category":0},"product_brand":[],"product_cat":[12275,12274],"product_tag":[],"class_list":{"0":"post-779182","1":"product","2":"type-product","3":"status-publish","5":"product_cat-6-12-yas-kitaplari","6":"product_cat-cocuk-ve-genclik-kitaplari","7":"pa_cilt-ciltsiz","8":"pa_tur-kitap","9":"pa_yayinevi-abm-yayinevi","10":"pa_yazar-ulker-kurtcan","12":"first","13":"instock","14":"sale","15":"shipping-taxable","16":"purchasable","17":"product-type-simple"},"_links":{"self":[{"href":"https:\/\/roveyayinevi.com.tr\/index.php\/wp-json\/wp\/v2\/product\/779182","targetHints":{"allow":["GET"]}}],"collection":[{"href":"https:\/\/roveyayinevi.com.tr\/index.php\/wp-json\/wp\/v2\/product"}],"about":[{"href":"https:\/\/roveyayinevi.com.tr\/index.php\/wp-json\/wp\/v2\/types\/product"}],"wp:attachment":[{"href":"https:\/\/roveyayinevi.com.tr\/index.php\/wp-json\/wp\/v2\/media?parent=779182"}],"wp:term":[{"taxonomy":"product_brand","embeddable":true,"href":"https:\/\/roveyayinevi.com.tr\/index.php\/wp-json\/wp\/v2\/product_brand?post=779182"},{"taxonomy":"product_cat","embeddable":true,"href":"https:\/\/roveyayinevi.com.tr\/index.php\/wp-json\/wp\/v2\/product_cat?post=779182"},{"taxonomy":"product_tag","embeddable":true,"href":"https:\/\/roveyayinevi.com.tr\/index.php\/wp-json\/wp\/v2\/product_tag?post=779182"}],"curies":[{"name":"wp","href":"https:\/\/api.w.org\/{rel}","templated":true}]}}