{"id":779181,"date":"2025-12-30T11:01:04","date_gmt":"2025-12-30T08:01:04","guid":{"rendered":"https:\/\/roveyayinevi.com.tr\/index.php\/urun\/egitime-giris-2\/"},"modified":"2026-04-16T02:58:21","modified_gmt":"2026-04-15T23:58:21","slug":"egitime-giris-2","status":"publish","type":"product","link":"https:\/\/roveyayinevi.com.tr\/index.php\/urun\/egitime-giris-2\/","title":{"rendered":"E\u011fitime Giri\u015f"},"content":{"rendered":"<p>Bu kitap; \u00f6\u011fretmen adaylar\u0131na, \u00f6\u011fretmenlik mesle\u011finin temel \u00f6zelliklerini ve \u00f6zellikle de mesle\u011fin temelini olu\u015fturan e\u011fitim bilimi alan\u0131n\u0131 tan\u0131tmak amac\u0131yla haz\u0131rlanm\u0131\u015ft\u0131r. Bu ba\u011flamda kitapta yer alan konular, belirtilen amaca ula\u015fabilmek i\u00e7in Y\u00d6K taraf\u0131ndan belirlenen yeni kur tan\u0131m\u0131na uygun olarak se\u00e7ilmi\u015ftir. Kitap on b\u00f6l\u00fcmden olu\u015fmu\u015f ve her b\u00f6l\u00fcm \u00fclkemizin farkl\u0131 \u00fcniversitelerinde g\u00f6rev yapan e\u011fitim bilimleri ve alan e\u011fitimcilerinin katk\u0131lar\u0131yla haz\u0131rlanm\u0131\u015ft\u0131r. Bu yap\u0131t\u0131n, ba\u015fta hizmet \u00f6ncesi \u00f6\u011fretmen e\u011fitimi programlar\u0131nda \u00f6\u011frenimlerine devam eden \u00f6\u011fretmen adaylar\u0131 olmak \u00fczere, h\u00e2len \u00e7al\u0131\u015fmakta olan \u00f6\u011fretmenlere de faydal\u0131 olmas\u0131 arzu edilmektedir.<\/p>\n","protected":false},"excerpt":{"rendered":"<p>Bu kitap; \u00f6\u011fretmen adaylar\u0131na, \u00f6\u011fretmenlik mesle\u011finin temel \u00f6zelliklerini ve \u00f6zellikle de mesle\u011fin temelini olu\u015fturan e\u011fitim bilimi alan\u0131n\u0131 tan\u0131tmak amac\u0131yla haz\u0131rlanm\u0131\u015ft\u0131r. Bu ba\u011flamda kitapta yer alan konular,<span class=\"excerpt-hellip\"> [\u2026]<\/span><\/p>\n","protected":false},"featured_media":0,"template":"","meta":{"_monsterinsights_skip_tracking":false,"_monsterinsights_sitenote_active":false,"_monsterinsights_sitenote_note":"","_monsterinsights_sitenote_category":0},"product_brand":[],"product_cat":[12573,12566],"product_tag":[],"class_list":{"0":"post-779181","1":"product","2":"type-product","3":"status-publish","5":"product_cat-akademik-kitaplar","6":"product_cat-egitim","7":"pa_cilt-ciltsiz","8":"pa_tur-kitap","9":"pa_yayinevi-nobel-akademik-yayincilik","10":"pa_yazar-kolektif","12":"first","13":"instock","14":"sale","15":"shipping-taxable","16":"purchasable","17":"product-type-simple"},"_links":{"self":[{"href":"https:\/\/roveyayinevi.com.tr\/index.php\/wp-json\/wp\/v2\/product\/779181","targetHints":{"allow":["GET"]}}],"collection":[{"href":"https:\/\/roveyayinevi.com.tr\/index.php\/wp-json\/wp\/v2\/product"}],"about":[{"href":"https:\/\/roveyayinevi.com.tr\/index.php\/wp-json\/wp\/v2\/types\/product"}],"wp:attachment":[{"href":"https:\/\/roveyayinevi.com.tr\/index.php\/wp-json\/wp\/v2\/media?parent=779181"}],"wp:term":[{"taxonomy":"product_brand","embeddable":true,"href":"https:\/\/roveyayinevi.com.tr\/index.php\/wp-json\/wp\/v2\/product_brand?post=779181"},{"taxonomy":"product_cat","embeddable":true,"href":"https:\/\/roveyayinevi.com.tr\/index.php\/wp-json\/wp\/v2\/product_cat?post=779181"},{"taxonomy":"product_tag","embeddable":true,"href":"https:\/\/roveyayinevi.com.tr\/index.php\/wp-json\/wp\/v2\/product_tag?post=779181"}],"curies":[{"name":"wp","href":"https:\/\/api.w.org\/{rel}","templated":true}]}}