{"id":779177,"date":"2025-12-30T10:59:42","date_gmt":"2025-12-30T07:59:42","guid":{"rendered":"https:\/\/roveyayinevi.com.tr\/index.php\/urun\/gencler-icin-hayatin-icinden-secme-oykuler\/"},"modified":"2026-04-16T02:56:43","modified_gmt":"2026-04-15T23:56:43","slug":"gencler-icin-hayatin-icinden-secme-oykuler","status":"publish","type":"product","link":"https:\/\/roveyayinevi.com.tr\/index.php\/urun\/gencler-icin-hayatin-icinden-secme-oykuler\/","title":{"rendered":"Gen\u00e7ler \u0130\u00e7in Hayat\u0131n \u0130\u00e7inden Se\u00e7me \u00d6yk\u00fcler"},"content":{"rendered":"<p>3 Ciltten meydana gelen \u2018Hayat\u0131n \u0130\u00e7inden\u2019 adl\u0131 \u00f6yk\u00fc kitaplar\u0131m\u0131z, yar\u0131m as\u0131rdan bu yana milyonlarca ki\u015fi taraf\u0131ndan okundu. Ve daha sonra 10 yabanc\u0131 dile \u00e7evrilip, o insanlar\u0131n da kalplerini fethetti. S\u00f6z konusu eserler, 7\u2019den 77\u2019ye \u2018her ya\u015ftaki\u2019 insana hitap etti\u011finden, elinizdeki kitapta farkl\u0131 bir hamle yaparak \u2018sadece gen\u00e7 nesil i\u00e7in\u2019 yazd\u0131\u011f\u0131m\u0131z \u00f6yk\u00fcleri bir araya toplad\u0131k. Sevgi ve dualarla takdim ediyoruz.<\/p>\n","protected":false},"excerpt":{"rendered":"<p>3 Ciltten meydana gelen \u2018Hayat\u0131n \u0130\u00e7inden\u2019 adl\u0131 \u00f6yk\u00fc kitaplar\u0131m\u0131z, yar\u0131m as\u0131rdan bu yana milyonlarca ki\u015fi taraf\u0131ndan okundu. Ve daha sonra 10 yabanc\u0131 dile \u00e7evrilip, o insanlar\u0131n<span class=\"excerpt-hellip\"> [\u2026]<\/span><\/p>\n","protected":false},"featured_media":0,"template":"","meta":{"_monsterinsights_skip_tracking":false,"_monsterinsights_sitenote_active":false,"_monsterinsights_sitenote_note":"","_monsterinsights_sitenote_category":0},"product_brand":[],"product_cat":[12291,12711],"product_tag":[],"class_list":{"0":"post-779177","1":"product","2":"type-product","3":"status-publish","5":"product_cat-edebiyat","6":"product_cat-roman-oyku","7":"pa_cilt-ciltsiz","8":"pa_tur-kitap","9":"pa_yayinevi-foliant-yayinlari","10":"pa_yazar-cuneyd-suavi","12":"first","13":"instock","14":"sale","15":"shipping-taxable","16":"purchasable","17":"product-type-simple"},"_links":{"self":[{"href":"https:\/\/roveyayinevi.com.tr\/index.php\/wp-json\/wp\/v2\/product\/779177","targetHints":{"allow":["GET"]}}],"collection":[{"href":"https:\/\/roveyayinevi.com.tr\/index.php\/wp-json\/wp\/v2\/product"}],"about":[{"href":"https:\/\/roveyayinevi.com.tr\/index.php\/wp-json\/wp\/v2\/types\/product"}],"wp:attachment":[{"href":"https:\/\/roveyayinevi.com.tr\/index.php\/wp-json\/wp\/v2\/media?parent=779177"}],"wp:term":[{"taxonomy":"product_brand","embeddable":true,"href":"https:\/\/roveyayinevi.com.tr\/index.php\/wp-json\/wp\/v2\/product_brand?post=779177"},{"taxonomy":"product_cat","embeddable":true,"href":"https:\/\/roveyayinevi.com.tr\/index.php\/wp-json\/wp\/v2\/product_cat?post=779177"},{"taxonomy":"product_tag","embeddable":true,"href":"https:\/\/roveyayinevi.com.tr\/index.php\/wp-json\/wp\/v2\/product_tag?post=779177"}],"curies":[{"name":"wp","href":"https:\/\/api.w.org\/{rel}","templated":true}]}}