{"id":779176,"date":"2025-12-30T10:58:57","date_gmt":"2025-12-30T07:58:57","guid":{"rendered":"https:\/\/roveyayinevi.com.tr\/index.php\/urun\/gobekli-tepe-ve-semboller\/"},"modified":"2026-04-16T02:56:33","modified_gmt":"2026-04-15T23:56:33","slug":"gobekli-tepe-ve-semboller","status":"publish","type":"product","link":"https:\/\/roveyayinevi.com.tr\/index.php\/urun\/gobekli-tepe-ve-semboller\/","title":{"rendered":"G\u00f6bekli Tepe ve Semboller"},"content":{"rendered":"<p>G\u00f6beklitepe\u2019yi Anlamak: G\u00f6beklitepede Yer Alan Sembollerin Arkeolojik, Tarihsel, Dinsel ve G\u00fcn\u00fcm\u00fczdeki Kullan\u0131mlar\u0131 Y\u00f6n\u00fcnden \u0130ncelenmesiProf. Dr. Veysel Ayhan &amp; Dr. Esra T\u00fcyl\u00fco\u011fluSunu\u015f: G\u00f6beklitepe\u2019yi Anlamak\u2013Do\u00e7. Dr. Thomas Zimmermann Korkutan Bir Hayvanat-\u0131 Berriyye: G\u00f6beklitepe\u2019nin Tasvirlerini Okumak\u2013 Do\u00e7. Dr. Selim Ferruh Adal\u0131G\u00f6beklitepe\u2019deki Hayvanlar\u0131n Eski Anadolu ve Mezopotamya\u2019da  Tasvirleri\u2013 \u0130brahim Halil ErG\u00f6beklitepe\u2019de Ge\u00e7en Hayvan Fig\u00fcrlerinin Kutsal Kitaplardaki Kar\u015f\u0131l\u0131\u011f\u0131\u2013 Pelinsu \u0130nceli &amp; Sezen GaripBir \u0130leti\u015fim Y\u00f6ntemi Olarak Semboller ve G\u00f6beklitepe\u2019de Yer Alan Hayvan Sembollerinin G\u00f6stergebilimsel \u00c7\u00f6z\u00fcmlemesi\u2013 Dr. Esra T\u00fcyl\u00fco\u011fl\u00fcG\u00f6beklitepe\u2019deki Hayvan Sembollerinin G\u00fcn\u00fcm\u00fczdeki Kullan\u0131mlar\u0131 ve Tasvirleri<\/p>\n","protected":false},"excerpt":{"rendered":"<p>G\u00f6beklitepe\u2019yi Anlamak: G\u00f6beklitepede Yer Alan Sembollerin Arkeolojik, Tarihsel, Dinsel ve G\u00fcn\u00fcm\u00fczdeki Kullan\u0131mlar\u0131 Y\u00f6n\u00fcnden \u0130ncelenmesiProf. Dr. Veysel Ayhan &amp; Dr. Esra T\u00fcyl\u00fco\u011fluSunu\u015f: G\u00f6beklitepe\u2019yi Anlamak\u2013Do\u00e7. Dr. Thomas Zimmermann<span class=\"excerpt-hellip\"> [\u2026]<\/span><\/p>\n","protected":false},"featured_media":0,"template":"","meta":{"_monsterinsights_skip_tracking":false,"_monsterinsights_sitenote_active":false,"_monsterinsights_sitenote_note":"","_monsterinsights_sitenote_category":0},"product_brand":[],"product_cat":[12370,12304],"product_tag":[],"class_list":{"0":"post-779176","1":"product","2":"type-product","3":"status-publish","5":"product_cat-arastirma-inceleme","6":"product_cat-tarih","7":"pa_cilt-ciltsiz","8":"pa_tur-kitap","9":"pa_yayinevi-alfa-yayinlari","10":"pa_yazar-kolektif","12":"first","13":"instock","14":"sale","15":"shipping-taxable","16":"purchasable","17":"product-type-simple"},"_links":{"self":[{"href":"https:\/\/roveyayinevi.com.tr\/index.php\/wp-json\/wp\/v2\/product\/779176","targetHints":{"allow":["GET"]}}],"collection":[{"href":"https:\/\/roveyayinevi.com.tr\/index.php\/wp-json\/wp\/v2\/product"}],"about":[{"href":"https:\/\/roveyayinevi.com.tr\/index.php\/wp-json\/wp\/v2\/types\/product"}],"wp:attachment":[{"href":"https:\/\/roveyayinevi.com.tr\/index.php\/wp-json\/wp\/v2\/media?parent=779176"}],"wp:term":[{"taxonomy":"product_brand","embeddable":true,"href":"https:\/\/roveyayinevi.com.tr\/index.php\/wp-json\/wp\/v2\/product_brand?post=779176"},{"taxonomy":"product_cat","embeddable":true,"href":"https:\/\/roveyayinevi.com.tr\/index.php\/wp-json\/wp\/v2\/product_cat?post=779176"},{"taxonomy":"product_tag","embeddable":true,"href":"https:\/\/roveyayinevi.com.tr\/index.php\/wp-json\/wp\/v2\/product_tag?post=779176"}],"curies":[{"name":"wp","href":"https:\/\/api.w.org\/{rel}","templated":true}]}}