{"id":779172,"date":"2025-12-30T10:57:53","date_gmt":"2025-12-30T07:57:53","guid":{"rendered":"https:\/\/roveyayinevi.com.tr\/index.php\/urun\/matematik-oynuyorum-oyunla-matematik-ogretimi-5-ve-6-siniflar-icin\/"},"modified":"2026-02-28T03:16:20","modified_gmt":"2026-02-28T00:16:20","slug":"matematik-oynuyorum-oyunla-matematik-ogretimi-5-ve-6-siniflar-icin","status":"publish","type":"product","link":"https:\/\/roveyayinevi.com.tr\/index.php\/urun\/matematik-oynuyorum-oyunla-matematik-ogretimi-5-ve-6-siniflar-icin\/","title":{"rendered":"Matematik Oynuyorum &#8211; Oyunla Matematik \u00d6\u011fretimi 5 ve 6. S\u0131n\u0131flar \u0130\u00e7in"},"content":{"rendered":"<p>T\u00fcrk k\u00fclt\u00fcr\u00fcn\u00fcn bir par\u00e7as\u0131 olan geleneksel \u00e7ocuk oyunlar\u0131, nesilden nesile bir miras olarak aktar\u0131lsa da unutulma tehlikesi ile kar\u015f\u0131 kar\u015f\u0131yad\u0131rlar. Bu nedenle gelecek ku\u015faklara bir k\u00f6pr\u00fc olu\u015fturacak bu oyunlar\u0131n e\u011fitimde kullan\u0131lmas\u0131, \u00e7ocuklu\u011fun son d\u00f6nemi olarak kabul edilen ortaokul d\u00fczeyindeki \u00f6\u011frencilere miras\u0131m\u0131z\u0131n aktar\u0131lmas\u0131n\u0131 sa\u011flayabilir. Geleneksel \u00e7ocuk oyunlar\u0131yla matematik \u00f6\u011fretme fikrinden yola \u00e7\u0131k\u0131larak haz\u0131rlanan bu kitab\u0131n amac\u0131; bu oyunlar\u0131n 5. ve 6. s\u0131n\u0131f d\u00fczeyine g\u00f6re matematik kavramlar\u0131na nas\u0131l uyarlanaca\u011f\u0131n\u0131 ve s\u00fcre\u00e7te nas\u0131l uygulanaca\u011f\u0131n\u0131 g\u00f6stermektir. Oyunlar; \u201cSay\u0131lar ve \u0130\u015flemler\u201d, \u201cCebir\u201d, \u201cGeometri ve \u00d6l\u00e7me\u201d ve \u201cVeri \u0130\u015fleme\u201d \u00f6\u011frenme alanlar\u0131nda yer alan baz\u0131 kavramlar\u0131n \u00f6\u011fretimi 5E \u00f6\u011frenme modeline uygun ders planlar\u0131yla okuyucuya sunulmu\u015ftur. Kitab\u0131n bir amac\u0131 da akademisyen\/\u00f6\u011fretmen\/ \u00f6\u011fretmen aday\u0131n\u0131n se\u00e7ti\u011fi oyunlar\u0131; \u00f6\u011frencilerinin s\u0131n\u0131f d\u00fczeyine, akademik ba\u015far\u0131s\u0131na, bulundu\u011fu co\u011frafi ko\u015fullara, do\u011fal ortam\u0131n uygunlu\u011funa g\u00f6re uyarlamas\u0131na ve uygulamas\u0131na yol g\u00f6sterici olmakt\u0131r. Bu kitapta, s\u0131n\u0131f ortam\u0131nda herhangi bir haz\u0131rl\u0131k ve malzeme gerektirmeyen, \u00e7ok k\u0131sa bir s\u00fcrede tasarlanarak oynanan Bom, Deve C\u00fcce, \u0130sim \u015eehir, Kulaktan Kula\u011fa, Nesi Var? Tren gibi oyunlar\u0131n yan\u0131 s\u0131ra bah\u00e7ede oynanan; A\u00e7 Kap\u0131y\u0131 Bezirg\u00e2nba\u015f\u0131, Aliler, Ebe Beni Kurda Verme, Kutu Kutu Pense gibi oyunlar yer almaktad\u0131r. Bu kitab\u0131 kullanan \u00f6\u011fretmen, dersin dikkat \u00e7ekme a\u015famas\u0131nda \u00f6\u011frencileri g\u00fcd\u00fcleyebilir, dersin sonunda da \u00f6\u011frendiklerini de\u011ferlendirebilir. Mevcut kitab\u0131n; oyun oynad\u0131k\u00e7a matematik \u00f6\u011frenen \u00f6\u011frencilere, matemati\u011fi sevdiren ve \u00f6\u011freten \u00f6\u011fretmenlere, gelecekte g\u00f6reve ba\u015flayacak \u00f6\u011fretmen adaylar\u0131na ve akademisyenlere esin kayna\u011f\u0131 olmas\u0131 umulmaktad\u0131r.<\/p>\n","protected":false},"excerpt":{"rendered":"<p>T\u00fcrk k\u00fclt\u00fcr\u00fcn\u00fcn bir par\u00e7as\u0131 olan geleneksel \u00e7ocuk oyunlar\u0131, nesilden nesile bir miras olarak aktar\u0131lsa da unutulma tehlikesi ile kar\u015f\u0131 kar\u015f\u0131yad\u0131rlar. Bu nedenle gelecek ku\u015faklara bir k\u00f6pr\u00fc<span class=\"excerpt-hellip\"> [\u2026]<\/span><\/p>\n","protected":false},"featured_media":0,"template":"","meta":{"_monsterinsights_skip_tracking":false,"_monsterinsights_sitenote_active":false,"_monsterinsights_sitenote_note":"","_monsterinsights_sitenote_category":0},"product_brand":[],"product_cat":[12573,12566],"product_tag":[],"class_list":{"0":"post-779172","1":"product","2":"type-product","3":"status-publish","5":"product_cat-akademik-kitaplar","6":"product_cat-egitim","7":"pa_cilt-ciltsiz","8":"pa_tur-kitap","9":"pa_yayinevi-nobel-akademik-yayincilik","10":"pa_yazar-mihriban-hacisalihoglu-karadeniz","12":"first","13":"instock","14":"sale","15":"shipping-taxable","16":"purchasable","17":"product-type-simple"},"_links":{"self":[{"href":"https:\/\/roveyayinevi.com.tr\/index.php\/wp-json\/wp\/v2\/product\/779172","targetHints":{"allow":["GET"]}}],"collection":[{"href":"https:\/\/roveyayinevi.com.tr\/index.php\/wp-json\/wp\/v2\/product"}],"about":[{"href":"https:\/\/roveyayinevi.com.tr\/index.php\/wp-json\/wp\/v2\/types\/product"}],"wp:attachment":[{"href":"https:\/\/roveyayinevi.com.tr\/index.php\/wp-json\/wp\/v2\/media?parent=779172"}],"wp:term":[{"taxonomy":"product_brand","embeddable":true,"href":"https:\/\/roveyayinevi.com.tr\/index.php\/wp-json\/wp\/v2\/product_brand?post=779172"},{"taxonomy":"product_cat","embeddable":true,"href":"https:\/\/roveyayinevi.com.tr\/index.php\/wp-json\/wp\/v2\/product_cat?post=779172"},{"taxonomy":"product_tag","embeddable":true,"href":"https:\/\/roveyayinevi.com.tr\/index.php\/wp-json\/wp\/v2\/product_tag?post=779172"}],"curies":[{"name":"wp","href":"https:\/\/api.w.org\/{rel}","templated":true}]}}