{"id":779170,"date":"2025-12-30T10:57:02","date_gmt":"2025-12-30T07:57:02","guid":{"rendered":"https:\/\/roveyayinevi.com.tr\/index.php\/urun\/izzet-ve-arkadaslari-inovasyon-izinde\/"},"modified":"2026-04-16T02:54:39","modified_gmt":"2026-04-15T23:54:39","slug":"izzet-ve-arkadaslari-inovasyon-izinde","status":"publish","type":"product","link":"https:\/\/roveyayinevi.com.tr\/index.php\/urun\/izzet-ve-arkadaslari-inovasyon-izinde\/","title":{"rendered":"\u0130zzet ve Arkada\u015flar\u0131 \u0130novasyon \u0130zinde"},"content":{"rendered":"<p>Giri\u015fimcilik maceras\u0131 sonras\u0131 \u00fcnlenen \u0130zzet \u0130zinde ve arkada\u015flar\u0131, farkl\u0131 d\u00fcnyalara dalarak birbirlerini unutmu\u015ftu. Herkesten uzakla\u015fan Mehmet Merhamet, robotlar\u0131n d\u00fcnyas\u0131ndan bir t\u00fcrl\u00fc \u00e7\u0131kamayan Derya Deniz ve Emir Demir\u2019i yeniden toplamak g\u00f6revi \u0130zzet \u0130zinde\u2019ye kalm\u0131\u015ft\u0131. Hem arkada\u015flar\u0131n\u0131 \u00e7ok \u00f6zleyen hem de onlara k\u0131zan \u0130zzet\u2019in bir de i\u015fitme cihazlar\u0131 i\u00e7in b\u00fcy\u00fck bir inovasyonu ba\u015flatmas\u0131 gerekiyordu. K\u00fc\u00e7\u00fck dokunu\u015flar, b\u00fcy\u00fck mutluluklara kap\u0131 a\u00e7ar m\u0131yd\u0131? <\/p>\n","protected":false},"excerpt":{"rendered":"<p>Giri\u015fimcilik maceras\u0131 sonras\u0131 \u00fcnlenen \u0130zzet \u0130zinde ve arkada\u015flar\u0131, farkl\u0131 d\u00fcnyalara dalarak birbirlerini unutmu\u015ftu. Herkesten uzakla\u015fan Mehmet Merhamet, robotlar\u0131n d\u00fcnyas\u0131ndan bir t\u00fcrl\u00fc \u00e7\u0131kamayan Derya Deniz ve Emir<span class=\"excerpt-hellip\"> [\u2026]<\/span><\/p>\n","protected":false},"featured_media":0,"template":"","meta":{"_monsterinsights_skip_tracking":false,"_monsterinsights_sitenote_active":false,"_monsterinsights_sitenote_note":"","_monsterinsights_sitenote_category":0},"product_brand":[],"product_cat":[12689,12274],"product_tag":[],"class_list":{"0":"post-779170","1":"product","2":"type-product","3":"status-publish","5":"product_cat-cizgi-roman-cocuk-ve-genclik-kitaplari","6":"product_cat-cocuk-ve-genclik-kitaplari","7":"pa_cilt-ciltsiz","8":"pa_tur-kitap","9":"pa_yayinevi-mosquito-yayinlari","10":"pa_yazar-ahmet-melih-karauguz","12":"first","13":"instock","14":"sale","15":"shipping-taxable","16":"purchasable","17":"product-type-simple"},"_links":{"self":[{"href":"https:\/\/roveyayinevi.com.tr\/index.php\/wp-json\/wp\/v2\/product\/779170","targetHints":{"allow":["GET"]}}],"collection":[{"href":"https:\/\/roveyayinevi.com.tr\/index.php\/wp-json\/wp\/v2\/product"}],"about":[{"href":"https:\/\/roveyayinevi.com.tr\/index.php\/wp-json\/wp\/v2\/types\/product"}],"wp:attachment":[{"href":"https:\/\/roveyayinevi.com.tr\/index.php\/wp-json\/wp\/v2\/media?parent=779170"}],"wp:term":[{"taxonomy":"product_brand","embeddable":true,"href":"https:\/\/roveyayinevi.com.tr\/index.php\/wp-json\/wp\/v2\/product_brand?post=779170"},{"taxonomy":"product_cat","embeddable":true,"href":"https:\/\/roveyayinevi.com.tr\/index.php\/wp-json\/wp\/v2\/product_cat?post=779170"},{"taxonomy":"product_tag","embeddable":true,"href":"https:\/\/roveyayinevi.com.tr\/index.php\/wp-json\/wp\/v2\/product_tag?post=779170"}],"curies":[{"name":"wp","href":"https:\/\/api.w.org\/{rel}","templated":true}]}}