{"id":779169,"date":"2025-12-30T10:57:00","date_gmt":"2025-12-30T07:57:00","guid":{"rendered":"https:\/\/roveyayinevi.com.tr\/index.php\/urun\/izzet-ve-arkadaslari-teknofest-izinde\/"},"modified":"2026-04-16T02:54:39","modified_gmt":"2026-04-15T23:54:39","slug":"izzet-ve-arkadaslari-teknofest-izinde","status":"publish","type":"product","link":"https:\/\/roveyayinevi.com.tr\/index.php\/urun\/izzet-ve-arkadaslari-teknofest-izinde\/","title":{"rendered":"\u0130zzet ve Arkada\u015flar\u0131 Teknofest \u0130zinde"},"content":{"rendered":"<p>\u0130zzet \u0130zinde yeni futbol topunu denemek i\u00e7in can at\u0131yordu. Arkada\u015flar\u0131yla, mahalledeki bo\u015f arsada ma\u00e7 yapmak i\u00e7in toplanm\u0131\u015flard\u0131 ama hayat da futbol gibi s\u00fcrprizlerle doluydu. Emir Demir\u2019e k\u0131zan Mehmet Merhamet\u2019in uzaklara att\u0131\u011f\u0131 top, mahallenin aksi ya\u015fl\u0131s\u0131 Adnan Adar\u2019\u0131n \u00e7at\u0131s\u0131na tak\u0131larak d\u00fcnyay\u0131 de\u011fi\u015ftirecek olaylar\u0131 ba\u015flatacakt\u0131. \u00c7at\u0131dan topu kurtarmak isteyen arkada\u015flar kendilerini bir anda TEKNOFEST i\u00e7in i\u015fitme cihaz\u0131 projesi haz\u0131rlarken buldular! \u00c7at\u0131ya ka\u00e7an futbol topu, d\u00fcnyay\u0131 de\u011fi\u015ftiren yolu a\u00e7ar m\u0131yd\u0131? <\/p>\n","protected":false},"excerpt":{"rendered":"<p>\u0130zzet \u0130zinde yeni futbol topunu denemek i\u00e7in can at\u0131yordu. Arkada\u015flar\u0131yla, mahalledeki bo\u015f arsada ma\u00e7 yapmak i\u00e7in toplanm\u0131\u015flard\u0131 ama hayat da futbol gibi s\u00fcrprizlerle doluydu. Emir Demir\u2019e<span class=\"excerpt-hellip\"> [\u2026]<\/span><\/p>\n","protected":false},"featured_media":0,"template":"","meta":{"_monsterinsights_skip_tracking":false,"_monsterinsights_sitenote_active":false,"_monsterinsights_sitenote_note":"","_monsterinsights_sitenote_category":0},"product_brand":[],"product_cat":[12689,12274],"product_tag":[],"class_list":{"0":"post-779169","1":"product","2":"type-product","3":"status-publish","5":"product_cat-cizgi-roman-cocuk-ve-genclik-kitaplari","6":"product_cat-cocuk-ve-genclik-kitaplari","7":"pa_cilt-ciltsiz","8":"pa_tur-kitap","9":"pa_yayinevi-mosquito-yayinlari","10":"pa_yazar-ahmet-melih-karauguz","12":"first","13":"instock","14":"sale","15":"shipping-taxable","16":"purchasable","17":"product-type-simple"},"_links":{"self":[{"href":"https:\/\/roveyayinevi.com.tr\/index.php\/wp-json\/wp\/v2\/product\/779169","targetHints":{"allow":["GET"]}}],"collection":[{"href":"https:\/\/roveyayinevi.com.tr\/index.php\/wp-json\/wp\/v2\/product"}],"about":[{"href":"https:\/\/roveyayinevi.com.tr\/index.php\/wp-json\/wp\/v2\/types\/product"}],"wp:attachment":[{"href":"https:\/\/roveyayinevi.com.tr\/index.php\/wp-json\/wp\/v2\/media?parent=779169"}],"wp:term":[{"taxonomy":"product_brand","embeddable":true,"href":"https:\/\/roveyayinevi.com.tr\/index.php\/wp-json\/wp\/v2\/product_brand?post=779169"},{"taxonomy":"product_cat","embeddable":true,"href":"https:\/\/roveyayinevi.com.tr\/index.php\/wp-json\/wp\/v2\/product_cat?post=779169"},{"taxonomy":"product_tag","embeddable":true,"href":"https:\/\/roveyayinevi.com.tr\/index.php\/wp-json\/wp\/v2\/product_tag?post=779169"}],"curies":[{"name":"wp","href":"https:\/\/api.w.org\/{rel}","templated":true}]}}