{"id":779168,"date":"2025-12-30T10:56:57","date_gmt":"2025-12-30T07:56:57","guid":{"rendered":"https:\/\/roveyayinevi.com.tr\/index.php\/urun\/4-dolap-freddynin-pizza-dukkaninda-bes-gece\/"},"modified":"2026-02-28T03:15:21","modified_gmt":"2026-02-28T00:15:21","slug":"4-dolap-freddynin-pizza-dukkaninda-bes-gece","status":"publish","type":"product","link":"https:\/\/roveyayinevi.com.tr\/index.php\/urun\/4-dolap-freddynin-pizza-dukkaninda-bes-gece\/","title":{"rendered":"4. Dolap &#8211; Freddy&#8217;nin Pizza D\u00fckkan\u0131&#8217;nda Be\u015f Gece"},"content":{"rendered":"<p>Five Night\u2019s at Freddy\u2019s\u201d adl\u0131 \u00fcnl\u00fc korku  video oyununun yarat\u0131c\u0131s\u0131ndan bestseller listesine giren \u00fc\u00e7lemeye \u00fcrk\u00fct\u00fcc\u00fc bir son geliyor.Charlie\u2019ye asl\u0131nda ne oldu? Bu soru John\u2019un akl\u0131ndan bir t\u00fcrl\u00fc \u00e7\u0131km\u0131yor. Yetmezmi\u015f gibi bir de Charlie\u2019nin \u00f6l\u00fcm\u00fc ve mucizevi bir \u015fekilde yeniden ortaya \u00e7\u0131k\u0131\u015f\u0131yla ilgili k\u00e2buslarla bo\u011fu\u015fuyor. John\u2019un, Freddy Fazbear\u2019in Pizza D\u00fckkan\u0131nda ya\u015fanan o korkun\u00e7 olaylar\u0131 unutmaktan ba\u015fka istedi\u011fi bir \u015fey olmasa da, ge\u00e7mi\u015f \u00f6yle kolay kolay g\u00f6m\u00fclm\u00fcyor.Bu s\u0131rada, Hurricane\u2019de yeni bir animatronik pizza d\u00fckk\u00e2n\u0131n a\u00e7\u0131l\u0131\u015f\u0131n\u0131n heyecan\u0131 ya\u015fan\u0131rken, fazlas\u0131yla tan\u0131d\u0131k g\u00f6r\u00fcnen yeni ka\u00e7\u0131r\u0131lma olaylar\u0131 meydana geliyor. John, her ne kadar g\u00f6n\u00fcls\u00fcz olsa da davay\u0131 \u00e7\u00f6zmek ve kay\u0131p \u00e7ocuklar\u0131 bulmak i\u00e7in eski dostlar\u0131 Jessica, Marla ve Carlton ile bir araya geliyor. Bu aray\u0131\u015f s\u0131ras\u0131nda, Charlie\u2019ye asl\u0131nda ne oldu\u011funun ve babas\u0131n\u0131n \u00fcrk\u00fct\u00fcc\u00fc icatlar\u0131n\u0131n miras\u0131n\u0131n ard\u0131ndaki \u00e7arp\u0131k gizemi g\u00fcn y\u00fcz\u00fcne \u00e7\u0131kar\u0131yorlar. (Tan\u0131t\u0131m B\u00fclteninden)<\/p>\n","protected":false},"excerpt":{"rendered":"<p>Five Night\u2019s at Freddy\u2019s\u201d adl\u0131 \u00fcnl\u00fc korku video oyununun yarat\u0131c\u0131s\u0131ndan bestseller listesine giren \u00fc\u00e7lemeye \u00fcrk\u00fct\u00fcc\u00fc bir son geliyor.Charlie\u2019ye asl\u0131nda ne oldu? Bu soru John\u2019un akl\u0131ndan bir<span class=\"excerpt-hellip\"> [\u2026]<\/span><\/p>\n","protected":false},"featured_media":0,"template":"","meta":{"_monsterinsights_skip_tracking":false,"_monsterinsights_sitenote_active":false,"_monsterinsights_sitenote_note":"","_monsterinsights_sitenote_category":0},"product_brand":[],"product_cat":[12291,14777],"product_tag":[],"class_list":{"0":"post-779168","1":"product","2":"type-product","3":"status-publish","5":"product_cat-edebiyat","6":"product_cat-fantastik","7":"pa_cilt-ciltsiz","8":"pa_tur-kitap","9":"pa_yayinevi-teen-yayincilik","10":"pa_yazar-scott-cawthon","12":"first","13":"instock","14":"sale","15":"shipping-taxable","16":"purchasable","17":"product-type-simple"},"_links":{"self":[{"href":"https:\/\/roveyayinevi.com.tr\/index.php\/wp-json\/wp\/v2\/product\/779168","targetHints":{"allow":["GET"]}}],"collection":[{"href":"https:\/\/roveyayinevi.com.tr\/index.php\/wp-json\/wp\/v2\/product"}],"about":[{"href":"https:\/\/roveyayinevi.com.tr\/index.php\/wp-json\/wp\/v2\/types\/product"}],"wp:attachment":[{"href":"https:\/\/roveyayinevi.com.tr\/index.php\/wp-json\/wp\/v2\/media?parent=779168"}],"wp:term":[{"taxonomy":"product_brand","embeddable":true,"href":"https:\/\/roveyayinevi.com.tr\/index.php\/wp-json\/wp\/v2\/product_brand?post=779168"},{"taxonomy":"product_cat","embeddable":true,"href":"https:\/\/roveyayinevi.com.tr\/index.php\/wp-json\/wp\/v2\/product_cat?post=779168"},{"taxonomy":"product_tag","embeddable":true,"href":"https:\/\/roveyayinevi.com.tr\/index.php\/wp-json\/wp\/v2\/product_tag?post=779168"}],"curies":[{"name":"wp","href":"https:\/\/api.w.org\/{rel}","templated":true}]}}