{"id":779167,"date":"2025-12-30T10:56:51","date_gmt":"2025-12-30T07:56:51","guid":{"rendered":"https:\/\/roveyayinevi.com.tr\/index.php\/urun\/turkiye-uzerine-tezler-1\/"},"modified":"2026-04-16T02:54:03","modified_gmt":"2026-04-15T23:54:03","slug":"turkiye-uzerine-tezler-1","status":"publish","type":"product","link":"https:\/\/roveyayinevi.com.tr\/index.php\/urun\/turkiye-uzerine-tezler-1\/","title":{"rendered":"T\u00fcrkiye \u00dczerine Tezler-1"},"content":{"rendered":"<p>Bu \u00e7al\u0131\u015fman\u0131n i\u00e7eri\u011fi ile ilgili olarak s\u00f6yleyeceklerim \u00e7ok k\u0131sa. Burada kulland\u0131\u011f\u0131m kaynaklar\u0131n, belgelerin, istatistik ve tablolar\u0131n toptan yanl\u0131\u015f oldu\u011fu g\u00f6sterilmedik\u00e7e; ileri s\u00fcrd\u00fc\u011f\u00fcm tezler, yeni \u00e7al\u0131\u015fmalarla \u00e7\u00fcr\u00fct\u00fclmedik\u00e7e, T\u00fcrkiye tarihi \u00fczerine \u015fimdiye kadar s\u00f6ylenmi\u015f ve yaz\u0131lm\u0131\u015f olanlar\u0131n \u00e7ok b\u00fcy\u00fck bir b\u00f6l\u00fcm\u00fcn\u00fc unutmak gerekecek. Bu y\u00fczden bu \u00e7al\u0131\u015fmay\u0131, \u015fimdiye kadar kendisine sunulanlardan rahats\u0131zl\u0131k duyanlar\u0131n okumas\u0131nda yarar var. Piyasadaki ki\u015filerden ho\u015fnut olanlar i\u00e7in, bu \u00e7al\u0131\u015fmay\u0131 okuman\u0131n sa\u011flayaca\u011f\u0131 bir yarar yok.   Yal\u00e7\u0131n K\u00fc\u00e7\u00fck <\/p>\n","protected":false},"excerpt":{"rendered":"<p>Bu \u00e7al\u0131\u015fman\u0131n i\u00e7eri\u011fi ile ilgili olarak s\u00f6yleyeceklerim \u00e7ok k\u0131sa. Burada kulland\u0131\u011f\u0131m kaynaklar\u0131n, belgelerin, istatistik ve tablolar\u0131n toptan yanl\u0131\u015f oldu\u011fu g\u00f6sterilmedik\u00e7e; ileri s\u00fcrd\u00fc\u011f\u00fcm tezler, yeni \u00e7al\u0131\u015fmalarla \u00e7\u00fcr\u00fct\u00fclmedik\u00e7e,<span class=\"excerpt-hellip\"> [\u2026]<\/span><\/p>\n","protected":false},"featured_media":0,"template":"","meta":{"_monsterinsights_skip_tracking":false,"_monsterinsights_sitenote_active":false,"_monsterinsights_sitenote_note":"","_monsterinsights_sitenote_category":0},"product_brand":[],"product_cat":[12337,14543],"product_tag":[],"class_list":{"0":"post-779167","1":"product","2":"type-product","3":"status-publish","5":"product_cat-politika-siyaset","6":"product_cat-turkiye-siyaseti-ve-politikasi","7":"pa_cilt-ciltsiz","8":"pa_tur-kitap","9":"pa_yayinevi-kirmizi-kedi-yayinevi","10":"pa_yazar-yalcin-kucuk","12":"first","13":"instock","14":"sale","15":"shipping-taxable","16":"purchasable","17":"product-type-simple"},"_links":{"self":[{"href":"https:\/\/roveyayinevi.com.tr\/index.php\/wp-json\/wp\/v2\/product\/779167","targetHints":{"allow":["GET"]}}],"collection":[{"href":"https:\/\/roveyayinevi.com.tr\/index.php\/wp-json\/wp\/v2\/product"}],"about":[{"href":"https:\/\/roveyayinevi.com.tr\/index.php\/wp-json\/wp\/v2\/types\/product"}],"wp:attachment":[{"href":"https:\/\/roveyayinevi.com.tr\/index.php\/wp-json\/wp\/v2\/media?parent=779167"}],"wp:term":[{"taxonomy":"product_brand","embeddable":true,"href":"https:\/\/roveyayinevi.com.tr\/index.php\/wp-json\/wp\/v2\/product_brand?post=779167"},{"taxonomy":"product_cat","embeddable":true,"href":"https:\/\/roveyayinevi.com.tr\/index.php\/wp-json\/wp\/v2\/product_cat?post=779167"},{"taxonomy":"product_tag","embeddable":true,"href":"https:\/\/roveyayinevi.com.tr\/index.php\/wp-json\/wp\/v2\/product_tag?post=779167"}],"curies":[{"name":"wp","href":"https:\/\/api.w.org\/{rel}","templated":true}]}}