{"id":779165,"date":"2025-12-30T10:56:04","date_gmt":"2025-12-30T07:56:04","guid":{"rendered":"https:\/\/roveyayinevi.com.tr\/index.php\/urun\/bergama-muzesi-cam-eserleri\/"},"modified":"2026-04-16T02:53:53","modified_gmt":"2026-04-15T23:53:53","slug":"bergama-muzesi-cam-eserleri","status":"publish","type":"product","link":"https:\/\/roveyayinevi.com.tr\/index.php\/urun\/bergama-muzesi-cam-eserleri\/","title":{"rendered":"Bergama M\u00fczesi Cam Eserleri"},"content":{"rendered":"<p>Hellenistik D\u00f6nem\u2019de (M\u00d6 330-30), Pergamon antik kenti d\u00fcnyan\u0131n k\u00fclt\u00fcr ve sanat merkezi olmu\u015ftur. Zeus Suna\u011f\u0131, Traian Tap\u0131na\u011f\u0131, Asklepion, Athena Tap\u0131na\u011f\u0131, Demeter Kutsal Alan\u0131, gymnasiumlar, k\u00fct\u00fcphane ve tiyatro gibi yap\u0131lar o d\u00f6nem mimarl\u0131\u011f\u0131n\u0131n ba\u015fyap\u0131tlar\u0131d\u0131r. Mimari eserler yan\u0131nda kaz\u0131larda ortaya \u00e7\u0131kar\u0131lan bronz eserler, seramik vazolar ve cam eserler yine d\u00f6neminin en g\u00fczel eserleri aras\u0131ndad\u0131r. Bu \u00e7al\u0131\u015fmada Bergama Arkeoloji M\u00fczesi\u2019nde muhafaza edilen yakla\u015f\u0131k bin kadar eserden se\u00e7ilen 304 eser incelenmi\u015ftir. Konunun uzmanlar\u0131 taraf\u0131ndan haz\u0131rlanan bu kitap, form \u00e7e\u015fitlili\u011fi ve zengin kaynak\u00e7as\u0131 ile Antik D\u00f6nem cam eserlerine ilgi duyan herkes i\u00e7in bir ba\u015fvuru niteli\u011findedir.<\/p>\n","protected":false},"excerpt":{"rendered":"<p>Hellenistik D\u00f6nem\u2019de (M\u00d6 330-30), Pergamon antik kenti d\u00fcnyan\u0131n k\u00fclt\u00fcr ve sanat merkezi olmu\u015ftur. Zeus Suna\u011f\u0131, Traian Tap\u0131na\u011f\u0131, Asklepion, Athena Tap\u0131na\u011f\u0131, Demeter Kutsal Alan\u0131, gymnasiumlar, k\u00fct\u00fcphane ve<span class=\"excerpt-hellip\"> [\u2026]<\/span><\/p>\n","protected":false},"featured_media":0,"template":"","meta":{"_monsterinsights_skip_tracking":false,"_monsterinsights_sitenote_active":false,"_monsterinsights_sitenote_note":"","_monsterinsights_sitenote_category":0},"product_brand":[],"product_cat":[12408,14197],"product_tag":[],"class_list":{"0":"post-779165","1":"product","2":"type-product","3":"status-publish","5":"product_cat-sanat","6":"product_cat-sanat-tarihi","7":"pa_cilt-ciltsiz","8":"pa_tur-kitap","9":"pa_yayinevi-myrina-yayinlari","10":"pa_yazar-cenker-atila-binnur-gurler","12":"first","13":"instock","14":"sale","15":"shipping-taxable","16":"purchasable","17":"product-type-simple"},"_links":{"self":[{"href":"https:\/\/roveyayinevi.com.tr\/index.php\/wp-json\/wp\/v2\/product\/779165","targetHints":{"allow":["GET"]}}],"collection":[{"href":"https:\/\/roveyayinevi.com.tr\/index.php\/wp-json\/wp\/v2\/product"}],"about":[{"href":"https:\/\/roveyayinevi.com.tr\/index.php\/wp-json\/wp\/v2\/types\/product"}],"wp:attachment":[{"href":"https:\/\/roveyayinevi.com.tr\/index.php\/wp-json\/wp\/v2\/media?parent=779165"}],"wp:term":[{"taxonomy":"product_brand","embeddable":true,"href":"https:\/\/roveyayinevi.com.tr\/index.php\/wp-json\/wp\/v2\/product_brand?post=779165"},{"taxonomy":"product_cat","embeddable":true,"href":"https:\/\/roveyayinevi.com.tr\/index.php\/wp-json\/wp\/v2\/product_cat?post=779165"},{"taxonomy":"product_tag","embeddable":true,"href":"https:\/\/roveyayinevi.com.tr\/index.php\/wp-json\/wp\/v2\/product_tag?post=779165"}],"curies":[{"name":"wp","href":"https:\/\/api.w.org\/{rel}","templated":true}]}}