{"id":779162,"date":"2025-12-30T10:54:02","date_gmt":"2025-12-30T07:54:02","guid":{"rendered":"https:\/\/roveyayinevi.com.tr\/index.php\/urun\/comlek-aulularia\/"},"modified":"2026-04-16T02:52:37","modified_gmt":"2026-04-15T23:52:37","slug":"comlek-aulularia","status":"publish","type":"product","link":"https:\/\/roveyayinevi.com.tr\/index.php\/urun\/comlek-aulularia\/","title":{"rendered":"\u00c7\u00f6mlek (Aulularia)"},"content":{"rendered":"<p>Latin Komedyas\u0131n\u0131n en \u00f6nemli temsilcisi olan Plautus (\u0130\u00d6.254-184), Antik Yunan Komedyas\u0131 ile Roma g\u00fcld\u00fcr\u00fcs\u00fc Atellan fars\u0131n\u0131 birle\u015ftirerek Antik Roma halk\u0131n\u0131n ya\u015fam\u0131n\u0131, yal\u0131n sahne dili, dolant\u0131 ve kurguyu ustal\u0131kla kullanarak eserlerine aktarm\u0131\u015f ve kendinden sonraki Moliere, Shakespeare gibi b\u00fcy\u00fck ustalar\u0131 etkilemi\u015f bir yazard\u0131r. \u00c7\u00f6mlek, Moliere&#8217;n\u00fcn en \u00fcnl\u00fc eseri Cimri&#8217;ye temellik etmi\u015f bir karakter komedyas\u0131d\u0131r. Oyunda k\u00f6r para tutkusuyla, insan\u0131n mutlulu\u011fu aras\u0131ndaki uyumsuzluk, g\u00fc\u00e7l\u00fc ele\u015ftirel bir bak\u0131\u015fla, esprili bir dil ve e\u011flenceli sahnelerle anlat\u0131l\u0131yor. (Tan\u0131t\u0131m B\u00fclteninden) <\/p>\n","protected":false},"excerpt":{"rendered":"<p>Latin Komedyas\u0131n\u0131n en \u00f6nemli temsilcisi olan Plautus (\u0130\u00d6.254-184), Antik Yunan Komedyas\u0131 ile Roma g\u00fcld\u00fcr\u00fcs\u00fc Atellan fars\u0131n\u0131 birle\u015ftirerek Antik Roma halk\u0131n\u0131n ya\u015fam\u0131n\u0131, yal\u0131n sahne dili, dolant\u0131 ve<span class=\"excerpt-hellip\"> [\u2026]<\/span><\/p>\n","protected":false},"featured_media":0,"template":"","meta":{"_monsterinsights_skip_tracking":false,"_monsterinsights_sitenote_active":false,"_monsterinsights_sitenote_note":"","_monsterinsights_sitenote_category":0},"product_brand":[],"product_cat":[12291,14272],"product_tag":[],"class_list":{"0":"post-779162","1":"product","2":"type-product","3":"status-publish","5":"product_cat-edebiyat","6":"product_cat-tiyatro","7":"pa_cilt-ciltsiz","8":"pa_tur-kitap","9":"pa_yayinevi-mitos-boyut-yayinlari","10":"pa_yazar-maccius-plautus","12":"first","13":"instock","14":"sale","15":"shipping-taxable","16":"purchasable","17":"product-type-simple"},"_links":{"self":[{"href":"https:\/\/roveyayinevi.com.tr\/index.php\/wp-json\/wp\/v2\/product\/779162","targetHints":{"allow":["GET"]}}],"collection":[{"href":"https:\/\/roveyayinevi.com.tr\/index.php\/wp-json\/wp\/v2\/product"}],"about":[{"href":"https:\/\/roveyayinevi.com.tr\/index.php\/wp-json\/wp\/v2\/types\/product"}],"wp:attachment":[{"href":"https:\/\/roveyayinevi.com.tr\/index.php\/wp-json\/wp\/v2\/media?parent=779162"}],"wp:term":[{"taxonomy":"product_brand","embeddable":true,"href":"https:\/\/roveyayinevi.com.tr\/index.php\/wp-json\/wp\/v2\/product_brand?post=779162"},{"taxonomy":"product_cat","embeddable":true,"href":"https:\/\/roveyayinevi.com.tr\/index.php\/wp-json\/wp\/v2\/product_cat?post=779162"},{"taxonomy":"product_tag","embeddable":true,"href":"https:\/\/roveyayinevi.com.tr\/index.php\/wp-json\/wp\/v2\/product_tag?post=779162"}],"curies":[{"name":"wp","href":"https:\/\/api.w.org\/{rel}","templated":true}]}}